{"id":278892,"date":"2026-05-02T11:38:21","date_gmt":"2026-05-02T09:38:21","guid":{"rendered":"https:\/\/www.savethequeen.it\/?post_type=product&#038;p=278892"},"modified":"2026-05-02T11:48:17","modified_gmt":"2026-05-02T09:48:17","slug":"collier-moyen-avec-pendentifs-en-pvc-imprimes-sur-le-theme-des-fruits-copia-copia","status":"publish","type":"product","link":"https:\/\/www.savethequeen.it\/fr\/prodotto\/collier-moyen-avec-pendentifs-en-pvc-imprimes-sur-le-theme-des-fruits-copia-copia\/","title":{"rendered":"Boucles d&rsquo;oreilles en forme de c\u0153ur et bijoux \u00ab\u00a0Texas"},"content":{"rendered":"<p>Boucles d&rsquo;oreilles en forme de c\u0153ur et de petit pendentif inspir\u00e9es de l&rsquo;ambiance \u00ab\u00a0Texas\u00a0\u00bb, l\u00e9g\u00e8res et confortables, parfaites pour donner une touche ironique et distinctive \u00e0 n&rsquo;importe quel look quotidien.<\/p>\n<p>Le design m\u00e9lange des \u00e9l\u00e9ments m\u00e9talliques et des d\u00e9tails d\u00e9coratifs, pour un accessoire qui attire la lumi\u00e8re et encadre le visage avec personnalit\u00e9.<\/p>\n<p>Id\u00e9al pour accompagner aussi bien des tenues d\u00e9contract\u00e9es que des tenues plus f\u00e9minines, pour exprimer un style d\u00e9cisif mais enjou\u00e9.<\/p>\n<p>Cet article est con\u00e7u et fabriqu\u00e9 \u00e0 100 % en Italie.<\/p>\n","protected":false},"excerpt":{"rendered":"<p>Boucles d&rsquo;oreilles en forme de c\u0153ur et de petit pendentif inspir\u00e9es de l&rsquo;ambiance \u00ab\u00a0Texas\u00a0\u00bb, l\u00e9g\u00e8res et confortables, parfaites pour donner<\/p>\n","protected":false},"featured_media":278896,"comment_status":"open","ping_status":"closed","template":"","meta":{"postBodyCss":"","postBodyMargin":[],"postBodyPadding":[],"postBodyBackground":{"backgroundType":"classic","gradient":""},"enableOnePageScrollInPage":false,"onePageScrollCss":"","onePageScrollSpeed":1000,"onePageScrollAnimation":"easeInOutQuad","onePageScrollShowDotNavigation":true,"onePageScrollNavigation":"scaleUp","onePageScrollNavigationPosition":"right","onePageScrollNavigationHorizontal":[],"onePageScrollNavigationVertical":[],"onePageScrollNavigationSpacing":[],"onePageScrollNavigationColor":"#00ff0d","onePageScrollNavigationColorHover":"#00ff0d","onePageScrollNavigationColorActive":"#00ff0d","onePageScrollNavigationIcon":[],"onePageScrollNavigationWidth":[],"onePageScrollNavigationWidthHover":[],"onePageScrollNavigationWidthActive":[],"onePageScrollNavigationHeight":[],"onePageScrollNavigationHeightHover":[],"onePageScrollNavigationHeightActive":[],"onePageScrollNavigationBorder":[],"onePageScrollNavigationBorderHover":[],"onePageScrollNavigationBorderActive":[],"onePageScrollNavigationBorderRadius":[],"onePageScrollNavigationBorderRadiusHover":[],"onePageScrollNavigationBorderRadiusActive":[],"onePageScrollNavigationTooltipTypography":[],"onePageScrollNavigationTooltipColor":"#ffffff","onePageScrollNavigationTooltipColorHover":"","onePageScrollNavigationTooltipBgColor":"#00ff0d","onePageScrollNavigationTooltipBgColorHover":"","onePageScrollNavigationTooltipPadding":[],"onePageScrollNavigationTooltipPaddingHover":[],"onePageScrollNavigationTooltipBorderRadius":[],"onePageScrollNavigationTooltipBorderRadiusHover":[],"pageSettingsCustomCss":""},"product_brand":[358],"product_cat":[262,282,298,301],"product_tag":[],"class_list":{"0":"post-278892","1":"product","2":"type-product","3":"status-publish","4":"has-post-thumbnail","6":"product_brand-sun","7":"product_cat-accessoires-2","8":"product_cat-boucles-doreilles","9":"product_cat-stq","10":"product_cat-sun","12":"first","13":"instock","14":"sale","15":"taxable","16":"shipping-taxable","17":"purchasable","18":"product-type-simple"},"jetpack_sharing_enabled":true,"_links":{"self":[{"href":"https:\/\/www.savethequeen.it\/fr\/wp-json\/wp\/v2\/product\/278892","targetHints":{"allow":["GET"]}}],"collection":[{"href":"https:\/\/www.savethequeen.it\/fr\/wp-json\/wp\/v2\/product"}],"about":[{"href":"https:\/\/www.savethequeen.it\/fr\/wp-json\/wp\/v2\/types\/product"}],"replies":[{"embeddable":true,"href":"https:\/\/www.savethequeen.it\/fr\/wp-json\/wp\/v2\/comments?post=278892"}],"wp:featuredmedia":[{"embeddable":true,"href":"https:\/\/www.savethequeen.it\/fr\/wp-json\/wp\/v2\/media\/278896"}],"wp:attachment":[{"href":"https:\/\/www.savethequeen.it\/fr\/wp-json\/wp\/v2\/media?parent=278892"}],"wp:term":[{"taxonomy":"product_brand","embeddable":true,"href":"https:\/\/www.savethequeen.it\/fr\/wp-json\/wp\/v2\/product_brand?post=278892"},{"taxonomy":"product_cat","embeddable":true,"href":"https:\/\/www.savethequeen.it\/fr\/wp-json\/wp\/v2\/product_cat?post=278892"},{"taxonomy":"product_tag","embeddable":true,"href":"https:\/\/www.savethequeen.it\/fr\/wp-json\/wp\/v2\/product_tag?post=278892"}],"curies":[{"name":"wp","href":"https:\/\/api.w.org\/{rel}","templated":true}]}}