{"id":278885,"date":"2026-05-02T11:35:12","date_gmt":"2026-05-02T09:35:12","guid":{"rendered":"https:\/\/www.savethequeen.it\/?post_type=product&#038;p=278885"},"modified":"2026-05-02T11:48:16","modified_gmt":"2026-05-02T09:48:16","slug":"collier-moyen-avec-pendentifs-en-pvc-imprimes-sur-le-theme-des-fruits-copia-2","status":"publish","type":"product","link":"https:\/\/www.savethequeen.it\/fr\/prodotto\/collier-moyen-avec-pendentifs-en-pvc-imprimes-sur-le-theme-des-fruits-copia-2\/","title":{"rendered":"Collier \u00ab\u00a0Texas\u00a0\u00bb \u00e0 2 brins avec pendentifs"},"content":{"rendered":"<p>Collier \u00e0 2 brins avec pendentifs et accessoires inspir\u00e9s de l&rsquo;univers du \u00ab\u00a0Texas\u00a0\u00bb : camperos, chapeaux, vaches&#8230; motifs western et d\u00e9tails m\u00e9talliques.<\/p>\n<p>Les bordures argent\u00e9es illuminent le cou et donnent une touche grin\u00e7ante et contemporaine \u00e0 vos t-shirts et tenues pr\u00e9f\u00e9r\u00e9s.<\/p>\n<p>Un accessoire con\u00e7u pour ceux qui aiment jouer avec le style et r\u00e9interpr\u00e9ter l&rsquo;inspiration du Far West dans une touche urbaine.<\/p>\n<p>Cet article a \u00e9t\u00e9 con\u00e7u et produit \u00e0 100% en Italie.<\/p>\n","protected":false},"excerpt":{"rendered":"<p>Collier \u00e0 2 brins avec pendentifs et accessoires inspir\u00e9s de l&rsquo;univers du \u00ab\u00a0Texas\u00a0\u00bb : camperos, chapeaux, vaches&#8230; motifs western et<\/p>\n","protected":false},"featured_media":278889,"comment_status":"open","ping_status":"closed","template":"","meta":{"postBodyCss":"","postBodyMargin":[],"postBodyPadding":[],"postBodyBackground":{"backgroundType":"classic","gradient":""},"enableOnePageScrollInPage":false,"onePageScrollCss":"","onePageScrollSpeed":1000,"onePageScrollAnimation":"easeInOutQuad","onePageScrollShowDotNavigation":true,"onePageScrollNavigation":"scaleUp","onePageScrollNavigationPosition":"right","onePageScrollNavigationHorizontal":[],"onePageScrollNavigationVertical":[],"onePageScrollNavigationSpacing":[],"onePageScrollNavigationColor":"#00ff0d","onePageScrollNavigationColorHover":"#00ff0d","onePageScrollNavigationColorActive":"#00ff0d","onePageScrollNavigationIcon":[],"onePageScrollNavigationWidth":[],"onePageScrollNavigationWidthHover":[],"onePageScrollNavigationWidthActive":[],"onePageScrollNavigationHeight":[],"onePageScrollNavigationHeightHover":[],"onePageScrollNavigationHeightActive":[],"onePageScrollNavigationBorder":[],"onePageScrollNavigationBorderHover":[],"onePageScrollNavigationBorderActive":[],"onePageScrollNavigationBorderRadius":[],"onePageScrollNavigationBorderRadiusHover":[],"onePageScrollNavigationBorderRadiusActive":[],"onePageScrollNavigationTooltipTypography":[],"onePageScrollNavigationTooltipColor":"#ffffff","onePageScrollNavigationTooltipColorHover":"","onePageScrollNavigationTooltipBgColor":"#00ff0d","onePageScrollNavigationTooltipBgColorHover":"","onePageScrollNavigationTooltipPadding":[],"onePageScrollNavigationTooltipPaddingHover":[],"onePageScrollNavigationTooltipBorderRadius":[],"onePageScrollNavigationTooltipBorderRadiusHover":[],"pageSettingsCustomCss":""},"product_brand":[358],"product_cat":[262,276,298,301],"product_tag":[],"class_list":{"0":"post-278885","1":"product","2":"type-product","3":"status-publish","4":"has-post-thumbnail","6":"product_brand-sun","7":"product_cat-accessoires-2","8":"product_cat-colliers","9":"product_cat-stq","10":"product_cat-sun","12":"first","13":"instock","14":"sale","15":"taxable","16":"shipping-taxable","17":"purchasable","18":"product-type-simple"},"jetpack_sharing_enabled":true,"_links":{"self":[{"href":"https:\/\/www.savethequeen.it\/fr\/wp-json\/wp\/v2\/product\/278885","targetHints":{"allow":["GET"]}}],"collection":[{"href":"https:\/\/www.savethequeen.it\/fr\/wp-json\/wp\/v2\/product"}],"about":[{"href":"https:\/\/www.savethequeen.it\/fr\/wp-json\/wp\/v2\/types\/product"}],"replies":[{"embeddable":true,"href":"https:\/\/www.savethequeen.it\/fr\/wp-json\/wp\/v2\/comments?post=278885"}],"wp:featuredmedia":[{"embeddable":true,"href":"https:\/\/www.savethequeen.it\/fr\/wp-json\/wp\/v2\/media\/278889"}],"wp:attachment":[{"href":"https:\/\/www.savethequeen.it\/fr\/wp-json\/wp\/v2\/media?parent=278885"}],"wp:term":[{"taxonomy":"product_brand","embeddable":true,"href":"https:\/\/www.savethequeen.it\/fr\/wp-json\/wp\/v2\/product_brand?post=278885"},{"taxonomy":"product_cat","embeddable":true,"href":"https:\/\/www.savethequeen.it\/fr\/wp-json\/wp\/v2\/product_cat?post=278885"},{"taxonomy":"product_tag","embeddable":true,"href":"https:\/\/www.savethequeen.it\/fr\/wp-json\/wp\/v2\/product_tag?post=278885"}],"curies":[{"name":"wp","href":"https:\/\/api.w.org\/{rel}","templated":true}]}}