{"id":278325,"date":"2026-04-22T15:33:14","date_gmt":"2026-04-22T13:33:14","guid":{"rendered":"https:\/\/www.savethequeen.it\/?post_type=product&#038;p=278325"},"modified":"2026-04-23T23:33:39","modified_gmt":"2026-04-23T21:33:39","slug":"robe-longue-en-jersey-extensible-a-imprime-rose-et-camouflage-copia","status":"publish","type":"product","link":"https:\/\/www.savethequeen.it\/fr\/prodotto\/robe-longue-en-jersey-extensible-a-imprime-rose-et-camouflage-copia\/","title":{"rendered":"Robe longue en jersey et tulle \u00ab\u00a0Perroquets et fruits"},"content":{"rendered":"<p>Robe longue en jersey et tulle stretch avec bretelles et dos crois\u00e9.<\/p>\n<p>L\u2019imprim\u00e9 dans des tons gris et bleus s\u2019inspire des perroquets et des fruits, pour un effet sophistiqu\u00e9 mais ludique.<\/p>\n<p>Le m\u00e9lange de tissus cr\u00e9e du mouvement sur le bas et accompagne la silhouette avec \u00e9l\u00e9gance, id\u00e9al pour les c\u00e9r\u00e9monies ou les soir\u00e9es sp\u00e9ciales.<\/p>\n<p>&nbsp;<\/p>\n<p>Cet article a \u00e9t\u00e9 con\u00e7u et fabriqu\u00e9 \u00e0 100% en Italie.<\/p>\n","protected":false},"excerpt":{"rendered":"<p>Robe longue en jersey et tulle stretch avec bretelles et dos crois\u00e9. L\u2019imprim\u00e9 dans des tons gris et bleus s\u2019inspire<\/p>\n","protected":false},"featured_media":278668,"comment_status":"open","ping_status":"closed","template":"","meta":{"postBodyCss":"","postBodyMargin":[],"postBodyPadding":[],"postBodyBackground":{"backgroundType":"classic","gradient":""},"enableOnePageScrollInPage":false,"onePageScrollCss":"","onePageScrollSpeed":1000,"onePageScrollAnimation":"easeInOutQuad","onePageScrollShowDotNavigation":true,"onePageScrollNavigation":"scaleUp","onePageScrollNavigationPosition":"right","onePageScrollNavigationHorizontal":[],"onePageScrollNavigationVertical":[],"onePageScrollNavigationSpacing":[],"onePageScrollNavigationColor":"#00ff0d","onePageScrollNavigationColorHover":"#00ff0d","onePageScrollNavigationColorActive":"#00ff0d","onePageScrollNavigationIcon":[],"onePageScrollNavigationWidth":[],"onePageScrollNavigationWidthHover":[],"onePageScrollNavigationWidthActive":[],"onePageScrollNavigationHeight":[],"onePageScrollNavigationHeightHover":[],"onePageScrollNavigationHeightActive":[],"onePageScrollNavigationBorder":[],"onePageScrollNavigationBorderHover":[],"onePageScrollNavigationBorderActive":[],"onePageScrollNavigationBorderRadius":[],"onePageScrollNavigationBorderRadiusHover":[],"onePageScrollNavigationBorderRadiusActive":[],"onePageScrollNavigationTooltipTypography":[],"onePageScrollNavigationTooltipColor":"#ffffff","onePageScrollNavigationTooltipColorHover":"","onePageScrollNavigationTooltipBgColor":"#00ff0d","onePageScrollNavigationTooltipBgColorHover":"","onePageScrollNavigationTooltipPadding":[],"onePageScrollNavigationTooltipPaddingHover":[],"onePageScrollNavigationTooltipBorderRadius":[],"onePageScrollNavigationTooltipBorderRadiusHover":[],"pageSettingsCustomCss":""},"product_brand":[358],"product_cat":[293,301,233],"product_tag":[],"class_list":{"0":"post-278325","1":"product","2":"type-product","3":"status-publish","4":"has-post-thumbnail","6":"product_brand-sun","7":"product_cat-new-in","8":"product_cat-sun","9":"product_cat-vetements","10":"pa_vestibilita-regular","12":"first","13":"instock","14":"sale","15":"taxable","16":"shipping-taxable","17":"purchasable","18":"product-type-variable"},"jetpack_sharing_enabled":true,"_links":{"self":[{"href":"https:\/\/www.savethequeen.it\/fr\/wp-json\/wp\/v2\/product\/278325","targetHints":{"allow":["GET"]}}],"collection":[{"href":"https:\/\/www.savethequeen.it\/fr\/wp-json\/wp\/v2\/product"}],"about":[{"href":"https:\/\/www.savethequeen.it\/fr\/wp-json\/wp\/v2\/types\/product"}],"replies":[{"embeddable":true,"href":"https:\/\/www.savethequeen.it\/fr\/wp-json\/wp\/v2\/comments?post=278325"}],"wp:featuredmedia":[{"embeddable":true,"href":"https:\/\/www.savethequeen.it\/fr\/wp-json\/wp\/v2\/media\/278668"}],"wp:attachment":[{"href":"https:\/\/www.savethequeen.it\/fr\/wp-json\/wp\/v2\/media?parent=278325"}],"wp:term":[{"taxonomy":"product_brand","embeddable":true,"href":"https:\/\/www.savethequeen.it\/fr\/wp-json\/wp\/v2\/product_brand?post=278325"},{"taxonomy":"product_cat","embeddable":true,"href":"https:\/\/www.savethequeen.it\/fr\/wp-json\/wp\/v2\/product_cat?post=278325"},{"taxonomy":"product_tag","embeddable":true,"href":"https:\/\/www.savethequeen.it\/fr\/wp-json\/wp\/v2\/product_tag?post=278325"}],"curies":[{"name":"wp","href":"https:\/\/api.w.org\/{rel}","templated":true}]}}