{"id":278021,"date":"2026-04-08T10:16:08","date_gmt":"2026-04-08T08:16:08","guid":{"rendered":"https:\/\/www.savethequeen.it\/?post_type=product&#038;p=278021"},"modified":"2026-04-08T22:31:17","modified_gmt":"2026-04-08T20:31:17","slug":"t-shirt-en-viscose-avec-imprime-foulard-copia","status":"publish","type":"product","link":"https:\/\/www.savethequeen.it\/fr\/prodotto\/t-shirt-en-viscose-avec-imprime-foulard-copia\/","title":{"rendered":"T-shirt large avec impression de fruits sur de la dentelle"},"content":{"rendered":"<p>Grand tee-shirt en viscose l\u00e9g\u00e8rement stretch \u00e0 manches kimono, agr\u00e9ment\u00e9 d&rsquo;une magnifique dentelle qui conf\u00e8re au mod\u00e8le une allure raffin\u00e9e et f\u00e9minine. L&rsquo;imprim\u00e9 sur le th\u00e8me des fruits reprend les tons fuchsia, vert acide, jaune et orange pour un effet vivant et distinctif. <\/p>\n<p>&nbsp;<\/p>\n<p>Cet article a \u00e9t\u00e9 con\u00e7u et est fabriqu\u00e9 \u00e0 100 % en Italie.<\/p>\n","protected":false},"excerpt":{"rendered":"<p>Grand tee-shirt en viscose l\u00e9g\u00e8rement stretch \u00e0 manches kimono, agr\u00e9ment\u00e9 d&rsquo;une magnifique dentelle qui conf\u00e8re au mod\u00e8le une allure raffin\u00e9e<\/p>\n","protected":false},"featured_media":278030,"comment_status":"open","ping_status":"closed","template":"","meta":[],"product_brand":[358],"product_cat":[256,301],"product_tag":[],"class_list":{"0":"post-278021","1":"product","2":"type-product","3":"status-publish","4":"has-post-thumbnail","6":"product_brand-sun","7":"product_cat-hauts-et-t-shirts","8":"product_cat-sun","9":"pa_vestibilita-regular","11":"first","12":"instock","13":"sale","14":"taxable","15":"shipping-taxable","16":"purchasable","17":"product-type-variable"},"jetpack_sharing_enabled":true,"_links":{"self":[{"href":"https:\/\/www.savethequeen.it\/fr\/wp-json\/wp\/v2\/product\/278021","targetHints":{"allow":["GET"]}}],"collection":[{"href":"https:\/\/www.savethequeen.it\/fr\/wp-json\/wp\/v2\/product"}],"about":[{"href":"https:\/\/www.savethequeen.it\/fr\/wp-json\/wp\/v2\/types\/product"}],"replies":[{"embeddable":true,"href":"https:\/\/www.savethequeen.it\/fr\/wp-json\/wp\/v2\/comments?post=278021"}],"wp:featuredmedia":[{"embeddable":true,"href":"https:\/\/www.savethequeen.it\/fr\/wp-json\/wp\/v2\/media\/278030"}],"wp:attachment":[{"href":"https:\/\/www.savethequeen.it\/fr\/wp-json\/wp\/v2\/media?parent=278021"}],"wp:term":[{"taxonomy":"product_brand","embeddable":true,"href":"https:\/\/www.savethequeen.it\/fr\/wp-json\/wp\/v2\/product_brand?post=278021"},{"taxonomy":"product_cat","embeddable":true,"href":"https:\/\/www.savethequeen.it\/fr\/wp-json\/wp\/v2\/product_cat?post=278021"},{"taxonomy":"product_tag","embeddable":true,"href":"https:\/\/www.savethequeen.it\/fr\/wp-json\/wp\/v2\/product_tag?post=278021"}],"curies":[{"name":"wp","href":"https:\/\/api.w.org\/{rel}","templated":true}]}}