{"id":277997,"date":"2026-04-08T10:10:20","date_gmt":"2026-04-08T08:10:20","guid":{"rendered":"https:\/\/www.savethequeen.it\/?post_type=product&#038;p=277997"},"modified":"2026-04-08T22:31:18","modified_gmt":"2026-04-08T20:31:18","slug":"robe-courte-en-jersey-stretch-avec-volants-et-imprime-foulard-copia-4","status":"publish","type":"product","link":"https:\/\/www.savethequeen.it\/fr\/prodotto\/robe-courte-en-jersey-stretch-avec-volants-et-imprime-foulard-copia-4\/","title":{"rendered":"Robe en viscose georgette \u00e0 imprim\u00e9 floral"},"content":{"rendered":"<p>Robe en georgette de viscose \u00e0 larges manches kimono, pr\u00e9sentant un imprim\u00e9 vivant de fleurs et de fruits dans des tons fuchsia, vert acide, jaune et orange. La fluidit\u00e9 de la ligne et la l\u00e9g\u00e8ret\u00e9 du tissu accentuent le mouvement du v\u00eatement avec \u00e9l\u00e9gance. <\/p>\n<p>&nbsp;<\/p>\n<p>Cet article a \u00e9t\u00e9 con\u00e7u et est fabriqu\u00e9 \u00e0 100 % en Italie.<\/p>\n","protected":false},"excerpt":{"rendered":"<p>Robe en georgette de viscose \u00e0 larges manches kimono, pr\u00e9sentant un imprim\u00e9 vivant de fleurs et de fruits dans des<\/p>\n","protected":false},"featured_media":278016,"comment_status":"open","ping_status":"closed","template":"","meta":[],"product_brand":[358],"product_cat":[293,301,233],"product_tag":[],"class_list":{"0":"post-277997","1":"product","2":"type-product","3":"status-publish","4":"has-post-thumbnail","6":"product_brand-sun","7":"product_cat-new-in","8":"product_cat-sun","9":"product_cat-vetements","10":"pa_vestibilita-regular","12":"first","13":"instock","14":"sale","15":"taxable","16":"shipping-taxable","17":"purchasable","18":"product-type-variable"},"jetpack_sharing_enabled":true,"_links":{"self":[{"href":"https:\/\/www.savethequeen.it\/fr\/wp-json\/wp\/v2\/product\/277997","targetHints":{"allow":["GET"]}}],"collection":[{"href":"https:\/\/www.savethequeen.it\/fr\/wp-json\/wp\/v2\/product"}],"about":[{"href":"https:\/\/www.savethequeen.it\/fr\/wp-json\/wp\/v2\/types\/product"}],"replies":[{"embeddable":true,"href":"https:\/\/www.savethequeen.it\/fr\/wp-json\/wp\/v2\/comments?post=277997"}],"wp:featuredmedia":[{"embeddable":true,"href":"https:\/\/www.savethequeen.it\/fr\/wp-json\/wp\/v2\/media\/278016"}],"wp:attachment":[{"href":"https:\/\/www.savethequeen.it\/fr\/wp-json\/wp\/v2\/media?parent=277997"}],"wp:term":[{"taxonomy":"product_brand","embeddable":true,"href":"https:\/\/www.savethequeen.it\/fr\/wp-json\/wp\/v2\/product_brand?post=277997"},{"taxonomy":"product_cat","embeddable":true,"href":"https:\/\/www.savethequeen.it\/fr\/wp-json\/wp\/v2\/product_cat?post=277997"},{"taxonomy":"product_tag","embeddable":true,"href":"https:\/\/www.savethequeen.it\/fr\/wp-json\/wp\/v2\/product_tag?post=277997"}],"curies":[{"name":"wp","href":"https:\/\/api.w.org\/{rel}","templated":true}]}}