{"id":277943,"date":"2026-04-08T10:04:05","date_gmt":"2026-04-08T08:04:05","guid":{"rendered":"https:\/\/www.savethequeen.it\/?post_type=product&#038;p=277943"},"modified":"2026-04-08T22:31:20","modified_gmt":"2026-04-08T20:31:20","slug":"robe-courte-en-jersey-stretch-avec-volants-et-imprime-foulard-copia-2","status":"publish","type":"product","link":"https:\/\/www.savethequeen.it\/fr\/prodotto\/robe-courte-en-jersey-stretch-avec-volants-et-imprime-foulard-copia-2\/","title":{"rendered":"Robe longue imprim\u00e9e"},"content":{"rendered":"<p>Robe longue imprim\u00e9e d&rsquo;un motif exclusif Save The Queen ! dans les tons fuchsia, jaune, blanc et noir. Sans manches avec de larges bretelles. Large encolure sur le devant et dans le dos. Dentelle orange sur la poitrine.   <\/p>\n<p>Ce v\u00eatement est con\u00e7u et fabriqu\u00e9 \u00e0 100 % en Italie.<\/p>\n","protected":false},"excerpt":{"rendered":"<p>Robe longue imprim\u00e9e d&rsquo;un motif exclusif Save The Queen ! dans les tons fuchsia, jaune, blanc et noir. Sans manches<\/p>\n","protected":false},"featured_media":277957,"comment_status":"open","ping_status":"closed","template":"","meta":[],"product_brand":[358],"product_cat":[293,301,233],"product_tag":[],"class_list":{"0":"post-277943","1":"product","2":"type-product","3":"status-publish","4":"has-post-thumbnail","6":"product_brand-sun","7":"product_cat-new-in","8":"product_cat-sun","9":"product_cat-vetements","10":"pa_vestibilita-regular","12":"first","13":"instock","14":"sale","15":"taxable","16":"shipping-taxable","17":"purchasable","18":"product-type-variable"},"jetpack_sharing_enabled":true,"_links":{"self":[{"href":"https:\/\/www.savethequeen.it\/fr\/wp-json\/wp\/v2\/product\/277943","targetHints":{"allow":["GET"]}}],"collection":[{"href":"https:\/\/www.savethequeen.it\/fr\/wp-json\/wp\/v2\/product"}],"about":[{"href":"https:\/\/www.savethequeen.it\/fr\/wp-json\/wp\/v2\/types\/product"}],"replies":[{"embeddable":true,"href":"https:\/\/www.savethequeen.it\/fr\/wp-json\/wp\/v2\/comments?post=277943"}],"wp:featuredmedia":[{"embeddable":true,"href":"https:\/\/www.savethequeen.it\/fr\/wp-json\/wp\/v2\/media\/277957"}],"wp:attachment":[{"href":"https:\/\/www.savethequeen.it\/fr\/wp-json\/wp\/v2\/media?parent=277943"}],"wp:term":[{"taxonomy":"product_brand","embeddable":true,"href":"https:\/\/www.savethequeen.it\/fr\/wp-json\/wp\/v2\/product_brand?post=277943"},{"taxonomy":"product_cat","embeddable":true,"href":"https:\/\/www.savethequeen.it\/fr\/wp-json\/wp\/v2\/product_cat?post=277943"},{"taxonomy":"product_tag","embeddable":true,"href":"https:\/\/www.savethequeen.it\/fr\/wp-json\/wp\/v2\/product_tag?post=277943"}],"curies":[{"name":"wp","href":"https:\/\/api.w.org\/{rel}","templated":true}]}}