{"id":277921,"date":"2026-04-08T09:59:35","date_gmt":"2026-04-08T07:59:35","guid":{"rendered":"https:\/\/www.savethequeen.it\/?post_type=product&#038;p=277921"},"modified":"2026-04-08T22:31:18","modified_gmt":"2026-04-08T20:31:18","slug":"robe-courte-en-jersey-stretch-avec-volants-et-imprime-foulard-copia-copia","status":"publish","type":"product","link":"https:\/\/www.savethequeen.it\/fr\/prodotto\/robe-courte-en-jersey-stretch-avec-volants-et-imprime-foulard-copia-copia\/","title":{"rendered":"Robe longue en jersey extensible \u00e0 imprim\u00e9 floral"},"content":{"rendered":"<p>Une robe longue en jersey extensible avec un panneau imprim\u00e9 floral, con\u00e7ue pour suivre \u00e9l\u00e9gamment les lignes du corps. L&rsquo;encolure au bas du dos, bord\u00e9e de dentelle extensible, ajoute un d\u00e9tail s\u00e9duisant et raffin\u00e9. <\/p>\n<p>&nbsp;<\/p>\n<p>Cet article a \u00e9t\u00e9 con\u00e7u et est fabriqu\u00e9 \u00e0 100 % en Italie.<\/p>\n","protected":false},"excerpt":{"rendered":"<p>Une robe longue en jersey extensible avec un panneau imprim\u00e9 floral, con\u00e7ue pour suivre \u00e9l\u00e9gamment les lignes du corps. L&rsquo;encolure<\/p>\n","protected":false},"featured_media":277930,"comment_status":"open","ping_status":"closed","template":"","meta":[],"product_brand":[358],"product_cat":[293,301,233],"product_tag":[],"class_list":{"0":"post-277921","1":"product","2":"type-product","3":"status-publish","4":"has-post-thumbnail","6":"product_brand-sun","7":"product_cat-new-in","8":"product_cat-sun","9":"product_cat-vetements","10":"pa_vestibilita-regular","12":"first","13":"instock","14":"sale","15":"taxable","16":"shipping-taxable","17":"purchasable","18":"product-type-variable"},"jetpack_sharing_enabled":true,"_links":{"self":[{"href":"https:\/\/www.savethequeen.it\/fr\/wp-json\/wp\/v2\/product\/277921","targetHints":{"allow":["GET"]}}],"collection":[{"href":"https:\/\/www.savethequeen.it\/fr\/wp-json\/wp\/v2\/product"}],"about":[{"href":"https:\/\/www.savethequeen.it\/fr\/wp-json\/wp\/v2\/types\/product"}],"replies":[{"embeddable":true,"href":"https:\/\/www.savethequeen.it\/fr\/wp-json\/wp\/v2\/comments?post=277921"}],"wp:featuredmedia":[{"embeddable":true,"href":"https:\/\/www.savethequeen.it\/fr\/wp-json\/wp\/v2\/media\/277930"}],"wp:attachment":[{"href":"https:\/\/www.savethequeen.it\/fr\/wp-json\/wp\/v2\/media?parent=277921"}],"wp:term":[{"taxonomy":"product_brand","embeddable":true,"href":"https:\/\/www.savethequeen.it\/fr\/wp-json\/wp\/v2\/product_brand?post=277921"},{"taxonomy":"product_cat","embeddable":true,"href":"https:\/\/www.savethequeen.it\/fr\/wp-json\/wp\/v2\/product_cat?post=277921"},{"taxonomy":"product_tag","embeddable":true,"href":"https:\/\/www.savethequeen.it\/fr\/wp-json\/wp\/v2\/product_tag?post=277921"}],"curies":[{"name":"wp","href":"https:\/\/api.w.org\/{rel}","templated":true}]}}