{"id":277863,"date":"2026-04-07T17:29:22","date_gmt":"2026-04-07T15:29:22","guid":{"rendered":"https:\/\/www.savethequeen.it\/?post_type=product&#038;p=277863"},"modified":"2026-04-07T17:35:37","modified_gmt":"2026-04-07T15:35:37","slug":"robe-courte-en-soie-avec-imprime-exclusif-copia","status":"publish","type":"product","link":"https:\/\/www.savethequeen.it\/fr\/prodotto\/robe-courte-en-soie-avec-imprime-exclusif-copia\/","title":{"rendered":"T-shirt en viscose avec imprim\u00e9 foulard"},"content":{"rendered":"<p>T-shirt de type blouse en georgette de viscose l\u00e9g\u00e8re avec un imprim\u00e9 effet foulard dans les tons fuchsia, jaune et vert acide, \u00e0 l&rsquo;allure harmonieuse et f\u00e9minine. Sa coupe souple le rend parfait pour compl\u00e9ter les looks de tous les jours ou du soir avec une touche de couleur audacieuse. <\/p>\n<p>&nbsp;<\/p>\n<p>Cet article a \u00e9t\u00e9 con\u00e7u et est fabriqu\u00e9 \u00e0 100 % en Italie.<\/p>\n","protected":false},"excerpt":{"rendered":"<p>T-shirt de type blouse en georgette de viscose l\u00e9g\u00e8re avec un imprim\u00e9 effet foulard dans les tons fuchsia, jaune et<\/p>\n","protected":false},"featured_media":277873,"comment_status":"open","ping_status":"closed","template":"","meta":[],"product_brand":[358],"product_cat":[256,301],"product_tag":[],"class_list":{"0":"post-277863","1":"product","2":"type-product","3":"status-publish","4":"has-post-thumbnail","6":"product_brand-sun","7":"product_cat-hauts-et-t-shirts","8":"product_cat-sun","9":"pa_vestibilita-regular","11":"first","12":"instock","13":"sale","14":"taxable","15":"shipping-taxable","16":"purchasable","17":"product-type-variable"},"jetpack_sharing_enabled":true,"_links":{"self":[{"href":"https:\/\/www.savethequeen.it\/fr\/wp-json\/wp\/v2\/product\/277863","targetHints":{"allow":["GET"]}}],"collection":[{"href":"https:\/\/www.savethequeen.it\/fr\/wp-json\/wp\/v2\/product"}],"about":[{"href":"https:\/\/www.savethequeen.it\/fr\/wp-json\/wp\/v2\/types\/product"}],"replies":[{"embeddable":true,"href":"https:\/\/www.savethequeen.it\/fr\/wp-json\/wp\/v2\/comments?post=277863"}],"wp:featuredmedia":[{"embeddable":true,"href":"https:\/\/www.savethequeen.it\/fr\/wp-json\/wp\/v2\/media\/277873"}],"wp:attachment":[{"href":"https:\/\/www.savethequeen.it\/fr\/wp-json\/wp\/v2\/media?parent=277863"}],"wp:term":[{"taxonomy":"product_brand","embeddable":true,"href":"https:\/\/www.savethequeen.it\/fr\/wp-json\/wp\/v2\/product_brand?post=277863"},{"taxonomy":"product_cat","embeddable":true,"href":"https:\/\/www.savethequeen.it\/fr\/wp-json\/wp\/v2\/product_cat?post=277863"},{"taxonomy":"product_tag","embeddable":true,"href":"https:\/\/www.savethequeen.it\/fr\/wp-json\/wp\/v2\/product_tag?post=277863"}],"curies":[{"name":"wp","href":"https:\/\/api.w.org\/{rel}","templated":true}]}}