{"id":277839,"date":"2026-04-07T17:22:47","date_gmt":"2026-04-07T15:22:47","guid":{"rendered":"https:\/\/www.savethequeen.it\/?post_type=product&#038;p=277839"},"modified":"2026-04-07T17:35:38","modified_gmt":"2026-04-07T15:35:38","slug":"pantalon-a-imprime-gris-et-bleu-en-tissu-extensible-copia","status":"publish","type":"product","link":"https:\/\/www.savethequeen.it\/fr\/prodotto\/pantalon-a-imprime-gris-et-bleu-en-tissu-extensible-copia\/","title":{"rendered":"Pantalon en jersey extensible avec imprim\u00e9 foulard"},"content":{"rendered":"<p>Pantalon en jersey extensible avec cordon de serrage \u00e0 la taille et imprim\u00e9 floral de type foulard, dans les tons fuchsia, vert acide, jaune et orange. Le bas est termin\u00e9 par des fentes pour une touche dynamique et f\u00e9minine, id\u00e9ale pour l&rsquo;associer \u00e0 des tops assortis. <\/p>\n<p>&nbsp;<\/p>\n<p>Cet article a \u00e9t\u00e9 con\u00e7u et est fabriqu\u00e9 \u00e0 100 % en Italie.<\/p>\n","protected":false},"excerpt":{"rendered":"<p>Pantalon en jersey extensible avec cordon de serrage \u00e0 la taille et imprim\u00e9 floral de type foulard, dans les tons<\/p>\n","protected":false},"featured_media":277854,"comment_status":"open","ping_status":"closed","template":"","meta":[],"product_brand":[358],"product_cat":[247,301],"product_tag":[],"class_list":{"0":"post-277839","1":"product","2":"type-product","3":"status-publish","4":"has-post-thumbnail","6":"product_brand-sun","7":"product_cat-jeans-et-pantalons","8":"product_cat-sun","9":"pa_vestibilita-regular","11":"first","12":"instock","13":"sale","14":"taxable","15":"shipping-taxable","16":"purchasable","17":"product-type-variable"},"jetpack_sharing_enabled":true,"_links":{"self":[{"href":"https:\/\/www.savethequeen.it\/fr\/wp-json\/wp\/v2\/product\/277839","targetHints":{"allow":["GET"]}}],"collection":[{"href":"https:\/\/www.savethequeen.it\/fr\/wp-json\/wp\/v2\/product"}],"about":[{"href":"https:\/\/www.savethequeen.it\/fr\/wp-json\/wp\/v2\/types\/product"}],"replies":[{"embeddable":true,"href":"https:\/\/www.savethequeen.it\/fr\/wp-json\/wp\/v2\/comments?post=277839"}],"wp:featuredmedia":[{"embeddable":true,"href":"https:\/\/www.savethequeen.it\/fr\/wp-json\/wp\/v2\/media\/277854"}],"wp:attachment":[{"href":"https:\/\/www.savethequeen.it\/fr\/wp-json\/wp\/v2\/media?parent=277839"}],"wp:term":[{"taxonomy":"product_brand","embeddable":true,"href":"https:\/\/www.savethequeen.it\/fr\/wp-json\/wp\/v2\/product_brand?post=277839"},{"taxonomy":"product_cat","embeddable":true,"href":"https:\/\/www.savethequeen.it\/fr\/wp-json\/wp\/v2\/product_cat?post=277839"},{"taxonomy":"product_tag","embeddable":true,"href":"https:\/\/www.savethequeen.it\/fr\/wp-json\/wp\/v2\/product_tag?post=277839"}],"curies":[{"name":"wp","href":"https:\/\/api.w.org\/{rel}","templated":true}]}}