{"id":277817,"date":"2026-04-07T17:18:41","date_gmt":"2026-04-07T15:18:41","guid":{"rendered":"https:\/\/www.savethequeen.it\/?post_type=product&#038;p=277817"},"modified":"2026-04-07T17:35:37","modified_gmt":"2026-04-07T15:35:37","slug":"robe-longue-a-motifs-geometriques-et-floraux-copia-2","status":"publish","type":"product","link":"https:\/\/www.savethequeen.it\/fr\/prodotto\/robe-longue-a-motifs-geometriques-et-floraux-copia-2\/","title":{"rendered":"Robe longue en tulle extensible avec imprim\u00e9 foulard"},"content":{"rendered":"<p>Robe longue en tulle extensible avec volant dans le bas, agr\u00e9ment\u00e9e d&rsquo;un imprim\u00e9 en forme de foulard qui rend la robe tr\u00e8s exclusive. L&rsquo;imprim\u00e9 floral joue sur les m\u00eames tons que la s\u00e9rie &#8211; fuchsia, vert acide, jaune et orange &#8211; pour un effet de couleur harmonieux et sc\u00e9nique. <\/p>\n<p>&nbsp;<\/p>\n<p>Cet article a \u00e9t\u00e9 con\u00e7u et est fabriqu\u00e9 \u00e0 100 % en Italie.<\/p>\n","protected":false},"excerpt":{"rendered":"<p>Robe longue en tulle extensible avec volant dans le bas, agr\u00e9ment\u00e9e d&rsquo;un imprim\u00e9 en forme de foulard qui rend la<\/p>\n","protected":false},"featured_media":278077,"comment_status":"open","ping_status":"closed","template":"","meta":[],"product_brand":[358],"product_cat":[293,301,233],"product_tag":[],"class_list":{"0":"post-277817","1":"product","2":"type-product","3":"status-publish","4":"has-post-thumbnail","6":"product_brand-sun","7":"product_cat-new-in","8":"product_cat-sun","9":"product_cat-vetements","10":"pa_vestibilita-regular","12":"first","13":"instock","14":"sale","15":"taxable","16":"shipping-taxable","17":"purchasable","18":"product-type-variable"},"jetpack_sharing_enabled":true,"_links":{"self":[{"href":"https:\/\/www.savethequeen.it\/fr\/wp-json\/wp\/v2\/product\/277817","targetHints":{"allow":["GET"]}}],"collection":[{"href":"https:\/\/www.savethequeen.it\/fr\/wp-json\/wp\/v2\/product"}],"about":[{"href":"https:\/\/www.savethequeen.it\/fr\/wp-json\/wp\/v2\/types\/product"}],"replies":[{"embeddable":true,"href":"https:\/\/www.savethequeen.it\/fr\/wp-json\/wp\/v2\/comments?post=277817"}],"wp:featuredmedia":[{"embeddable":true,"href":"https:\/\/www.savethequeen.it\/fr\/wp-json\/wp\/v2\/media\/278077"}],"wp:attachment":[{"href":"https:\/\/www.savethequeen.it\/fr\/wp-json\/wp\/v2\/media?parent=277817"}],"wp:term":[{"taxonomy":"product_brand","embeddable":true,"href":"https:\/\/www.savethequeen.it\/fr\/wp-json\/wp\/v2\/product_brand?post=277817"},{"taxonomy":"product_cat","embeddable":true,"href":"https:\/\/www.savethequeen.it\/fr\/wp-json\/wp\/v2\/product_cat?post=277817"},{"taxonomy":"product_tag","embeddable":true,"href":"https:\/\/www.savethequeen.it\/fr\/wp-json\/wp\/v2\/product_tag?post=277817"}],"curies":[{"name":"wp","href":"https:\/\/api.w.org\/{rel}","templated":true}]}}