{"id":277793,"date":"2026-04-07T17:13:07","date_gmt":"2026-04-07T15:13:07","guid":{"rendered":"https:\/\/www.savethequeen.it\/?post_type=product&#038;p=277793"},"modified":"2026-04-07T17:35:36","modified_gmt":"2026-04-07T15:35:36","slug":"robe-longue-a-motifs-geometriques-et-floraux-copia","status":"publish","type":"product","link":"https:\/\/www.savethequeen.it\/fr\/prodotto\/robe-longue-a-motifs-geometriques-et-floraux-copia\/","title":{"rendered":"Robe courte en jersey stretch avec volants et imprim\u00e9 foulard"},"content":{"rendered":"<p>Robe courte en jersey extensible avec des volants au bas en tulle fuchsia. Le motif de foulard, avec un th\u00e8me floral, fait \u00e9cho aux couleurs vives du v\u00eatement : fuchsia, vert acide, jaune et orange, pour un look dramatique et f\u00e9minin. <\/p>\n<p>&nbsp;<\/p>\n<p>Cet article a \u00e9t\u00e9 con\u00e7u et est fabriqu\u00e9 \u00e0 100 % en Italie.<\/p>\n","protected":false},"excerpt":{"rendered":"<p>Robe courte en jersey extensible avec des volants au bas en tulle fuchsia. Le motif de foulard, avec un th\u00e8me<\/p>\n","protected":false},"featured_media":277810,"comment_status":"open","ping_status":"closed","template":"","meta":[],"product_brand":[358],"product_cat":[293,301,233],"product_tag":[],"class_list":{"0":"post-277793","1":"product","2":"type-product","3":"status-publish","4":"has-post-thumbnail","6":"product_brand-sun","7":"product_cat-new-in","8":"product_cat-sun","9":"product_cat-vetements","10":"pa_vestibilita-regular","12":"first","13":"instock","14":"sale","15":"taxable","16":"shipping-taxable","17":"purchasable","18":"product-type-variable"},"jetpack_sharing_enabled":true,"_links":{"self":[{"href":"https:\/\/www.savethequeen.it\/fr\/wp-json\/wp\/v2\/product\/277793","targetHints":{"allow":["GET"]}}],"collection":[{"href":"https:\/\/www.savethequeen.it\/fr\/wp-json\/wp\/v2\/product"}],"about":[{"href":"https:\/\/www.savethequeen.it\/fr\/wp-json\/wp\/v2\/types\/product"}],"replies":[{"embeddable":true,"href":"https:\/\/www.savethequeen.it\/fr\/wp-json\/wp\/v2\/comments?post=277793"}],"wp:featuredmedia":[{"embeddable":true,"href":"https:\/\/www.savethequeen.it\/fr\/wp-json\/wp\/v2\/media\/277810"}],"wp:attachment":[{"href":"https:\/\/www.savethequeen.it\/fr\/wp-json\/wp\/v2\/media?parent=277793"}],"wp:term":[{"taxonomy":"product_brand","embeddable":true,"href":"https:\/\/www.savethequeen.it\/fr\/wp-json\/wp\/v2\/product_brand?post=277793"},{"taxonomy":"product_cat","embeddable":true,"href":"https:\/\/www.savethequeen.it\/fr\/wp-json\/wp\/v2\/product_cat?post=277793"},{"taxonomy":"product_tag","embeddable":true,"href":"https:\/\/www.savethequeen.it\/fr\/wp-json\/wp\/v2\/product_tag?post=277793"}],"curies":[{"name":"wp","href":"https:\/\/api.w.org\/{rel}","templated":true}]}}