{"id":277732,"date":"2026-04-06T23:05:10","date_gmt":"2026-04-06T21:05:10","guid":{"rendered":"https:\/\/www.savethequeen.it\/?post_type=product&#038;p=277732"},"modified":"2026-04-06T23:14:36","modified_gmt":"2026-04-06T21:14:36","slug":"top-a-motifs-geometriques-et-floraux-copia","status":"publish","type":"product","link":"https:\/\/www.savethequeen.it\/fr\/prodotto\/top-a-motifs-geometriques-et-floraux-copia\/","title":{"rendered":"Top fantaisie"},"content":{"rendered":"<p>Un haut en lycra imprim\u00e9 en forme de trap\u00e8ze avec un motif exclusif Save The Queen ! d\u00e9di\u00e9 aux plantes et aux fleurs de la jungle. Le vert avec des touches de violet est \u00e0 l&rsquo;honneur. <\/p>\n<p>Ce v\u00eatement est con\u00e7u et fabriqu\u00e9 \u00e0 100 % en Italie.<\/p>\n","protected":false},"excerpt":{"rendered":"<p>Un haut en lycra imprim\u00e9 en forme de trap\u00e8ze avec un motif exclusif Save The Queen ! d\u00e9di\u00e9 aux plantes<\/p>\n","protected":false},"featured_media":277746,"comment_status":"open","ping_status":"closed","template":"","meta":[],"product_brand":[358],"product_cat":[256,301],"product_tag":[],"class_list":{"0":"post-277732","1":"product","2":"type-product","3":"status-publish","4":"has-post-thumbnail","6":"product_brand-sun","7":"product_cat-hauts-et-t-shirts","8":"product_cat-sun","9":"pa_vestibilita-regular","11":"first","12":"instock","13":"sale","14":"taxable","15":"shipping-taxable","16":"purchasable","17":"product-type-variable"},"jetpack_sharing_enabled":true,"_links":{"self":[{"href":"https:\/\/www.savethequeen.it\/fr\/wp-json\/wp\/v2\/product\/277732","targetHints":{"allow":["GET"]}}],"collection":[{"href":"https:\/\/www.savethequeen.it\/fr\/wp-json\/wp\/v2\/product"}],"about":[{"href":"https:\/\/www.savethequeen.it\/fr\/wp-json\/wp\/v2\/types\/product"}],"replies":[{"embeddable":true,"href":"https:\/\/www.savethequeen.it\/fr\/wp-json\/wp\/v2\/comments?post=277732"}],"wp:featuredmedia":[{"embeddable":true,"href":"https:\/\/www.savethequeen.it\/fr\/wp-json\/wp\/v2\/media\/277746"}],"wp:attachment":[{"href":"https:\/\/www.savethequeen.it\/fr\/wp-json\/wp\/v2\/media?parent=277732"}],"wp:term":[{"taxonomy":"product_brand","embeddable":true,"href":"https:\/\/www.savethequeen.it\/fr\/wp-json\/wp\/v2\/product_brand?post=277732"},{"taxonomy":"product_cat","embeddable":true,"href":"https:\/\/www.savethequeen.it\/fr\/wp-json\/wp\/v2\/product_cat?post=277732"},{"taxonomy":"product_tag","embeddable":true,"href":"https:\/\/www.savethequeen.it\/fr\/wp-json\/wp\/v2\/product_tag?post=277732"}],"curies":[{"name":"wp","href":"https:\/\/api.w.org\/{rel}","templated":true}]}}