{"id":277648,"date":"2026-04-06T22:22:14","date_gmt":"2026-04-06T20:22:14","guid":{"rendered":"https:\/\/www.savethequeen.it\/?post_type=product&#038;p=277648"},"modified":"2026-04-06T22:33:18","modified_gmt":"2026-04-06T20:33:18","slug":"robe-courte-en-jersey-extensible-copia-copia-copia-2","status":"publish","type":"product","link":"https:\/\/www.savethequeen.it\/fr\/prodotto\/robe-courte-en-jersey-extensible-copia-copia-copia-2\/","title":{"rendered":"Top \u00e0 motifs g\u00e9om\u00e9triques et floraux"},"content":{"rendered":"<p>Camisole \u00e0 \u00e9paules larges en lycra l\u00e9ger imprim\u00e9e d&rsquo;un motif exclusif Save The Queen ! compos\u00e9 de motifs g\u00e9om\u00e9triques orange sur fond blanc, entrecoup\u00e9s dans le dos par de belles roses peintes en rouge et orange. Le devant est \u00e9gay\u00e9 par l&rsquo;application de deux volants de tulle \u00e0 imprim\u00e9 floral. <\/p>\n<p>Portez-la avec d&rsquo;autres v\u00eatements du m\u00eame motif pour compl\u00e9ter votre tenue.<\/p>\n<p>Ce v\u00eatement est con\u00e7u et fabriqu\u00e9 \u00e0 100 % en Italie.<\/p>\n","protected":false},"excerpt":{"rendered":"<p>Camisole \u00e0 \u00e9paules larges en lycra l\u00e9ger imprim\u00e9e d&rsquo;un motif exclusif Save The Queen ! compos\u00e9 de motifs g\u00e9om\u00e9triques orange<\/p>\n","protected":false},"featured_media":277657,"comment_status":"open","ping_status":"closed","template":"","meta":[],"product_brand":[358],"product_cat":[256,301],"product_tag":[],"class_list":{"0":"post-277648","1":"product","2":"type-product","3":"status-publish","4":"has-post-thumbnail","6":"product_brand-sun","7":"product_cat-hauts-et-t-shirts","8":"product_cat-sun","9":"pa_vestibilita-regular","11":"first","12":"instock","13":"sale","14":"taxable","15":"shipping-taxable","16":"purchasable","17":"product-type-variable"},"jetpack_sharing_enabled":true,"_links":{"self":[{"href":"https:\/\/www.savethequeen.it\/fr\/wp-json\/wp\/v2\/product\/277648","targetHints":{"allow":["GET"]}}],"collection":[{"href":"https:\/\/www.savethequeen.it\/fr\/wp-json\/wp\/v2\/product"}],"about":[{"href":"https:\/\/www.savethequeen.it\/fr\/wp-json\/wp\/v2\/types\/product"}],"replies":[{"embeddable":true,"href":"https:\/\/www.savethequeen.it\/fr\/wp-json\/wp\/v2\/comments?post=277648"}],"wp:featuredmedia":[{"embeddable":true,"href":"https:\/\/www.savethequeen.it\/fr\/wp-json\/wp\/v2\/media\/277657"}],"wp:attachment":[{"href":"https:\/\/www.savethequeen.it\/fr\/wp-json\/wp\/v2\/media?parent=277648"}],"wp:term":[{"taxonomy":"product_brand","embeddable":true,"href":"https:\/\/www.savethequeen.it\/fr\/wp-json\/wp\/v2\/product_brand?post=277648"},{"taxonomy":"product_cat","embeddable":true,"href":"https:\/\/www.savethequeen.it\/fr\/wp-json\/wp\/v2\/product_cat?post=277648"},{"taxonomy":"product_tag","embeddable":true,"href":"https:\/\/www.savethequeen.it\/fr\/wp-json\/wp\/v2\/product_tag?post=277648"}],"curies":[{"name":"wp","href":"https:\/\/api.w.org\/{rel}","templated":true}]}}