{"id":277632,"date":"2026-04-06T22:16:36","date_gmt":"2026-04-06T20:16:36","guid":{"rendered":"https:\/\/www.savethequeen.it\/?post_type=product&#038;p=277632"},"modified":"2026-04-09T15:07:10","modified_gmt":"2026-04-09T13:07:10","slug":"robe-courte-en-jersey-extensible-copia-copia-copia","status":"publish","type":"product","link":"https:\/\/www.savethequeen.it\/fr\/prodotto\/robe-courte-en-jersey-extensible-copia-copia-copia\/","title":{"rendered":"Robe longue \u00e0 motifs g\u00e9om\u00e9triques et floraux"},"content":{"rendered":"<p>Une robe longue qui \u00e9pouse la silhouette sans trop la marquer. Elle est confectionn\u00e9e dans un lycra souple et l\u00e9ger, imprim\u00e9 d&rsquo;un motif exclusif Save The Queen ! qui associe des motifs g\u00e9om\u00e9triques et floraux dans des tons orange et rouge avec des touches de vert sur un fond blanc. Dans le bas, la jupe s&rsquo;ouvre en vagues douces gr\u00e2ce \u00e0 l&rsquo;insertion de segments de tissu. L&rsquo;encolure accentu\u00e9e dans le dos conf\u00e8re \u00e0 ce v\u00eatement une touche extr\u00eamement sensuelle. Les bretelles sont en tissu vert uni qui forme \u00e9galement le n\u0153ud de fermeture dans le dos. Il n&rsquo;y a pas de doublure.     <\/p>\n<p>Ce v\u00eatement est con\u00e7u et fabriqu\u00e9 \u00e0 100 % en Italie.<\/p>\n","protected":false},"excerpt":{"rendered":"<p>Une robe longue qui \u00e9pouse la silhouette sans trop la marquer. Elle est confectionn\u00e9e dans un lycra souple et l\u00e9ger,<\/p>\n","protected":false},"featured_media":277641,"comment_status":"open","ping_status":"closed","template":"","meta":[],"product_brand":[358],"product_cat":[293,301,233],"product_tag":[],"class_list":{"0":"post-277632","1":"product","2":"type-product","3":"status-publish","4":"has-post-thumbnail","6":"product_brand-sun","7":"product_cat-new-in","8":"product_cat-sun","9":"product_cat-vetements","10":"pa_vestibilita-regular","12":"first","13":"instock","14":"sale","15":"taxable","16":"shipping-taxable","17":"purchasable","18":"product-type-variable"},"jetpack_sharing_enabled":true,"_links":{"self":[{"href":"https:\/\/www.savethequeen.it\/fr\/wp-json\/wp\/v2\/product\/277632","targetHints":{"allow":["GET"]}}],"collection":[{"href":"https:\/\/www.savethequeen.it\/fr\/wp-json\/wp\/v2\/product"}],"about":[{"href":"https:\/\/www.savethequeen.it\/fr\/wp-json\/wp\/v2\/types\/product"}],"replies":[{"embeddable":true,"href":"https:\/\/www.savethequeen.it\/fr\/wp-json\/wp\/v2\/comments?post=277632"}],"wp:featuredmedia":[{"embeddable":true,"href":"https:\/\/www.savethequeen.it\/fr\/wp-json\/wp\/v2\/media\/277641"}],"wp:attachment":[{"href":"https:\/\/www.savethequeen.it\/fr\/wp-json\/wp\/v2\/media?parent=277632"}],"wp:term":[{"taxonomy":"product_brand","embeddable":true,"href":"https:\/\/www.savethequeen.it\/fr\/wp-json\/wp\/v2\/product_brand?post=277632"},{"taxonomy":"product_cat","embeddable":true,"href":"https:\/\/www.savethequeen.it\/fr\/wp-json\/wp\/v2\/product_cat?post=277632"},{"taxonomy":"product_tag","embeddable":true,"href":"https:\/\/www.savethequeen.it\/fr\/wp-json\/wp\/v2\/product_tag?post=277632"}],"curies":[{"name":"wp","href":"https:\/\/api.w.org\/{rel}","templated":true}]}}