{"id":277615,"date":"2026-04-06T22:12:00","date_gmt":"2026-04-06T20:12:00","guid":{"rendered":"https:\/\/www.savethequeen.it\/?post_type=product&#038;p=277615"},"modified":"2026-04-06T22:33:16","modified_gmt":"2026-04-06T20:33:16","slug":"robe-courte-en-jersey-extensible-copia-copia","status":"publish","type":"product","link":"https:\/\/www.savethequeen.it\/fr\/prodotto\/robe-courte-en-jersey-extensible-copia-copia\/","title":{"rendered":"Jupe courte \u00e0 motifs g\u00e9om\u00e9triques et floraux"},"content":{"rendered":"<p>Une mini-jupe en lycra imprim\u00e9 avec un motif exclusif Save The Queen ! orange, vert et blanc qui m\u00e9lange des dessins g\u00e9om\u00e9triques et des motifs floraux. Plus polyvalente qu&rsquo;un par\u00e9o, emportez-la \u00e0 la plage dans votre sac de paille. Int\u00e9rieur non doubl\u00e9. Pas de fermeture.   <\/p>\n<p>Portez-le avec une brassi\u00e8re ou un maillot de bain une pi\u00e8ce dans le m\u00eame motif et compl\u00e9tez votre tenue avec d&rsquo;autres v\u00eatements dans le m\u00eame imprim\u00e9.<\/p>\n<p>Ce v\u00eatement est con\u00e7u et fabriqu\u00e9 \u00e0 100 % en Italie.<\/p>\n","protected":false},"excerpt":{"rendered":"<p>Une mini-jupe en lycra imprim\u00e9 avec un motif exclusif Save The Queen ! orange, vert et blanc qui m\u00e9lange des<\/p>\n","protected":false},"featured_media":277625,"comment_status":"open","ping_status":"closed","template":"","meta":[],"product_brand":[358],"product_cat":[246,301],"product_tag":[],"class_list":{"0":"post-277615","1":"product","2":"type-product","3":"status-publish","4":"has-post-thumbnail","6":"product_brand-sun","7":"product_cat-jupes","8":"product_cat-sun","9":"pa_vestibilita-regular","11":"first","12":"instock","13":"sale","14":"taxable","15":"shipping-taxable","16":"purchasable","17":"product-type-variable"},"jetpack_sharing_enabled":true,"_links":{"self":[{"href":"https:\/\/www.savethequeen.it\/fr\/wp-json\/wp\/v2\/product\/277615","targetHints":{"allow":["GET"]}}],"collection":[{"href":"https:\/\/www.savethequeen.it\/fr\/wp-json\/wp\/v2\/product"}],"about":[{"href":"https:\/\/www.savethequeen.it\/fr\/wp-json\/wp\/v2\/types\/product"}],"replies":[{"embeddable":true,"href":"https:\/\/www.savethequeen.it\/fr\/wp-json\/wp\/v2\/comments?post=277615"}],"wp:featuredmedia":[{"embeddable":true,"href":"https:\/\/www.savethequeen.it\/fr\/wp-json\/wp\/v2\/media\/277625"}],"wp:attachment":[{"href":"https:\/\/www.savethequeen.it\/fr\/wp-json\/wp\/v2\/media?parent=277615"}],"wp:term":[{"taxonomy":"product_brand","embeddable":true,"href":"https:\/\/www.savethequeen.it\/fr\/wp-json\/wp\/v2\/product_brand?post=277615"},{"taxonomy":"product_cat","embeddable":true,"href":"https:\/\/www.savethequeen.it\/fr\/wp-json\/wp\/v2\/product_cat?post=277615"},{"taxonomy":"product_tag","embeddable":true,"href":"https:\/\/www.savethequeen.it\/fr\/wp-json\/wp\/v2\/product_tag?post=277615"}],"curies":[{"name":"wp","href":"https:\/\/api.w.org\/{rel}","templated":true}]}}