{"id":277551,"date":"2026-04-06T21:51:06","date_gmt":"2026-04-06T19:51:06","guid":{"rendered":"https:\/\/www.savethequeen.it\/?post_type=product&#038;p=277551"},"modified":"2026-04-06T22:35:56","modified_gmt":"2026-04-06T20:35:56","slug":"t-shirt-en-jersey-stretch-avec-imprime-cygne-copia-copia-copia-copia","status":"publish","type":"product","link":"https:\/\/www.savethequeen.it\/fr\/prodotto\/t-shirt-en-jersey-stretch-avec-imprime-cygne-copia-copia-copia-copia\/","title":{"rendered":"Robe courte imprim\u00e9e"},"content":{"rendered":"<p>Robe courte en viscose imprim\u00e9e d&rsquo;un motif exclusif Save The Queen ! dans des tons cr\u00e8me, rouge, orange, noir, rose et bordeaux. Encolure large. Application de coques en pvc.  <\/p>\n<p>Cet article a \u00e9t\u00e9 con\u00e7u et produit \u00e0 100 % en Italie.<\/p>\n","protected":false},"excerpt":{"rendered":"<p>Robe courte en viscose imprim\u00e9e d&rsquo;un motif exclusif Save The Queen ! dans des tons cr\u00e8me, rouge, orange, noir, rose<\/p>\n","protected":false},"featured_media":277563,"comment_status":"open","ping_status":"closed","template":"","meta":[],"product_brand":[358],"product_cat":[301,233],"product_tag":[],"class_list":{"0":"post-277551","1":"product","2":"type-product","3":"status-publish","4":"has-post-thumbnail","6":"product_brand-sun","7":"product_cat-sun","8":"product_cat-vetements","9":"pa_vestibilita-regular","11":"first","12":"instock","13":"sale","14":"taxable","15":"shipping-taxable","16":"purchasable","17":"product-type-variable"},"jetpack_sharing_enabled":true,"_links":{"self":[{"href":"https:\/\/www.savethequeen.it\/fr\/wp-json\/wp\/v2\/product\/277551","targetHints":{"allow":["GET"]}}],"collection":[{"href":"https:\/\/www.savethequeen.it\/fr\/wp-json\/wp\/v2\/product"}],"about":[{"href":"https:\/\/www.savethequeen.it\/fr\/wp-json\/wp\/v2\/types\/product"}],"replies":[{"embeddable":true,"href":"https:\/\/www.savethequeen.it\/fr\/wp-json\/wp\/v2\/comments?post=277551"}],"wp:featuredmedia":[{"embeddable":true,"href":"https:\/\/www.savethequeen.it\/fr\/wp-json\/wp\/v2\/media\/277563"}],"wp:attachment":[{"href":"https:\/\/www.savethequeen.it\/fr\/wp-json\/wp\/v2\/media?parent=277551"}],"wp:term":[{"taxonomy":"product_brand","embeddable":true,"href":"https:\/\/www.savethequeen.it\/fr\/wp-json\/wp\/v2\/product_brand?post=277551"},{"taxonomy":"product_cat","embeddable":true,"href":"https:\/\/www.savethequeen.it\/fr\/wp-json\/wp\/v2\/product_cat?post=277551"},{"taxonomy":"product_tag","embeddable":true,"href":"https:\/\/www.savethequeen.it\/fr\/wp-json\/wp\/v2\/product_tag?post=277551"}],"curies":[{"name":"wp","href":"https:\/\/api.w.org\/{rel}","templated":true}]}}