{"id":277434,"date":"2026-04-03T10:05:45","date_gmt":"2026-04-03T08:05:45","guid":{"rendered":"https:\/\/www.savethequeen.it\/?post_type=product&#038;p=277434"},"modified":"2026-04-03T10:10:31","modified_gmt":"2026-04-03T08:10:31","slug":"top-asymetrique-imprime-copia-copia-4","status":"publish","type":"product","link":"https:\/\/www.savethequeen.it\/fr\/prodotto\/top-asymetrique-imprime-copia-copia-4\/","title":{"rendered":"Top asym\u00e9trique imprim\u00e9 (Copia) (Copia)"},"content":{"rendered":"<p>Un top asym\u00e9trique en jersey extensible, orn\u00e9 d\u2019un imprim\u00e9 exclusif Save The Queen ! dans les tons blanc, noir, rouge et orange, repr\u00e9sentant les animaux de la ferme.<\/p>\n<p>Cet article a \u00e9t\u00e9 con\u00e7u et fabriqu\u00e9 \u00e0 100 % en Italie.<\/p>\n","protected":false},"excerpt":{"rendered":"<p>Un top asym\u00e9trique en jersey extensible, orn\u00e9 d\u2019un imprim\u00e9 exclusif Save The Queen ! dans les tons blanc, noir, rouge<\/p>\n","protected":false},"featured_media":277447,"comment_status":"open","ping_status":"closed","template":"","meta":[],"product_brand":[358],"product_cat":[301,233],"product_tag":[],"class_list":{"0":"post-277434","1":"product","2":"type-product","3":"status-publish","4":"has-post-thumbnail","6":"product_brand-sun","7":"product_cat-sun","8":"product_cat-vetements","9":"pa_vestibilita-regular","11":"first","12":"instock","13":"sale","14":"taxable","15":"shipping-taxable","16":"purchasable","17":"product-type-variable"},"jetpack_sharing_enabled":true,"_links":{"self":[{"href":"https:\/\/www.savethequeen.it\/fr\/wp-json\/wp\/v2\/product\/277434","targetHints":{"allow":["GET"]}}],"collection":[{"href":"https:\/\/www.savethequeen.it\/fr\/wp-json\/wp\/v2\/product"}],"about":[{"href":"https:\/\/www.savethequeen.it\/fr\/wp-json\/wp\/v2\/types\/product"}],"replies":[{"embeddable":true,"href":"https:\/\/www.savethequeen.it\/fr\/wp-json\/wp\/v2\/comments?post=277434"}],"wp:featuredmedia":[{"embeddable":true,"href":"https:\/\/www.savethequeen.it\/fr\/wp-json\/wp\/v2\/media\/277447"}],"wp:attachment":[{"href":"https:\/\/www.savethequeen.it\/fr\/wp-json\/wp\/v2\/media?parent=277434"}],"wp:term":[{"taxonomy":"product_brand","embeddable":true,"href":"https:\/\/www.savethequeen.it\/fr\/wp-json\/wp\/v2\/product_brand?post=277434"},{"taxonomy":"product_cat","embeddable":true,"href":"https:\/\/www.savethequeen.it\/fr\/wp-json\/wp\/v2\/product_cat?post=277434"},{"taxonomy":"product_tag","embeddable":true,"href":"https:\/\/www.savethequeen.it\/fr\/wp-json\/wp\/v2\/product_tag?post=277434"}],"curies":[{"name":"wp","href":"https:\/\/api.w.org\/{rel}","templated":true}]}}