{"id":277402,"date":"2026-04-03T09:44:54","date_gmt":"2026-04-03T07:44:54","guid":{"rendered":"https:\/\/www.savethequeen.it\/?post_type=product&#038;p=277402"},"modified":"2026-04-03T09:49:03","modified_gmt":"2026-04-03T07:49:03","slug":"robe-en-mousseline-de-coton-imprime-cygne-copia","status":"publish","type":"product","link":"https:\/\/www.savethequeen.it\/fr\/prodotto\/robe-en-mousseline-de-coton-imprime-cygne-copia\/","title":{"rendered":"Robe en mousseline de coton imprim\u00e9 \u00ab Cygne \u00bb (Copia)"},"content":{"rendered":"<p>Robe asym\u00e9trique en mousseline de coton imprim\u00e9 \u00ab Cygne \u00bb, l\u00e9g\u00e8re et a\u00e9rienne, caract\u00e9ris\u00e9e par une grande ampleur qui apporte du mouvement et une coupe souple. Le mod\u00e8le pr\u00e9sente des manches 3\/4 et un bas asym\u00e9trique qui augmente la libert\u00e9 de mouvement et ajoute de la f\u00e9minit\u00e9 ; le design est compl\u00e9t\u00e9 par des d\u00e9tails\/accessoires appliqu\u00e9s qui enrichissent la pi\u00e8ce et la rendent distinctive.<\/p>\n<p>&nbsp;<\/p>\n<p>Cet article a \u00e9t\u00e9 con\u00e7u et produit \u00e0 100 % en Italie.<\/p>\n","protected":false},"excerpt":{"rendered":"<p>Robe asym\u00e9trique en mousseline de coton imprim\u00e9 \u00ab Cygne \u00bb, l\u00e9g\u00e8re et a\u00e9rienne, caract\u00e9ris\u00e9e par une grande ampleur qui apporte<\/p>\n","protected":false},"featured_media":277411,"comment_status":"open","ping_status":"closed","template":"","meta":[],"product_brand":[358],"product_cat":[301,233],"product_tag":[],"class_list":{"0":"post-277402","1":"product","2":"type-product","3":"status-publish","4":"has-post-thumbnail","6":"product_brand-sun","7":"product_cat-sun","8":"product_cat-vetements","9":"pa_vestibilita-regular","11":"first","12":"instock","13":"sale","14":"taxable","15":"shipping-taxable","16":"purchasable","17":"product-type-variable"},"jetpack_sharing_enabled":true,"_links":{"self":[{"href":"https:\/\/www.savethequeen.it\/fr\/wp-json\/wp\/v2\/product\/277402","targetHints":{"allow":["GET"]}}],"collection":[{"href":"https:\/\/www.savethequeen.it\/fr\/wp-json\/wp\/v2\/product"}],"about":[{"href":"https:\/\/www.savethequeen.it\/fr\/wp-json\/wp\/v2\/types\/product"}],"replies":[{"embeddable":true,"href":"https:\/\/www.savethequeen.it\/fr\/wp-json\/wp\/v2\/comments?post=277402"}],"wp:featuredmedia":[{"embeddable":true,"href":"https:\/\/www.savethequeen.it\/fr\/wp-json\/wp\/v2\/media\/277411"}],"wp:attachment":[{"href":"https:\/\/www.savethequeen.it\/fr\/wp-json\/wp\/v2\/media?parent=277402"}],"wp:term":[{"taxonomy":"product_brand","embeddable":true,"href":"https:\/\/www.savethequeen.it\/fr\/wp-json\/wp\/v2\/product_brand?post=277402"},{"taxonomy":"product_cat","embeddable":true,"href":"https:\/\/www.savethequeen.it\/fr\/wp-json\/wp\/v2\/product_cat?post=277402"},{"taxonomy":"product_tag","embeddable":true,"href":"https:\/\/www.savethequeen.it\/fr\/wp-json\/wp\/v2\/product_tag?post=277402"}],"curies":[{"name":"wp","href":"https:\/\/api.w.org\/{rel}","templated":true}]}}