{"id":277383,"date":"2026-04-03T09:39:59","date_gmt":"2026-04-03T07:39:59","guid":{"rendered":"https:\/\/www.savethequeen.it\/?post_type=product&#038;p=277383"},"modified":"2026-04-03T09:43:31","modified_gmt":"2026-04-03T07:43:31","slug":"t-shirt-en-jersey-stretch-avec-imprime-cygne-copia","status":"publish","type":"product","link":"https:\/\/www.savethequeen.it\/fr\/prodotto\/t-shirt-en-jersey-stretch-avec-imprime-cygne-copia\/","title":{"rendered":"T-shirt en jersey stretch avec imprim\u00e9 \u00ab Cygne \u00bb (Copia)"},"content":{"rendered":"<p>T-shirt en jersey extensible avec imprim\u00e9 \u00ab Cygne \u00bb, con\u00e7u pour une coupe confortable et juste assez ajust\u00e9e. L\u2019encolure crois\u00e9e sur le devant cr\u00e9e un \u00e9l\u00e9gant effet \u00ab twist \u00bb qui valorise le d\u00e9collet\u00e9, tandis que les manches courtes le rendent parfait pour la saison chaude et pour les looks superpos\u00e9s. Une pi\u00e8ce polyvalente, \u00e0 associer \u00e0 un denim, des jupes ou des pantalons coordonn\u00e9s pour une tenue plus affirm\u00e9e.<\/p>\n<p>&nbsp;<\/p>\n<p>Cet article a \u00e9t\u00e9 con\u00e7u et produit \u00e0 100 % en Italie.<\/p>\n","protected":false},"excerpt":{"rendered":"<p>T-shirt en jersey extensible avec imprim\u00e9 \u00ab Cygne \u00bb, con\u00e7u pour une coupe confortable et juste assez ajust\u00e9e. L\u2019encolure crois\u00e9e<\/p>\n","protected":false},"featured_media":277395,"comment_status":"open","ping_status":"closed","template":"","meta":[],"product_brand":[358],"product_cat":[256,301],"product_tag":[],"class_list":{"0":"post-277383","1":"product","2":"type-product","3":"status-publish","4":"has-post-thumbnail","6":"product_brand-sun","7":"product_cat-hauts-et-t-shirts","8":"product_cat-sun","9":"pa_vestibilita-regular","11":"first","12":"instock","13":"sale","14":"taxable","15":"shipping-taxable","16":"purchasable","17":"product-type-variable"},"jetpack_sharing_enabled":true,"_links":{"self":[{"href":"https:\/\/www.savethequeen.it\/fr\/wp-json\/wp\/v2\/product\/277383","targetHints":{"allow":["GET"]}}],"collection":[{"href":"https:\/\/www.savethequeen.it\/fr\/wp-json\/wp\/v2\/product"}],"about":[{"href":"https:\/\/www.savethequeen.it\/fr\/wp-json\/wp\/v2\/types\/product"}],"replies":[{"embeddable":true,"href":"https:\/\/www.savethequeen.it\/fr\/wp-json\/wp\/v2\/comments?post=277383"}],"wp:featuredmedia":[{"embeddable":true,"href":"https:\/\/www.savethequeen.it\/fr\/wp-json\/wp\/v2\/media\/277395"}],"wp:attachment":[{"href":"https:\/\/www.savethequeen.it\/fr\/wp-json\/wp\/v2\/media?parent=277383"}],"wp:term":[{"taxonomy":"product_brand","embeddable":true,"href":"https:\/\/www.savethequeen.it\/fr\/wp-json\/wp\/v2\/product_brand?post=277383"},{"taxonomy":"product_cat","embeddable":true,"href":"https:\/\/www.savethequeen.it\/fr\/wp-json\/wp\/v2\/product_cat?post=277383"},{"taxonomy":"product_tag","embeddable":true,"href":"https:\/\/www.savethequeen.it\/fr\/wp-json\/wp\/v2\/product_tag?post=277383"}],"curies":[{"name":"wp","href":"https:\/\/api.w.org\/{rel}","templated":true}]}}