{"id":276306,"date":"2026-03-19T22:34:59","date_gmt":"2026-03-19T21:34:59","guid":{"rendered":"https:\/\/www.savethequeen.it\/?post_type=product&#038;p=276306"},"modified":"2026-04-10T11:07:26","modified_gmt":"2026-04-10T09:07:26","slug":"robe-courte-copia-copia-copia-copia-copia-copia-copia-copia-copia-copia-copia-copia","status":"publish","type":"product","link":"https:\/\/www.savethequeen.it\/fr\/prodotto\/robe-courte-copia-copia-copia-copia-copia-copia-copia-copia-copia-copia-copia-copia\/","title":{"rendered":"Robe poncho en tulle imprim\u00e9 \u00ab\u00a0z\u00e8bre"},"content":{"rendered":"<p>Robe de type poncho en tulle extensible avec imprim\u00e9 \u00ab\u00a0z\u00e8bre\u00a0\u00bb dans les couleurs gris, noir, blanc. A porter comme couverture de costume. <\/p>\n<p>Cet article a \u00e9t\u00e9 con\u00e7u et produit \u00e0 100 % en Italie.<\/p>\n","protected":false},"excerpt":{"rendered":"<p>Robe de type poncho en tulle extensible avec imprim\u00e9 \u00ab\u00a0z\u00e8bre\u00a0\u00bb dans les couleurs gris, noir, blanc. A porter comme couverture<\/p>\n","protected":false},"featured_media":276319,"comment_status":"open","ping_status":"closed","template":"","meta":{"postBodyCss":"","postBodyMargin":[],"postBodyPadding":[],"postBodyBackground":{"backgroundType":"classic","gradient":""},"enableOnePageScrollInPage":false,"onePageScrollCss":"","onePageScrollSpeed":1000,"onePageScrollAnimation":"easeInOutQuad","onePageScrollShowDotNavigation":true,"onePageScrollNavigation":"scaleUp","onePageScrollNavigationPosition":"right","onePageScrollNavigationHorizontal":[],"onePageScrollNavigationVertical":[],"onePageScrollNavigationSpacing":[],"onePageScrollNavigationColor":"#00ff0d","onePageScrollNavigationColorHover":"#00ff0d","onePageScrollNavigationColorActive":"#00ff0d","onePageScrollNavigationIcon":[],"onePageScrollNavigationWidth":[],"onePageScrollNavigationWidthHover":[],"onePageScrollNavigationWidthActive":[],"onePageScrollNavigationHeight":[],"onePageScrollNavigationHeightHover":[],"onePageScrollNavigationHeightActive":[],"onePageScrollNavigationBorder":[],"onePageScrollNavigationBorderHover":[],"onePageScrollNavigationBorderActive":[],"onePageScrollNavigationBorderRadius":[],"onePageScrollNavigationBorderRadiusHover":[],"onePageScrollNavigationBorderRadiusActive":[],"onePageScrollNavigationTooltipTypography":[],"onePageScrollNavigationTooltipColor":"#ffffff","onePageScrollNavigationTooltipColorHover":"","onePageScrollNavigationTooltipBgColor":"#00ff0d","onePageScrollNavigationTooltipBgColorHover":"","onePageScrollNavigationTooltipPadding":[],"onePageScrollNavigationTooltipPaddingHover":[],"onePageScrollNavigationTooltipBorderRadius":[],"onePageScrollNavigationTooltipBorderRadiusHover":[],"pageSettingsCustomCss":""},"product_brand":[358],"product_cat":[298,301,259],"product_tag":[],"class_list":{"0":"post-276306","1":"product","2":"type-product","3":"status-publish","4":"has-post-thumbnail","6":"product_brand-sun","7":"product_cat-stq","8":"product_cat-sun","9":"product_cat-tuniques","10":"pa_vestibilita-regular","12":"first","13":"instock","14":"sale","15":"taxable","16":"shipping-taxable","17":"purchasable","18":"product-type-variable"},"jetpack_sharing_enabled":true,"_links":{"self":[{"href":"https:\/\/www.savethequeen.it\/fr\/wp-json\/wp\/v2\/product\/276306","targetHints":{"allow":["GET"]}}],"collection":[{"href":"https:\/\/www.savethequeen.it\/fr\/wp-json\/wp\/v2\/product"}],"about":[{"href":"https:\/\/www.savethequeen.it\/fr\/wp-json\/wp\/v2\/types\/product"}],"replies":[{"embeddable":true,"href":"https:\/\/www.savethequeen.it\/fr\/wp-json\/wp\/v2\/comments?post=276306"}],"wp:featuredmedia":[{"embeddable":true,"href":"https:\/\/www.savethequeen.it\/fr\/wp-json\/wp\/v2\/media\/276319"}],"wp:attachment":[{"href":"https:\/\/www.savethequeen.it\/fr\/wp-json\/wp\/v2\/media?parent=276306"}],"wp:term":[{"taxonomy":"product_brand","embeddable":true,"href":"https:\/\/www.savethequeen.it\/fr\/wp-json\/wp\/v2\/product_brand?post=276306"},{"taxonomy":"product_cat","embeddable":true,"href":"https:\/\/www.savethequeen.it\/fr\/wp-json\/wp\/v2\/product_cat?post=276306"},{"taxonomy":"product_tag","embeddable":true,"href":"https:\/\/www.savethequeen.it\/fr\/wp-json\/wp\/v2\/product_tag?post=276306"}],"curies":[{"name":"wp","href":"https:\/\/api.w.org\/{rel}","templated":true}]}}