{"id":274979,"date":"2026-03-17T21:47:48","date_gmt":"2026-03-17T20:47:48","guid":{"rendered":"https:\/\/www.savethequeen.it\/?post_type=product&#038;p=274979"},"modified":"2026-03-20T18:16:23","modified_gmt":"2026-03-20T17:16:23","slug":"foulard-en-crepon-de-soie-avec-ourlet-roulotte-et-imprime-copia-copia-copia","status":"publish","type":"product","link":"https:\/\/www.savethequeen.it\/fr\/prodotto\/foulard-en-crepon-de-soie-avec-ourlet-roulotte-et-imprime-copia-copia-copia\/","title":{"rendered":"Double \u00e9charpe en coton et soie dans les tons bleu, vert et marron"},"content":{"rendered":"<p>Double \u00e9charpe en coton et soie, tr\u00e8s douce, en bleu, vert et marron.<\/p>\n<p>Cet article est con\u00e7u et fabriqu\u00e9 \u00e0 100% en Italie.<\/p>\n","protected":false},"excerpt":{"rendered":"<p>Double \u00e9charpe en coton et soie, tr\u00e8s douce, en bleu, vert et marron. Cet article est con\u00e7u et fabriqu\u00e9 \u00e0<\/p>\n","protected":false},"featured_media":274994,"comment_status":"open","ping_status":"closed","template":"","meta":{"postBodyCss":"","postBodyMargin":[],"postBodyPadding":[],"postBodyBackground":{"backgroundType":"classic","gradient":""},"enableOnePageScrollInPage":false,"onePageScrollCss":"","onePageScrollSpeed":1000,"onePageScrollAnimation":"easeInOutQuad","onePageScrollShowDotNavigation":true,"onePageScrollNavigation":"scaleUp","onePageScrollNavigationPosition":"right","onePageScrollNavigationHorizontal":[],"onePageScrollNavigationVertical":[],"onePageScrollNavigationSpacing":[],"onePageScrollNavigationColor":"#00ff0d","onePageScrollNavigationColorHover":"#00ff0d","onePageScrollNavigationColorActive":"#00ff0d","onePageScrollNavigationIcon":[],"onePageScrollNavigationWidth":[],"onePageScrollNavigationWidthHover":[],"onePageScrollNavigationWidthActive":[],"onePageScrollNavigationHeight":[],"onePageScrollNavigationHeightHover":[],"onePageScrollNavigationHeightActive":[],"onePageScrollNavigationBorder":[],"onePageScrollNavigationBorderHover":[],"onePageScrollNavigationBorderActive":[],"onePageScrollNavigationBorderRadius":[],"onePageScrollNavigationBorderRadiusHover":[],"onePageScrollNavigationBorderRadiusActive":[],"onePageScrollNavigationTooltipTypography":[],"onePageScrollNavigationTooltipColor":"#ffffff","onePageScrollNavigationTooltipColorHover":"","onePageScrollNavigationTooltipBgColor":"#00ff0d","onePageScrollNavigationTooltipBgColorHover":"","onePageScrollNavigationTooltipPadding":[],"onePageScrollNavigationTooltipPaddingHover":[],"onePageScrollNavigationTooltipBorderRadius":[],"onePageScrollNavigationTooltipBorderRadiusHover":[],"pageSettingsCustomCss":""},"product_brand":[355],"product_cat":[262,279,298],"product_tag":[],"class_list":{"0":"post-274979","1":"product","2":"type-product","3":"status-publish","4":"has-post-thumbnail","6":"product_brand-save-the-queen","7":"product_cat-accessoires-2","8":"product_cat-foulard","9":"product_cat-stq","11":"first","12":"instock","13":"sale","14":"taxable","15":"shipping-taxable","16":"purchasable","17":"product-type-simple"},"jetpack_sharing_enabled":true,"_links":{"self":[{"href":"https:\/\/www.savethequeen.it\/fr\/wp-json\/wp\/v2\/product\/274979","targetHints":{"allow":["GET"]}}],"collection":[{"href":"https:\/\/www.savethequeen.it\/fr\/wp-json\/wp\/v2\/product"}],"about":[{"href":"https:\/\/www.savethequeen.it\/fr\/wp-json\/wp\/v2\/types\/product"}],"replies":[{"embeddable":true,"href":"https:\/\/www.savethequeen.it\/fr\/wp-json\/wp\/v2\/comments?post=274979"}],"wp:featuredmedia":[{"embeddable":true,"href":"https:\/\/www.savethequeen.it\/fr\/wp-json\/wp\/v2\/media\/274994"}],"wp:attachment":[{"href":"https:\/\/www.savethequeen.it\/fr\/wp-json\/wp\/v2\/media?parent=274979"}],"wp:term":[{"taxonomy":"product_brand","embeddable":true,"href":"https:\/\/www.savethequeen.it\/fr\/wp-json\/wp\/v2\/product_brand?post=274979"},{"taxonomy":"product_cat","embeddable":true,"href":"https:\/\/www.savethequeen.it\/fr\/wp-json\/wp\/v2\/product_cat?post=274979"},{"taxonomy":"product_tag","embeddable":true,"href":"https:\/\/www.savethequeen.it\/fr\/wp-json\/wp\/v2\/product_tag?post=274979"}],"curies":[{"name":"wp","href":"https:\/\/api.w.org\/{rel}","templated":true}]}}