{"id":274851,"date":"2026-03-17T18:55:04","date_gmt":"2026-03-17T17:55:04","guid":{"rendered":"https:\/\/www.savethequeen.it\/?post_type=product&#038;p=274851"},"modified":"2026-03-27T09:53:16","modified_gmt":"2026-03-27T08:53:16","slug":"mini-sac-en-cuir-suede-veritable-avec-ceinture-et-bandouliere-copia","status":"publish","type":"product","link":"https:\/\/www.savethequeen.it\/fr\/prodotto\/mini-sac-en-cuir-suede-veritable-avec-ceinture-et-bandouliere-copia\/","title":{"rendered":"Petit sac en tissu brod\u00e9 avec bandouli\u00e8re"},"content":{"rendered":"<p>Petit sac en patchwork de diff\u00e9rents tissus brod\u00e9s, orn\u00e9 d&rsquo;un petit c\u0153ur en m\u00e9tal avec logo. Se ferme par un fermoir m\u00e9tallique de type bourse. Muni d&rsquo;une bandouli\u00e8re.  <\/p>\n<p>&nbsp;<\/p>\n<p>Cet article a \u00e9t\u00e9 con\u00e7u et produit \u00e0 100 % en Italie.<\/p>\n","protected":false},"excerpt":{"rendered":"<p>Petit sac en patchwork de diff\u00e9rents tissus brod\u00e9s, orn\u00e9 d&rsquo;un petit c\u0153ur en m\u00e9tal avec logo. Se ferme par un<\/p>\n","protected":false},"featured_media":274857,"comment_status":"open","ping_status":"closed","template":"","meta":{"postBodyCss":"","postBodyMargin":[],"postBodyPadding":[],"postBodyBackground":{"backgroundType":"classic","gradient":""},"enableOnePageScrollInPage":false,"onePageScrollCss":"","onePageScrollSpeed":1000,"onePageScrollAnimation":"easeInOutQuad","onePageScrollShowDotNavigation":true,"onePageScrollNavigation":"scaleUp","onePageScrollNavigationPosition":"right","onePageScrollNavigationHorizontal":[],"onePageScrollNavigationVertical":[],"onePageScrollNavigationSpacing":[],"onePageScrollNavigationColor":"#00ff0d","onePageScrollNavigationColorHover":"#00ff0d","onePageScrollNavigationColorActive":"#00ff0d","onePageScrollNavigationIcon":[],"onePageScrollNavigationWidth":[],"onePageScrollNavigationWidthHover":[],"onePageScrollNavigationWidthActive":[],"onePageScrollNavigationHeight":[],"onePageScrollNavigationHeightHover":[],"onePageScrollNavigationHeightActive":[],"onePageScrollNavigationBorder":[],"onePageScrollNavigationBorderHover":[],"onePageScrollNavigationBorderActive":[],"onePageScrollNavigationBorderRadius":[],"onePageScrollNavigationBorderRadiusHover":[],"onePageScrollNavigationBorderRadiusActive":[],"onePageScrollNavigationTooltipTypography":[],"onePageScrollNavigationTooltipColor":"#ffffff","onePageScrollNavigationTooltipColorHover":"","onePageScrollNavigationTooltipBgColor":"#00ff0d","onePageScrollNavigationTooltipBgColorHover":"","onePageScrollNavigationTooltipPadding":[],"onePageScrollNavigationTooltipPaddingHover":[],"onePageScrollNavigationTooltipBorderRadius":[],"onePageScrollNavigationTooltipBorderRadiusHover":[],"pageSettingsCustomCss":""},"product_brand":[355],"product_cat":[262,265,298],"product_tag":[],"class_list":{"0":"post-274851","1":"product","2":"type-product","3":"status-publish","4":"has-post-thumbnail","6":"product_brand-save-the-queen","7":"product_cat-accessoires-2","8":"product_cat-sacs","9":"product_cat-stq","11":"first","12":"outofstock","13":"sale","14":"taxable","15":"shipping-taxable","16":"purchasable","17":"product-type-simple"},"jetpack_sharing_enabled":true,"_links":{"self":[{"href":"https:\/\/www.savethequeen.it\/fr\/wp-json\/wp\/v2\/product\/274851","targetHints":{"allow":["GET"]}}],"collection":[{"href":"https:\/\/www.savethequeen.it\/fr\/wp-json\/wp\/v2\/product"}],"about":[{"href":"https:\/\/www.savethequeen.it\/fr\/wp-json\/wp\/v2\/types\/product"}],"replies":[{"embeddable":true,"href":"https:\/\/www.savethequeen.it\/fr\/wp-json\/wp\/v2\/comments?post=274851"}],"wp:featuredmedia":[{"embeddable":true,"href":"https:\/\/www.savethequeen.it\/fr\/wp-json\/wp\/v2\/media\/274857"}],"wp:attachment":[{"href":"https:\/\/www.savethequeen.it\/fr\/wp-json\/wp\/v2\/media?parent=274851"}],"wp:term":[{"taxonomy":"product_brand","embeddable":true,"href":"https:\/\/www.savethequeen.it\/fr\/wp-json\/wp\/v2\/product_brand?post=274851"},{"taxonomy":"product_cat","embeddable":true,"href":"https:\/\/www.savethequeen.it\/fr\/wp-json\/wp\/v2\/product_cat?post=274851"},{"taxonomy":"product_tag","embeddable":true,"href":"https:\/\/www.savethequeen.it\/fr\/wp-json\/wp\/v2\/product_tag?post=274851"}],"curies":[{"name":"wp","href":"https:\/\/api.w.org\/{rel}","templated":true}]}}