{"id":274444,"date":"2026-03-10T21:52:16","date_gmt":"2026-03-10T20:52:16","guid":{"rendered":"https:\/\/www.savethequeen.it\/stq\/index.php\/prodotto\/debardeur-homme-en-coton-stretch-avec-broderie\/"},"modified":"2026-03-10T21:52:16","modified_gmt":"2026-03-10T20:52:16","slug":"debardeur-homme-en-coton-stretch-avec-broderie","status":"publish","type":"product","link":"https:\/\/www.savethequeen.it\/fr\/prodotto\/debardeur-homme-en-coton-stretch-avec-broderie\/","title":{"rendered":"D\u00e9bardeur homme en coton stretch avec broderie"},"content":{"rendered":"<p>D\u00e9bardeur homme r\u00e9alis\u00e9 en coton stretch c\u00f4tel\u00e9, de couleur noire, con\u00e7u pour offrir confort et une coupe ajust\u00e9e sans comprimer. Le v\u00eatement est rehauss\u00e9 d&rsquo;une broderie frontale \u00e0 trois couleurs, motif exclusif de la ligne Save the Queen Man, qui apporte caract\u00e8re et identit\u00e9 au design. L&rsquo;encolure et les emmanchures sont finies avec un bord c\u00f4tel\u00e9 rose contrastant, d\u00e9tail qui valorise la structure du v\u00eatement et en d\u00e9finit le profil avec un signe graphique distinctif.  <\/p>\n<p>&nbsp;<\/p>\n<p>Cet article a \u00e9t\u00e9 con\u00e7u et produit \u00e0 100 % en Italie.<\/p>\n","protected":false},"excerpt":{"rendered":"<p>D\u00e9bardeur homme r\u00e9alis\u00e9 en coton stretch c\u00f4tel\u00e9, de couleur noire, con\u00e7u pour offrir confort et une coupe ajust\u00e9e sans comprimer.<\/p>\n","protected":false},"featured_media":277102,"comment_status":"open","ping_status":"closed","template":"","meta":{"postBodyCss":"","postBodyMargin":[],"postBodyPadding":[],"postBodyBackground":{"backgroundType":"classic","gradient":""},"enableOnePageScrollInPage":false,"onePageScrollCss":"","onePageScrollSpeed":1000,"onePageScrollAnimation":"easeInOutQuad","onePageScrollShowDotNavigation":true,"onePageScrollNavigation":"scaleUp","onePageScrollNavigationPosition":"right","onePageScrollNavigationHorizontal":[],"onePageScrollNavigationVertical":[],"onePageScrollNavigationSpacing":[],"onePageScrollNavigationColor":"#00ff0d","onePageScrollNavigationColorHover":"#00ff0d","onePageScrollNavigationColorActive":"#00ff0d","onePageScrollNavigationIcon":[],"onePageScrollNavigationWidth":[],"onePageScrollNavigationWidthHover":[],"onePageScrollNavigationWidthActive":[],"onePageScrollNavigationHeight":[],"onePageScrollNavigationHeightHover":[],"onePageScrollNavigationHeightActive":[],"onePageScrollNavigationBorder":[],"onePageScrollNavigationBorderHover":[],"onePageScrollNavigationBorderActive":[],"onePageScrollNavigationBorderRadius":[],"onePageScrollNavigationBorderRadiusHover":[],"onePageScrollNavigationBorderRadiusActive":[],"onePageScrollNavigationTooltipTypography":[],"onePageScrollNavigationTooltipColor":"#ffffff","onePageScrollNavigationTooltipColorHover":"","onePageScrollNavigationTooltipBgColor":"#00ff0d","onePageScrollNavigationTooltipBgColorHover":"","onePageScrollNavigationTooltipPadding":[],"onePageScrollNavigationTooltipPaddingHover":[],"onePageScrollNavigationTooltipBorderRadius":[],"onePageScrollNavigationTooltipBorderRadiusHover":[],"pageSettingsCustomCss":""},"product_brand":[414],"product_cat":[372,368],"product_tag":[],"class_list":{"0":"post-274444","1":"product","2":"type-product","3":"status-publish","4":"has-post-thumbnail","6":"product_brand-stq-man","7":"product_cat-debardeurs","8":"product_cat-homme","10":"first","11":"instock","12":"sale","13":"taxable","14":"shipping-taxable","15":"purchasable","16":"product-type-variable"},"jetpack_sharing_enabled":true,"_links":{"self":[{"href":"https:\/\/www.savethequeen.it\/fr\/wp-json\/wp\/v2\/product\/274444","targetHints":{"allow":["GET"]}}],"collection":[{"href":"https:\/\/www.savethequeen.it\/fr\/wp-json\/wp\/v2\/product"}],"about":[{"href":"https:\/\/www.savethequeen.it\/fr\/wp-json\/wp\/v2\/types\/product"}],"replies":[{"embeddable":true,"href":"https:\/\/www.savethequeen.it\/fr\/wp-json\/wp\/v2\/comments?post=274444"}],"wp:featuredmedia":[{"embeddable":true,"href":"https:\/\/www.savethequeen.it\/fr\/wp-json\/wp\/v2\/media\/277102"}],"wp:attachment":[{"href":"https:\/\/www.savethequeen.it\/fr\/wp-json\/wp\/v2\/media?parent=274444"}],"wp:term":[{"taxonomy":"product_brand","embeddable":true,"href":"https:\/\/www.savethequeen.it\/fr\/wp-json\/wp\/v2\/product_brand?post=274444"},{"taxonomy":"product_cat","embeddable":true,"href":"https:\/\/www.savethequeen.it\/fr\/wp-json\/wp\/v2\/product_cat?post=274444"},{"taxonomy":"product_tag","embeddable":true,"href":"https:\/\/www.savethequeen.it\/fr\/wp-json\/wp\/v2\/product_tag?post=274444"}],"curies":[{"name":"wp","href":"https:\/\/api.w.org\/{rel}","templated":true}]}}