{"id":274436,"date":"2026-03-10T21:49:31","date_gmt":"2026-03-10T20:49:31","guid":{"rendered":"https:\/\/www.savethequeen.it\/stq\/index.php\/prodotto\/blouse-homme-col-robespierre-en-coton-et-lin-imprime\/"},"modified":"2026-03-10T21:49:31","modified_gmt":"2026-03-10T20:49:31","slug":"blouse-homme-col-robespierre-en-coton-et-lin-imprime","status":"publish","type":"product","link":"https:\/\/www.savethequeen.it\/fr\/prodotto\/blouse-homme-col-robespierre-en-coton-et-lin-imprime\/","title":{"rendered":"Blouse homme col Robespierre en coton et lin imprim\u00e9"},"content":{"rendered":"<p>Blouse pour homme avec col Robespierre et plastron, r\u00e9alis\u00e9e en coton et lin imprim\u00e9 dans les tons moutarde et bordeaux. Le v\u00eatement pr\u00e9sente des bords finis et un col avec finition en lin bleu ciel. Les poignets \u00e0 retrousser sont doubl\u00e9s en lin.  <\/p>\n<p>&nbsp;<\/p>\n<p>Cet article a \u00e9t\u00e9 con\u00e7u et produit \u00e0 100 % en Italie.<\/p>\n","protected":false},"excerpt":{"rendered":"<p>Blouse pour homme avec col Robespierre et plastron, r\u00e9alis\u00e9e en coton et lin imprim\u00e9 dans les tons moutarde et bordeaux.<\/p>\n","protected":false},"featured_media":277120,"comment_status":"open","ping_status":"closed","template":"","meta":{"postBodyCss":"","postBodyMargin":[],"postBodyPadding":[],"postBodyBackground":{"backgroundType":"classic","gradient":""},"enableOnePageScrollInPage":false,"onePageScrollCss":"","onePageScrollSpeed":1000,"onePageScrollAnimation":"easeInOutQuad","onePageScrollShowDotNavigation":true,"onePageScrollNavigation":"scaleUp","onePageScrollNavigationPosition":"right","onePageScrollNavigationHorizontal":[],"onePageScrollNavigationVertical":[],"onePageScrollNavigationSpacing":[],"onePageScrollNavigationColor":"#00ff0d","onePageScrollNavigationColorHover":"#00ff0d","onePageScrollNavigationColorActive":"#00ff0d","onePageScrollNavigationIcon":[],"onePageScrollNavigationWidth":[],"onePageScrollNavigationWidthHover":[],"onePageScrollNavigationWidthActive":[],"onePageScrollNavigationHeight":[],"onePageScrollNavigationHeightHover":[],"onePageScrollNavigationHeightActive":[],"onePageScrollNavigationBorder":[],"onePageScrollNavigationBorderHover":[],"onePageScrollNavigationBorderActive":[],"onePageScrollNavigationBorderRadius":[],"onePageScrollNavigationBorderRadiusHover":[],"onePageScrollNavigationBorderRadiusActive":[],"onePageScrollNavigationTooltipTypography":[],"onePageScrollNavigationTooltipColor":"#ffffff","onePageScrollNavigationTooltipColorHover":"","onePageScrollNavigationTooltipBgColor":"#00ff0d","onePageScrollNavigationTooltipBgColorHover":"","onePageScrollNavigationTooltipPadding":[],"onePageScrollNavigationTooltipPaddingHover":[],"onePageScrollNavigationTooltipBorderRadius":[],"onePageScrollNavigationTooltipBorderRadiusHover":[],"pageSettingsCustomCss":""},"product_brand":[414],"product_cat":[369,368],"product_tag":[],"class_list":{"0":"post-274436","1":"product","2":"type-product","3":"status-publish","4":"has-post-thumbnail","6":"product_brand-stq-man","7":"product_cat-chemises","8":"product_cat-homme","10":"first","11":"instock","12":"sale","13":"taxable","14":"shipping-taxable","15":"purchasable","16":"product-type-variable"},"jetpack_sharing_enabled":true,"_links":{"self":[{"href":"https:\/\/www.savethequeen.it\/fr\/wp-json\/wp\/v2\/product\/274436","targetHints":{"allow":["GET"]}}],"collection":[{"href":"https:\/\/www.savethequeen.it\/fr\/wp-json\/wp\/v2\/product"}],"about":[{"href":"https:\/\/www.savethequeen.it\/fr\/wp-json\/wp\/v2\/types\/product"}],"replies":[{"embeddable":true,"href":"https:\/\/www.savethequeen.it\/fr\/wp-json\/wp\/v2\/comments?post=274436"}],"wp:featuredmedia":[{"embeddable":true,"href":"https:\/\/www.savethequeen.it\/fr\/wp-json\/wp\/v2\/media\/277120"}],"wp:attachment":[{"href":"https:\/\/www.savethequeen.it\/fr\/wp-json\/wp\/v2\/media?parent=274436"}],"wp:term":[{"taxonomy":"product_brand","embeddable":true,"href":"https:\/\/www.savethequeen.it\/fr\/wp-json\/wp\/v2\/product_brand?post=274436"},{"taxonomy":"product_cat","embeddable":true,"href":"https:\/\/www.savethequeen.it\/fr\/wp-json\/wp\/v2\/product_cat?post=274436"},{"taxonomy":"product_tag","embeddable":true,"href":"https:\/\/www.savethequeen.it\/fr\/wp-json\/wp\/v2\/product_tag?post=274436"}],"curies":[{"name":"wp","href":"https:\/\/api.w.org\/{rel}","templated":true}]}}