{"id":274394,"date":"2026-03-10T22:11:03","date_gmt":"2026-03-10T21:11:03","guid":{"rendered":"https:\/\/www.savethequeen.it\/stq\/index.php\/prodotto\/debardeur-homme-en-coton-stretch-avec-imprime-inspire-du-japon\/"},"modified":"2026-03-10T22:11:03","modified_gmt":"2026-03-10T21:11:03","slug":"debardeur-homme-en-coton-stretch-avec-imprime-inspire-du-japon","status":"publish","type":"product","link":"https:\/\/www.savethequeen.it\/fr\/prodotto\/debardeur-homme-en-coton-stretch-avec-imprime-inspire-du-japon\/","title":{"rendered":"D\u00e9bardeur homme en coton stretch avec imprim\u00e9 inspir\u00e9 du Japon"},"content":{"rendered":"<p>D\u00e9bardeur pour homme r\u00e9alis\u00e9 en coton stretch c\u00f4tel\u00e9. La pi\u00e8ce est enrichie d&rsquo;un imprim\u00e9 graphique inspir\u00e9 de l&rsquo;esth\u00e9tique japonaise, design exclusif de la ligne Save the Queen Man, d\u00e9clin\u00e9 dans les tons beige, bleu ciel et marron qui cr\u00e9ent un \u00e9quilibre chromatique \u00e9l\u00e9gant et contemporain. L&rsquo;encolure ras-du-cou et les emmanchures sont finies avec un bord c\u00f4tel\u00e9 beige, d\u00e9tail qui compl\u00e8te le design avec une continuit\u00e9 chromatique.  <\/p>\n<p>&nbsp;<\/p>\n<p>Cet article a \u00e9t\u00e9 con\u00e7u et produit \u00e0 100 % en Italie.<\/p>\n","protected":false},"excerpt":{"rendered":"<p>D\u00e9bardeur pour homme r\u00e9alis\u00e9 en coton stretch c\u00f4tel\u00e9. La pi\u00e8ce est enrichie d&rsquo;un imprim\u00e9 graphique inspir\u00e9 de l&rsquo;esth\u00e9tique japonaise, design<\/p>\n","protected":false},"featured_media":277099,"comment_status":"open","ping_status":"closed","template":"","meta":{"postBodyCss":"","postBodyMargin":[],"postBodyPadding":[],"postBodyBackground":{"backgroundType":"classic","gradient":""},"enableOnePageScrollInPage":false,"onePageScrollCss":"","onePageScrollSpeed":1000,"onePageScrollAnimation":"easeInOutQuad","onePageScrollShowDotNavigation":true,"onePageScrollNavigation":"scaleUp","onePageScrollNavigationPosition":"right","onePageScrollNavigationHorizontal":[],"onePageScrollNavigationVertical":[],"onePageScrollNavigationSpacing":[],"onePageScrollNavigationColor":"#00ff0d","onePageScrollNavigationColorHover":"#00ff0d","onePageScrollNavigationColorActive":"#00ff0d","onePageScrollNavigationIcon":[],"onePageScrollNavigationWidth":[],"onePageScrollNavigationWidthHover":[],"onePageScrollNavigationWidthActive":[],"onePageScrollNavigationHeight":[],"onePageScrollNavigationHeightHover":[],"onePageScrollNavigationHeightActive":[],"onePageScrollNavigationBorder":[],"onePageScrollNavigationBorderHover":[],"onePageScrollNavigationBorderActive":[],"onePageScrollNavigationBorderRadius":[],"onePageScrollNavigationBorderRadiusHover":[],"onePageScrollNavigationBorderRadiusActive":[],"onePageScrollNavigationTooltipTypography":[],"onePageScrollNavigationTooltipColor":"#ffffff","onePageScrollNavigationTooltipColorHover":"","onePageScrollNavigationTooltipBgColor":"#00ff0d","onePageScrollNavigationTooltipBgColorHover":"","onePageScrollNavigationTooltipPadding":[],"onePageScrollNavigationTooltipPaddingHover":[],"onePageScrollNavigationTooltipBorderRadius":[],"onePageScrollNavigationTooltipBorderRadiusHover":[],"pageSettingsCustomCss":""},"product_brand":[],"product_cat":[372,368],"product_tag":[],"class_list":{"0":"post-274394","1":"product","2":"type-product","3":"status-publish","4":"has-post-thumbnail","6":"product_cat-debardeurs","7":"product_cat-homme","9":"first","10":"instock","11":"sale","12":"taxable","13":"shipping-taxable","14":"purchasable","15":"product-type-variable"},"jetpack_sharing_enabled":true,"_links":{"self":[{"href":"https:\/\/www.savethequeen.it\/fr\/wp-json\/wp\/v2\/product\/274394","targetHints":{"allow":["GET"]}}],"collection":[{"href":"https:\/\/www.savethequeen.it\/fr\/wp-json\/wp\/v2\/product"}],"about":[{"href":"https:\/\/www.savethequeen.it\/fr\/wp-json\/wp\/v2\/types\/product"}],"replies":[{"embeddable":true,"href":"https:\/\/www.savethequeen.it\/fr\/wp-json\/wp\/v2\/comments?post=274394"}],"wp:featuredmedia":[{"embeddable":true,"href":"https:\/\/www.savethequeen.it\/fr\/wp-json\/wp\/v2\/media\/277099"}],"wp:attachment":[{"href":"https:\/\/www.savethequeen.it\/fr\/wp-json\/wp\/v2\/media?parent=274394"}],"wp:term":[{"taxonomy":"product_brand","embeddable":true,"href":"https:\/\/www.savethequeen.it\/fr\/wp-json\/wp\/v2\/product_brand?post=274394"},{"taxonomy":"product_cat","embeddable":true,"href":"https:\/\/www.savethequeen.it\/fr\/wp-json\/wp\/v2\/product_cat?post=274394"},{"taxonomy":"product_tag","embeddable":true,"href":"https:\/\/www.savethequeen.it\/fr\/wp-json\/wp\/v2\/product_tag?post=274394"}],"curies":[{"name":"wp","href":"https:\/\/api.w.org\/{rel}","templated":true}]}}