{"id":274374,"date":"2026-03-10T22:03:13","date_gmt":"2026-03-10T21:03:13","guid":{"rendered":"https:\/\/www.savethequeen.it\/stq\/index.php\/prodotto\/debardeur-homme-en-coton-stretch-avec-imprime-tribal\/"},"modified":"2026-03-10T22:03:13","modified_gmt":"2026-03-10T21:03:13","slug":"debardeur-homme-en-coton-stretch-avec-imprime-tribal","status":"publish","type":"product","link":"https:\/\/www.savethequeen.it\/fr\/prodotto\/debardeur-homme-en-coton-stretch-avec-imprime-tribal\/","title":{"rendered":"D\u00e9bardeur homme en coton stretch avec imprim\u00e9 tribal"},"content":{"rendered":"<p>D\u00e9bardeur pour homme r\u00e9alis\u00e9 en coton stretch, confortable et polyvalent. Le v\u00eatement est caract\u00e9ris\u00e9 par un imprim\u00e9 frontal \u00e0 motif tribal, design exclusif de la ligne Save the Queen Man, d\u00e9clin\u00e9 dans les tonalit\u00e9s de vert et de jaune sur fond \u00e0 rayures couleur oignon avec de l\u00e9g\u00e8res nuances. L&rsquo;encolure ras-du-cou et les emmanchures sont finies avec un bord c\u00f4tel\u00e9 bleu, d\u00e9tail qui d\u00e9finit la structure du v\u00eatement avec un contraste marqu\u00e9.  <\/p>\n<p>&nbsp;<\/p>\n<p>Cet article a \u00e9t\u00e9 con\u00e7u et produit \u00e0 100 % en Italie.<\/p>\n","protected":false},"excerpt":{"rendered":"<p>D\u00e9bardeur pour homme r\u00e9alis\u00e9 en coton stretch, confortable et polyvalent. Le v\u00eatement est caract\u00e9ris\u00e9 par un imprim\u00e9 frontal \u00e0 motif<\/p>\n","protected":false},"featured_media":277105,"comment_status":"open","ping_status":"closed","template":"","meta":{"postBodyCss":"","postBodyMargin":[],"postBodyPadding":[],"postBodyBackground":{"backgroundType":"classic","gradient":""},"enableOnePageScrollInPage":false,"onePageScrollCss":"","onePageScrollSpeed":1000,"onePageScrollAnimation":"easeInOutQuad","onePageScrollShowDotNavigation":true,"onePageScrollNavigation":"scaleUp","onePageScrollNavigationPosition":"right","onePageScrollNavigationHorizontal":[],"onePageScrollNavigationVertical":[],"onePageScrollNavigationSpacing":[],"onePageScrollNavigationColor":"#00ff0d","onePageScrollNavigationColorHover":"#00ff0d","onePageScrollNavigationColorActive":"#00ff0d","onePageScrollNavigationIcon":[],"onePageScrollNavigationWidth":[],"onePageScrollNavigationWidthHover":[],"onePageScrollNavigationWidthActive":[],"onePageScrollNavigationHeight":[],"onePageScrollNavigationHeightHover":[],"onePageScrollNavigationHeightActive":[],"onePageScrollNavigationBorder":[],"onePageScrollNavigationBorderHover":[],"onePageScrollNavigationBorderActive":[],"onePageScrollNavigationBorderRadius":[],"onePageScrollNavigationBorderRadiusHover":[],"onePageScrollNavigationBorderRadiusActive":[],"onePageScrollNavigationTooltipTypography":[],"onePageScrollNavigationTooltipColor":"#ffffff","onePageScrollNavigationTooltipColorHover":"","onePageScrollNavigationTooltipBgColor":"#00ff0d","onePageScrollNavigationTooltipBgColorHover":"","onePageScrollNavigationTooltipPadding":[],"onePageScrollNavigationTooltipPaddingHover":[],"onePageScrollNavigationTooltipBorderRadius":[],"onePageScrollNavigationTooltipBorderRadiusHover":[],"pageSettingsCustomCss":""},"product_brand":[414],"product_cat":[372,368],"product_tag":[],"class_list":{"0":"post-274374","1":"product","2":"type-product","3":"status-publish","4":"has-post-thumbnail","6":"product_brand-stq-man","7":"product_cat-debardeurs","8":"product_cat-homme","10":"first","11":"instock","12":"sale","13":"taxable","14":"shipping-taxable","15":"purchasable","16":"product-type-variable"},"jetpack_sharing_enabled":true,"_links":{"self":[{"href":"https:\/\/www.savethequeen.it\/fr\/wp-json\/wp\/v2\/product\/274374","targetHints":{"allow":["GET"]}}],"collection":[{"href":"https:\/\/www.savethequeen.it\/fr\/wp-json\/wp\/v2\/product"}],"about":[{"href":"https:\/\/www.savethequeen.it\/fr\/wp-json\/wp\/v2\/types\/product"}],"replies":[{"embeddable":true,"href":"https:\/\/www.savethequeen.it\/fr\/wp-json\/wp\/v2\/comments?post=274374"}],"wp:featuredmedia":[{"embeddable":true,"href":"https:\/\/www.savethequeen.it\/fr\/wp-json\/wp\/v2\/media\/277105"}],"wp:attachment":[{"href":"https:\/\/www.savethequeen.it\/fr\/wp-json\/wp\/v2\/media?parent=274374"}],"wp:term":[{"taxonomy":"product_brand","embeddable":true,"href":"https:\/\/www.savethequeen.it\/fr\/wp-json\/wp\/v2\/product_brand?post=274374"},{"taxonomy":"product_cat","embeddable":true,"href":"https:\/\/www.savethequeen.it\/fr\/wp-json\/wp\/v2\/product_cat?post=274374"},{"taxonomy":"product_tag","embeddable":true,"href":"https:\/\/www.savethequeen.it\/fr\/wp-json\/wp\/v2\/product_tag?post=274374"}],"curies":[{"name":"wp","href":"https:\/\/api.w.org\/{rel}","templated":true}]}}