{"id":274163,"date":"2026-02-18T18:21:01","date_gmt":"2026-02-18T17:21:01","guid":{"rendered":"https:\/\/www.savethequeen.it\/stq\/index.php\/prodotto\/jupe-longue-blanche-avec-imprime-2\/"},"modified":"2026-02-18T18:21:01","modified_gmt":"2026-02-18T17:21:01","slug":"jupe-longue-blanche-avec-imprime-2","status":"publish","type":"product","link":"https:\/\/www.savethequeen.it\/fr\/prodotto\/jupe-longue-blanche-avec-imprime-2\/","title":{"rendered":"Jupe longue blanche avec imprim\u00e9"},"content":{"rendered":"<p>Jupe longue blanche en coton stretch \u00e0 l\u2019effet froiss\u00e9, agr\u00e9ment\u00e9e de surpiq\u00fbres couleur ocre et de l\u2019imprim\u00e9 exclusif Ohdd appliqu\u00e9 directement sur le v\u00eatement. Les huit empi\u00e8cements triangulaires dans la partie inf\u00e9rieure cr\u00e9ent un \u00e9l\u00e9gant volume en cloche.<\/p>\n<p>&nbsp;<\/p>\n<p>Cet article a \u00e9t\u00e9 con\u00e7u et produit \u00e0 100 % en Italie.<\/p>\n","protected":false},"excerpt":{"rendered":"<p>Jupe longue blanche en coton stretch \u00e0 l\u2019effet froiss\u00e9, agr\u00e9ment\u00e9e de surpiq\u00fbres couleur ocre et de l\u2019imprim\u00e9 exclusif Ohdd appliqu\u00e9<\/p>\n","protected":false},"featured_media":274161,"comment_status":"open","ping_status":"closed","template":"","meta":{"postBodyCss":"","postBodyMargin":[],"postBodyPadding":[],"postBodyBackground":{"backgroundType":"classic","gradient":""},"enableOnePageScrollInPage":false,"onePageScrollCss":"","onePageScrollSpeed":1000,"onePageScrollAnimation":"easeInOutQuad","onePageScrollShowDotNavigation":true,"onePageScrollNavigation":"scaleUp","onePageScrollNavigationPosition":"right","onePageScrollNavigationHorizontal":[],"onePageScrollNavigationVertical":[],"onePageScrollNavigationSpacing":[],"onePageScrollNavigationColor":"#00ff0d","onePageScrollNavigationColorHover":"#00ff0d","onePageScrollNavigationColorActive":"#00ff0d","onePageScrollNavigationIcon":[],"onePageScrollNavigationWidth":[],"onePageScrollNavigationWidthHover":[],"onePageScrollNavigationWidthActive":[],"onePageScrollNavigationHeight":[],"onePageScrollNavigationHeightHover":[],"onePageScrollNavigationHeightActive":[],"onePageScrollNavigationBorder":[],"onePageScrollNavigationBorderHover":[],"onePageScrollNavigationBorderActive":[],"onePageScrollNavigationBorderRadius":[],"onePageScrollNavigationBorderRadiusHover":[],"onePageScrollNavigationBorderRadiusActive":[],"onePageScrollNavigationTooltipTypography":[],"onePageScrollNavigationTooltipColor":"#ffffff","onePageScrollNavigationTooltipColorHover":"","onePageScrollNavigationTooltipBgColor":"#00ff0d","onePageScrollNavigationTooltipBgColorHover":"","onePageScrollNavigationTooltipPadding":[],"onePageScrollNavigationTooltipPaddingHover":[],"onePageScrollNavigationTooltipBorderRadius":[],"onePageScrollNavigationTooltipBorderRadiusHover":[],"pageSettingsCustomCss":""},"product_brand":[353],"product_cat":[246,295,229],"product_tag":[],"class_list":{"0":"post-274163","1":"product","2":"type-product","3":"status-publish","4":"has-post-thumbnail","6":"product_brand-ohdd","7":"product_cat-jupes","8":"product_cat-ohdd","9":"product_cat-vetements-pour-femmes","10":"pa_vestibilita-regular","12":"first","13":"instock","14":"sale","15":"taxable","16":"shipping-taxable","17":"purchasable","18":"product-type-variable"},"jetpack_sharing_enabled":true,"_links":{"self":[{"href":"https:\/\/www.savethequeen.it\/fr\/wp-json\/wp\/v2\/product\/274163","targetHints":{"allow":["GET"]}}],"collection":[{"href":"https:\/\/www.savethequeen.it\/fr\/wp-json\/wp\/v2\/product"}],"about":[{"href":"https:\/\/www.savethequeen.it\/fr\/wp-json\/wp\/v2\/types\/product"}],"replies":[{"embeddable":true,"href":"https:\/\/www.savethequeen.it\/fr\/wp-json\/wp\/v2\/comments?post=274163"}],"wp:featuredmedia":[{"embeddable":true,"href":"https:\/\/www.savethequeen.it\/fr\/wp-json\/wp\/v2\/media\/274161"}],"wp:attachment":[{"href":"https:\/\/www.savethequeen.it\/fr\/wp-json\/wp\/v2\/media?parent=274163"}],"wp:term":[{"taxonomy":"product_brand","embeddable":true,"href":"https:\/\/www.savethequeen.it\/fr\/wp-json\/wp\/v2\/product_brand?post=274163"},{"taxonomy":"product_cat","embeddable":true,"href":"https:\/\/www.savethequeen.it\/fr\/wp-json\/wp\/v2\/product_cat?post=274163"},{"taxonomy":"product_tag","embeddable":true,"href":"https:\/\/www.savethequeen.it\/fr\/wp-json\/wp\/v2\/product_tag?post=274163"}],"curies":[{"name":"wp","href":"https:\/\/api.w.org\/{rel}","templated":true}]}}