{"id":274106,"date":"2025-10-29T12:06:42","date_gmt":"2025-10-29T11:06:42","guid":{"rendered":"https:\/\/www.savethequeen.it\/stq\/index.php\/prodotto\/ensemble-chemin-de-table-reversible-en-soie-avec-coussins-assortis-2\/"},"modified":"2025-10-29T12:06:42","modified_gmt":"2025-10-29T11:06:42","slug":"ensemble-chemin-de-table-reversible-en-soie-avec-coussins-assortis-2","status":"publish","type":"product","link":"https:\/\/www.savethequeen.it\/fr\/prodotto\/ensemble-chemin-de-table-reversible-en-soie-avec-coussins-assortis-2\/","title":{"rendered":"Ensemble chemin de table r\u00e9versible en soie avec coussins assortis"},"content":{"rendered":"<p>Un magnifique ensemble de d\u00e9coration compos\u00e9 d\u2019un \u00e9l\u00e9gant chemin de table r\u00e9versible, de deux coussins rectangulaires et de deux coussins carr\u00e9s.<br \/>\nEnti\u00e8rement confectionn\u00e9 en 100 % soie avec des imprim\u00e9s exclusifs Save the Queen, cet ensemble est con\u00e7u pour sublimer aussi bien le canap\u00e9 que le lit, transformant chaque pi\u00e8ce en une oasis d\u2019\u00e9l\u00e9gance et d\u2019harmonie.<\/p>\n<p>Le raffinement incomparable de Save the Queen s\u2019exprime dans un \u00e9quilibre parfait entre tradition et modernit\u00e9, entre confort et esth\u00e9tique.<br \/>\nUn accessoire de d\u00e9coration unique, capable d\u2019apporter authenticit\u00e9 et caract\u00e8re \u00e0 votre maison.<\/p>\n<p>Amusez-vous \u00e0 \u00ab habiller \u00bb vos espaces et laissez-vous transporter, une fois de plus, dans un voyage vers des lieux magiques. Chaque imprim\u00e9 racontera une histoire, offrant une exp\u00e9rience sensorielle riche de chaleur et de charme. <\/p>\n<p>Une attention particuli\u00e8re a \u00e9t\u00e9 port\u00e9e \u00e0 la qualit\u00e9 de la soie et au travail de matelassage, fruit d\u2019une fabrication soign\u00e9e.<br \/>\nLes coussins, avec leur fermeture portefeuille pratique, allient \u00e9l\u00e9gance et fonctionnalit\u00e9.<\/p>\n<p>En cadeau, le rembourrage IKEA, choisi pour sa fiabilit\u00e9 et son confort in\u00e9gal\u00e9.<\/p>\n<p>Cet article a \u00e9t\u00e9 con\u00e7u et produit \u00e0 100 % en Italie.<\/p>\n<p>DIMENSIONS<br \/>\nCoussins carr\u00e9s : 50 x 50 cm<br \/>\nCoussins rectangulaires : 40 x 60 cm<br \/>\nChemin de table : 275 x 130<\/p>\n","protected":false},"excerpt":{"rendered":"<p>Un magnifique ensemble de d\u00e9coration compos\u00e9 d\u2019un \u00e9l\u00e9gant chemin de table r\u00e9versible, de deux coussins rectangulaires et de deux coussins<\/p>\n","protected":false},"featured_media":270315,"comment_status":"closed","ping_status":"closed","template":"","meta":{"postBodyCss":"","postBodyMargin":[],"postBodyPadding":[],"postBodyBackground":{"backgroundType":"classic","gradient":""},"enableOnePageScrollInPage":false,"onePageScrollCss":"","onePageScrollSpeed":1000,"onePageScrollAnimation":"easeInOutQuad","onePageScrollShowDotNavigation":true,"onePageScrollNavigation":"scaleUp","onePageScrollNavigationPosition":"right","onePageScrollNavigationHorizontal":[],"onePageScrollNavigationVertical":[],"onePageScrollNavigationSpacing":[],"onePageScrollNavigationColor":"#00ff0d","onePageScrollNavigationColorHover":"#00ff0d","onePageScrollNavigationColorActive":"#00ff0d","onePageScrollNavigationIcon":[],"onePageScrollNavigationWidth":[],"onePageScrollNavigationWidthHover":[],"onePageScrollNavigationWidthActive":[],"onePageScrollNavigationHeight":[],"onePageScrollNavigationHeightHover":[],"onePageScrollNavigationHeightActive":[],"onePageScrollNavigationBorder":[],"onePageScrollNavigationBorderHover":[],"onePageScrollNavigationBorderActive":[],"onePageScrollNavigationBorderRadius":[],"onePageScrollNavigationBorderRadiusHover":[],"onePageScrollNavigationBorderRadiusActive":[],"onePageScrollNavigationTooltipTypography":[],"onePageScrollNavigationTooltipColor":"#ffffff","onePageScrollNavigationTooltipColorHover":"","onePageScrollNavigationTooltipBgColor":"#00ff0d","onePageScrollNavigationTooltipBgColorHover":"","onePageScrollNavigationTooltipPadding":[],"onePageScrollNavigationTooltipPaddingHover":[],"onePageScrollNavigationTooltipBorderRadius":[],"onePageScrollNavigationTooltipBorderRadiusHover":[],"pageSettingsCustomCss":""},"product_brand":[],"product_cat":[291,285],"product_tag":[],"class_list":{"0":"post-274106","1":"product","2":"type-product","3":"status-publish","4":"has-post-thumbnail","6":"product_cat-ensemble","7":"product_cat-home-decor","9":"first","10":"instock","11":"sale","12":"taxable","13":"shipping-taxable","14":"purchasable","15":"product-type-simple"},"jetpack_sharing_enabled":true,"_links":{"self":[{"href":"https:\/\/www.savethequeen.it\/fr\/wp-json\/wp\/v2\/product\/274106","targetHints":{"allow":["GET"]}}],"collection":[{"href":"https:\/\/www.savethequeen.it\/fr\/wp-json\/wp\/v2\/product"}],"about":[{"href":"https:\/\/www.savethequeen.it\/fr\/wp-json\/wp\/v2\/types\/product"}],"replies":[{"embeddable":true,"href":"https:\/\/www.savethequeen.it\/fr\/wp-json\/wp\/v2\/comments?post=274106"}],"wp:featuredmedia":[{"embeddable":true,"href":"https:\/\/www.savethequeen.it\/fr\/wp-json\/wp\/v2\/media\/270315"}],"wp:attachment":[{"href":"https:\/\/www.savethequeen.it\/fr\/wp-json\/wp\/v2\/media?parent=274106"}],"wp:term":[{"taxonomy":"product_brand","embeddable":true,"href":"https:\/\/www.savethequeen.it\/fr\/wp-json\/wp\/v2\/product_brand?post=274106"},{"taxonomy":"product_cat","embeddable":true,"href":"https:\/\/www.savethequeen.it\/fr\/wp-json\/wp\/v2\/product_cat?post=274106"},{"taxonomy":"product_tag","embeddable":true,"href":"https:\/\/www.savethequeen.it\/fr\/wp-json\/wp\/v2\/product_tag?post=274106"}],"curies":[{"name":"wp","href":"https:\/\/api.w.org\/{rel}","templated":true}]}}