{"id":273935,"date":"2025-10-29T15:41:20","date_gmt":"2025-10-29T14:41:20","guid":{"rendered":"https:\/\/www.savethequeen.it\/stq\/index.php\/prodotto\/coussin-macule-luxury\/"},"modified":"2025-10-29T15:41:20","modified_gmt":"2025-10-29T14:41:20","slug":"coussin-macule-luxury","status":"publish","type":"product","link":"https:\/\/www.savethequeen.it\/fr\/prodotto\/coussin-macule-luxury\/","title":{"rendered":"Coussin Macul\u00e9 Luxury"},"content":{"rendered":"<p>Un coussin qui interpr\u00e8te l&rsquo;inspiration cr\u00e9ative \u00e0 travers des d\u00e9cors animaliers parsem\u00e9s de petits clous m\u00e9talliques brillants et de broderies raffin\u00e9es avec des fils de qualit\u00e9 : la tonalit\u00e9 pr\u00e9dominante du beige sable s&rsquo;associe \u00e0 des nuances chaudes plus fonc\u00e9es, sur des tissus de soie et de lin qui \u00e9voquent des atmosph\u00e8res \u00e9l\u00e9gantes et audacieuses.<\/p>\n<p>L&rsquo;application brod\u00e9e, pr\u00e9cieuse et m\u00e9ticuleuse, transforme chaque d\u00e9tail en une petite \u0153uvre d&rsquo;art textile. Le format rectangulaire s&rsquo;adapte parfaitement aux canap\u00e9s et fauteuils au go\u00fbt contemporain, apportant personnalit\u00e9 et chaleur gr\u00e2ce \u00e0 la qualit\u00e9 des mat\u00e9riaux utilis\u00e9s et au soin de la confection. <\/p>\n<p>Enti\u00e8rement travaill\u00e9 \u00e0 la main et con\u00e7u sans fermeture \u00e9clair, sa structure \u00ab en enveloppe \u00bb garantit praticit\u00e9 et \u00e9l\u00e9gance.<\/p>\n<p>Le rembourrage Ikea offert, s\u00e9lectionn\u00e9 pour sa fiabilit\u00e9 et son confort, permet au coussin de rester moelleux et r\u00e9sistant dans le temps.<\/p>\n<p>Composition : 75 % soie, 25 % lin<br \/>\nDimensions : 40&#215;60 cm<\/p>\n<p>Lavage : \u00e0 la main ou en machine d\u00e9licat<\/p>\n<p>Cet article a \u00e9t\u00e9 con\u00e7u et produit \u00e0 100 % en Italie.<\/p>\n","protected":false},"excerpt":{"rendered":"<p>Un coussin qui interpr\u00e8te l&rsquo;inspiration cr\u00e9ative \u00e0 travers des d\u00e9cors animaliers parsem\u00e9s de petits clous m\u00e9talliques brillants et de broderies<\/p>\n","protected":false},"featured_media":270379,"comment_status":"closed","ping_status":"closed","template":"","meta":{"postBodyCss":"","postBodyMargin":[],"postBodyPadding":[],"postBodyBackground":{"backgroundType":"classic","gradient":""},"enableOnePageScrollInPage":false,"onePageScrollCss":"","onePageScrollSpeed":1000,"onePageScrollAnimation":"easeInOutQuad","onePageScrollShowDotNavigation":true,"onePageScrollNavigation":"scaleUp","onePageScrollNavigationPosition":"right","onePageScrollNavigationHorizontal":[],"onePageScrollNavigationVertical":[],"onePageScrollNavigationSpacing":[],"onePageScrollNavigationColor":"#00ff0d","onePageScrollNavigationColorHover":"#00ff0d","onePageScrollNavigationColorActive":"#00ff0d","onePageScrollNavigationIcon":[],"onePageScrollNavigationWidth":[],"onePageScrollNavigationWidthHover":[],"onePageScrollNavigationWidthActive":[],"onePageScrollNavigationHeight":[],"onePageScrollNavigationHeightHover":[],"onePageScrollNavigationHeightActive":[],"onePageScrollNavigationBorder":[],"onePageScrollNavigationBorderHover":[],"onePageScrollNavigationBorderActive":[],"onePageScrollNavigationBorderRadius":[],"onePageScrollNavigationBorderRadiusHover":[],"onePageScrollNavigationBorderRadiusActive":[],"onePageScrollNavigationTooltipTypography":[],"onePageScrollNavigationTooltipColor":"#ffffff","onePageScrollNavigationTooltipColorHover":"","onePageScrollNavigationTooltipBgColor":"#00ff0d","onePageScrollNavigationTooltipBgColorHover":"","onePageScrollNavigationTooltipPadding":[],"onePageScrollNavigationTooltipPaddingHover":[],"onePageScrollNavigationTooltipBorderRadius":[],"onePageScrollNavigationTooltipBorderRadiusHover":[],"pageSettingsCustomCss":""},"product_brand":[],"product_cat":[288,285],"product_tag":[],"class_list":{"0":"post-273935","1":"product","2":"type-product","3":"status-publish","4":"has-post-thumbnail","6":"product_cat-coussins","7":"product_cat-home-decor","9":"first","10":"instock","11":"sale","12":"taxable","13":"shipping-taxable","14":"purchasable","15":"product-type-simple"},"jetpack_sharing_enabled":true,"_links":{"self":[{"href":"https:\/\/www.savethequeen.it\/fr\/wp-json\/wp\/v2\/product\/273935","targetHints":{"allow":["GET"]}}],"collection":[{"href":"https:\/\/www.savethequeen.it\/fr\/wp-json\/wp\/v2\/product"}],"about":[{"href":"https:\/\/www.savethequeen.it\/fr\/wp-json\/wp\/v2\/types\/product"}],"replies":[{"embeddable":true,"href":"https:\/\/www.savethequeen.it\/fr\/wp-json\/wp\/v2\/comments?post=273935"}],"wp:featuredmedia":[{"embeddable":true,"href":"https:\/\/www.savethequeen.it\/fr\/wp-json\/wp\/v2\/media\/270379"}],"wp:attachment":[{"href":"https:\/\/www.savethequeen.it\/fr\/wp-json\/wp\/v2\/media?parent=273935"}],"wp:term":[{"taxonomy":"product_brand","embeddable":true,"href":"https:\/\/www.savethequeen.it\/fr\/wp-json\/wp\/v2\/product_brand?post=273935"},{"taxonomy":"product_cat","embeddable":true,"href":"https:\/\/www.savethequeen.it\/fr\/wp-json\/wp\/v2\/product_cat?post=273935"},{"taxonomy":"product_tag","embeddable":true,"href":"https:\/\/www.savethequeen.it\/fr\/wp-json\/wp\/v2\/product_tag?post=273935"}],"curies":[{"name":"wp","href":"https:\/\/api.w.org\/{rel}","templated":true}]}}