{"id":273931,"date":"2025-10-30T12:47:53","date_gmt":"2025-10-30T11:47:53","guid":{"rendered":"https:\/\/www.savethequeen.it\/stq\/index.php\/prodotto\/coussin-en-tweed-de-soie\/"},"modified":"2025-10-30T12:47:53","modified_gmt":"2025-10-30T11:47:53","slug":"coussin-en-tweed-de-soie","status":"publish","type":"product","link":"https:\/\/www.savethequeen.it\/fr\/prodotto\/coussin-en-tweed-de-soie\/","title":{"rendered":"Coussin en tweed de soie"},"content":{"rendered":"<p>D\u00e9di\u00e9 aux amateurs de raffinement, ce coussin unit la luminosit\u00e9 pure de la soie \u00e0 celle mat\u00e9rielle de la viscose, dans une danse de blanc et noir effet tweed.<\/p>\n<p>Les broderies travaill\u00e9es \u00e0 la main avec des paillettes m\u00e9talliques embellissent la surface, cr\u00e9ant des reflets d\u00e9licats et des d\u00e9tails de grand charme.<\/p>\n<p>Douceur, r\u00e9sistance et une fermeture pratique \u00ab\u00a0en enveloppe\u00a0\u00bb qui garantit praticit\u00e9 et \u00e9l\u00e9gance, le rendent id\u00e9al pour compl\u00e9ter des int\u00e9rieurs modernes au caract\u00e8re affirm\u00e9.<\/p>\n<p>Offert en cadeau, le rembourrage Ikea, s\u00e9lectionn\u00e9 pour sa fiabilit\u00e9 et son confort, fait en sorte que le coussin reste moelleux et r\u00e9sistant dans le temps.<\/p>\n<p>Composition : 50 % soie, 50 % viscose<br \/>\nDimensions : 40&#215;60 cm<\/p>\n<p>Lavage : \u00e0 la main ou en machine d\u00e9licat<\/p>\n<p>Cet article a \u00e9t\u00e9 con\u00e7u et produit \u00e0 100 % en Italie.<\/p>\n","protected":false},"excerpt":{"rendered":"<p>D\u00e9di\u00e9 aux amateurs de raffinement, ce coussin unit la luminosit\u00e9 pure de la soie \u00e0 celle mat\u00e9rielle de la viscose,<\/p>\n","protected":false},"featured_media":270382,"comment_status":"closed","ping_status":"closed","template":"","meta":{"postBodyCss":"","postBodyMargin":[],"postBodyPadding":[],"postBodyBackground":{"backgroundType":"classic","gradient":""},"enableOnePageScrollInPage":false,"onePageScrollCss":"","onePageScrollSpeed":1000,"onePageScrollAnimation":"easeInOutQuad","onePageScrollShowDotNavigation":true,"onePageScrollNavigation":"scaleUp","onePageScrollNavigationPosition":"right","onePageScrollNavigationHorizontal":[],"onePageScrollNavigationVertical":[],"onePageScrollNavigationSpacing":[],"onePageScrollNavigationColor":"#00ff0d","onePageScrollNavigationColorHover":"#00ff0d","onePageScrollNavigationColorActive":"#00ff0d","onePageScrollNavigationIcon":[],"onePageScrollNavigationWidth":[],"onePageScrollNavigationWidthHover":[],"onePageScrollNavigationWidthActive":[],"onePageScrollNavigationHeight":[],"onePageScrollNavigationHeightHover":[],"onePageScrollNavigationHeightActive":[],"onePageScrollNavigationBorder":[],"onePageScrollNavigationBorderHover":[],"onePageScrollNavigationBorderActive":[],"onePageScrollNavigationBorderRadius":[],"onePageScrollNavigationBorderRadiusHover":[],"onePageScrollNavigationBorderRadiusActive":[],"onePageScrollNavigationTooltipTypography":[],"onePageScrollNavigationTooltipColor":"#ffffff","onePageScrollNavigationTooltipColorHover":"","onePageScrollNavigationTooltipBgColor":"#00ff0d","onePageScrollNavigationTooltipBgColorHover":"","onePageScrollNavigationTooltipPadding":[],"onePageScrollNavigationTooltipPaddingHover":[],"onePageScrollNavigationTooltipBorderRadius":[],"onePageScrollNavigationTooltipBorderRadiusHover":[],"pageSettingsCustomCss":""},"product_brand":[],"product_cat":[288,285],"product_tag":[],"class_list":{"0":"post-273931","1":"product","2":"type-product","3":"status-publish","4":"has-post-thumbnail","6":"product_cat-coussins","7":"product_cat-home-decor","9":"first","10":"instock","11":"sale","12":"taxable","13":"shipping-taxable","14":"purchasable","15":"product-type-simple"},"jetpack_sharing_enabled":true,"_links":{"self":[{"href":"https:\/\/www.savethequeen.it\/fr\/wp-json\/wp\/v2\/product\/273931","targetHints":{"allow":["GET"]}}],"collection":[{"href":"https:\/\/www.savethequeen.it\/fr\/wp-json\/wp\/v2\/product"}],"about":[{"href":"https:\/\/www.savethequeen.it\/fr\/wp-json\/wp\/v2\/types\/product"}],"replies":[{"embeddable":true,"href":"https:\/\/www.savethequeen.it\/fr\/wp-json\/wp\/v2\/comments?post=273931"}],"wp:featuredmedia":[{"embeddable":true,"href":"https:\/\/www.savethequeen.it\/fr\/wp-json\/wp\/v2\/media\/270382"}],"wp:attachment":[{"href":"https:\/\/www.savethequeen.it\/fr\/wp-json\/wp\/v2\/media?parent=273931"}],"wp:term":[{"taxonomy":"product_brand","embeddable":true,"href":"https:\/\/www.savethequeen.it\/fr\/wp-json\/wp\/v2\/product_brand?post=273931"},{"taxonomy":"product_cat","embeddable":true,"href":"https:\/\/www.savethequeen.it\/fr\/wp-json\/wp\/v2\/product_cat?post=273931"},{"taxonomy":"product_tag","embeddable":true,"href":"https:\/\/www.savethequeen.it\/fr\/wp-json\/wp\/v2\/product_tag?post=273931"}],"curies":[{"name":"wp","href":"https:\/\/api.w.org\/{rel}","templated":true}]}}