{"id":273907,"date":"2025-10-30T12:56:15","date_gmt":"2025-10-30T11:56:15","guid":{"rendered":"https:\/\/www.savethequeen.it\/stq\/index.php\/prodotto\/coussin-soie-et-paillettes\/"},"modified":"2025-10-30T12:56:15","modified_gmt":"2025-10-30T11:56:15","slug":"coussin-soie-et-paillettes","status":"publish","type":"product","link":"https:\/\/www.savethequeen.it\/fr\/prodotto\/coussin-soie-et-paillettes\/","title":{"rendered":"Coussin Soie et Paillettes"},"content":{"rendered":"<p>En soie couleur prune, ce coussin lumineux est brod\u00e9 de fil de soie couleur cr\u00e8me et de paillettes aux reflets m\u00e9talliques. Le dos est r\u00e9alis\u00e9 en tissu prince de Galles dans les tons de gris et de rouge, con\u00e7u pour enrichir chaque coin de la maison avec des touches de style. L&rsquo;effet de la combinaison entre mat\u00e9riaux pr\u00e9cieux et d\u00e9cors raffin\u00e9s transforme ce coussin en protagoniste de la d\u00e9coration.  <\/p>\n<p>Enti\u00e8rement travaill\u00e9 \u00e0 la main et con\u00e7u sans fermeture \u00e9clair, sa structure \u00ab en enveloppe \u00bb garantit praticit\u00e9 et \u00e9l\u00e9gance.<\/p>\n<p>Le rembourrage Ikea offert, s\u00e9lectionn\u00e9 pour sa fiabilit\u00e9 et son confort, permet au coussin de rester moelleux et r\u00e9sistant dans le temps.<\/p>\n<p>&nbsp;<\/p>\n<p>Composition : 100 % soie, d\u00e9tails en polyester et viscose<br \/>\nDimensions : 40 x 60 cm<br \/>\nLavage : \u00e0 la main ou en machine d\u00e9licat<\/p>\n<p>Cet article a \u00e9t\u00e9 con\u00e7u et produit \u00e0 100 % en Italie.<\/p>\n","protected":false},"excerpt":{"rendered":"<p>En soie couleur prune, ce coussin lumineux est brod\u00e9 de fil de soie couleur cr\u00e8me et de paillettes aux reflets<\/p>\n","protected":false},"featured_media":270388,"comment_status":"closed","ping_status":"closed","template":"","meta":{"postBodyCss":"","postBodyMargin":[],"postBodyPadding":[],"postBodyBackground":{"backgroundType":"classic","gradient":""},"enableOnePageScrollInPage":false,"onePageScrollCss":"","onePageScrollSpeed":1000,"onePageScrollAnimation":"easeInOutQuad","onePageScrollShowDotNavigation":true,"onePageScrollNavigation":"scaleUp","onePageScrollNavigationPosition":"right","onePageScrollNavigationHorizontal":[],"onePageScrollNavigationVertical":[],"onePageScrollNavigationSpacing":[],"onePageScrollNavigationColor":"#00ff0d","onePageScrollNavigationColorHover":"#00ff0d","onePageScrollNavigationColorActive":"#00ff0d","onePageScrollNavigationIcon":[],"onePageScrollNavigationWidth":[],"onePageScrollNavigationWidthHover":[],"onePageScrollNavigationWidthActive":[],"onePageScrollNavigationHeight":[],"onePageScrollNavigationHeightHover":[],"onePageScrollNavigationHeightActive":[],"onePageScrollNavigationBorder":[],"onePageScrollNavigationBorderHover":[],"onePageScrollNavigationBorderActive":[],"onePageScrollNavigationBorderRadius":[],"onePageScrollNavigationBorderRadiusHover":[],"onePageScrollNavigationBorderRadiusActive":[],"onePageScrollNavigationTooltipTypography":[],"onePageScrollNavigationTooltipColor":"#ffffff","onePageScrollNavigationTooltipColorHover":"","onePageScrollNavigationTooltipBgColor":"#00ff0d","onePageScrollNavigationTooltipBgColorHover":"","onePageScrollNavigationTooltipPadding":[],"onePageScrollNavigationTooltipPaddingHover":[],"onePageScrollNavigationTooltipBorderRadius":[],"onePageScrollNavigationTooltipBorderRadiusHover":[],"pageSettingsCustomCss":""},"product_brand":[],"product_cat":[288,285],"product_tag":[],"class_list":{"0":"post-273907","1":"product","2":"type-product","3":"status-publish","4":"has-post-thumbnail","6":"product_cat-coussins","7":"product_cat-home-decor","9":"first","10":"instock","11":"sale","12":"taxable","13":"shipping-taxable","14":"purchasable","15":"product-type-simple"},"jetpack_sharing_enabled":true,"_links":{"self":[{"href":"https:\/\/www.savethequeen.it\/fr\/wp-json\/wp\/v2\/product\/273907","targetHints":{"allow":["GET"]}}],"collection":[{"href":"https:\/\/www.savethequeen.it\/fr\/wp-json\/wp\/v2\/product"}],"about":[{"href":"https:\/\/www.savethequeen.it\/fr\/wp-json\/wp\/v2\/types\/product"}],"replies":[{"embeddable":true,"href":"https:\/\/www.savethequeen.it\/fr\/wp-json\/wp\/v2\/comments?post=273907"}],"wp:featuredmedia":[{"embeddable":true,"href":"https:\/\/www.savethequeen.it\/fr\/wp-json\/wp\/v2\/media\/270388"}],"wp:attachment":[{"href":"https:\/\/www.savethequeen.it\/fr\/wp-json\/wp\/v2\/media?parent=273907"}],"wp:term":[{"taxonomy":"product_brand","embeddable":true,"href":"https:\/\/www.savethequeen.it\/fr\/wp-json\/wp\/v2\/product_brand?post=273907"},{"taxonomy":"product_cat","embeddable":true,"href":"https:\/\/www.savethequeen.it\/fr\/wp-json\/wp\/v2\/product_cat?post=273907"},{"taxonomy":"product_tag","embeddable":true,"href":"https:\/\/www.savethequeen.it\/fr\/wp-json\/wp\/v2\/product_tag?post=273907"}],"curies":[{"name":"wp","href":"https:\/\/api.w.org\/{rel}","templated":true}]}}