{"id":273891,"date":"2025-10-30T14:34:18","date_gmt":"2025-10-30T13:34:18","guid":{"rendered":"https:\/\/www.savethequeen.it\/stq\/index.php\/prodotto\/coussin-en-bourette-de-soie\/"},"modified":"2025-10-30T14:34:18","modified_gmt":"2025-10-30T13:34:18","slug":"coussin-en-bourette-de-soie","status":"publish","type":"product","link":"https:\/\/www.savethequeen.it\/fr\/prodotto\/coussin-en-bourette-de-soie\/","title":{"rendered":"Coussin en bourette de soie"},"content":{"rendered":"<p>Sur un fond affirm\u00e9 de soie noir anthracite, ce coussin se distingue par une surface travaill\u00e9e en bourette de soie, rehauss\u00e9e de petites sph\u00e8res couleur m\u00e9tal qui apportent un reflet unique. Le dos matelass\u00e9 en nylon ajoute consistance et praticit\u00e9. Con\u00e7u pour ajouter une touche contemporaine \u00e0 la maison, ce coussin allie fabrication artisanale et style urbain.<\/p>\n<p>Enti\u00e8rement travaill\u00e9 \u00e0 la main et con\u00e7u sans fermeture \u00e9clair, sa structure \u00ab en enveloppe \u00bb garantit praticit\u00e9 et \u00e9l\u00e9gance.<\/p>\n<p>Le rembourrage Ikea offert, s\u00e9lectionn\u00e9 pour sa fiabilit\u00e9 et son confort, permet au coussin de rester moelleux et r\u00e9sistant dans le temps.<\/p>\n<p>Lavage : \u00e0 la main ou \u00e0 sec<\/p>\n<p>Cet article a \u00e9t\u00e9 con\u00e7u et produit \u00e0 100 % en Italie.<\/p>\n<p>Composition : 100 % soie<br \/>\nDimensions : 40 x 60 cm<\/p>\n","protected":false},"excerpt":{"rendered":"<p>Sur un fond affirm\u00e9 de soie noir anthracite, ce coussin se distingue par une surface travaill\u00e9e en bourette de soie,<\/p>\n","protected":false},"featured_media":270394,"comment_status":"closed","ping_status":"closed","template":"","meta":{"postBodyCss":"","postBodyMargin":[],"postBodyPadding":[],"postBodyBackground":{"backgroundType":"classic","gradient":""},"enableOnePageScrollInPage":false,"onePageScrollCss":"","onePageScrollSpeed":1000,"onePageScrollAnimation":"easeInOutQuad","onePageScrollShowDotNavigation":true,"onePageScrollNavigation":"scaleUp","onePageScrollNavigationPosition":"right","onePageScrollNavigationHorizontal":[],"onePageScrollNavigationVertical":[],"onePageScrollNavigationSpacing":[],"onePageScrollNavigationColor":"#00ff0d","onePageScrollNavigationColorHover":"#00ff0d","onePageScrollNavigationColorActive":"#00ff0d","onePageScrollNavigationIcon":[],"onePageScrollNavigationWidth":[],"onePageScrollNavigationWidthHover":[],"onePageScrollNavigationWidthActive":[],"onePageScrollNavigationHeight":[],"onePageScrollNavigationHeightHover":[],"onePageScrollNavigationHeightActive":[],"onePageScrollNavigationBorder":[],"onePageScrollNavigationBorderHover":[],"onePageScrollNavigationBorderActive":[],"onePageScrollNavigationBorderRadius":[],"onePageScrollNavigationBorderRadiusHover":[],"onePageScrollNavigationBorderRadiusActive":[],"onePageScrollNavigationTooltipTypography":[],"onePageScrollNavigationTooltipColor":"#ffffff","onePageScrollNavigationTooltipColorHover":"","onePageScrollNavigationTooltipBgColor":"#00ff0d","onePageScrollNavigationTooltipBgColorHover":"","onePageScrollNavigationTooltipPadding":[],"onePageScrollNavigationTooltipPaddingHover":[],"onePageScrollNavigationTooltipBorderRadius":[],"onePageScrollNavigationTooltipBorderRadiusHover":[],"pageSettingsCustomCss":""},"product_brand":[],"product_cat":[288,285],"product_tag":[],"class_list":{"0":"post-273891","1":"product","2":"type-product","3":"status-publish","4":"has-post-thumbnail","6":"product_cat-coussins","7":"product_cat-home-decor","9":"first","10":"instock","11":"sale","12":"taxable","13":"shipping-taxable","14":"purchasable","15":"product-type-simple"},"jetpack_sharing_enabled":true,"_links":{"self":[{"href":"https:\/\/www.savethequeen.it\/fr\/wp-json\/wp\/v2\/product\/273891","targetHints":{"allow":["GET"]}}],"collection":[{"href":"https:\/\/www.savethequeen.it\/fr\/wp-json\/wp\/v2\/product"}],"about":[{"href":"https:\/\/www.savethequeen.it\/fr\/wp-json\/wp\/v2\/types\/product"}],"replies":[{"embeddable":true,"href":"https:\/\/www.savethequeen.it\/fr\/wp-json\/wp\/v2\/comments?post=273891"}],"wp:featuredmedia":[{"embeddable":true,"href":"https:\/\/www.savethequeen.it\/fr\/wp-json\/wp\/v2\/media\/270394"}],"wp:attachment":[{"href":"https:\/\/www.savethequeen.it\/fr\/wp-json\/wp\/v2\/media?parent=273891"}],"wp:term":[{"taxonomy":"product_brand","embeddable":true,"href":"https:\/\/www.savethequeen.it\/fr\/wp-json\/wp\/v2\/product_brand?post=273891"},{"taxonomy":"product_cat","embeddable":true,"href":"https:\/\/www.savethequeen.it\/fr\/wp-json\/wp\/v2\/product_cat?post=273891"},{"taxonomy":"product_tag","embeddable":true,"href":"https:\/\/www.savethequeen.it\/fr\/wp-json\/wp\/v2\/product_tag?post=273891"}],"curies":[{"name":"wp","href":"https:\/\/api.w.org\/{rel}","templated":true}]}}