{"id":273875,"date":"2025-10-31T22:17:13","date_gmt":"2025-10-31T21:17:13","guid":{"rendered":"https:\/\/www.savethequeen.it\/stq\/index.php\/prodotto\/coussin-rectangulaire-en-cuir-matelasse-2\/"},"modified":"2025-10-31T22:17:13","modified_gmt":"2025-10-31T21:17:13","slug":"coussin-rectangulaire-en-cuir-matelasse-2","status":"publish","type":"product","link":"https:\/\/www.savethequeen.it\/fr\/prodotto\/coussin-rectangulaire-en-cuir-matelasse-2\/","title":{"rendered":"Coussin rectangulaire en cuir matelass\u00e9"},"content":{"rendered":"<p>Con\u00e7u pour celles qui aiment les contrastes de mati\u00e8res, ce mod\u00e8le associe le cuir \u00e9cologique matelass\u00e9 marron au jacquard pr\u00e9cieux avec motif cha\u00eene dans des nuances allant du beige au marron et \u00e0 l&rsquo;or. Des inserts floraux en relief, des d\u00e9tails brod\u00e9s or et des paillettes cr\u00e9ent mouvement et lumi\u00e8re. La confection s&rsquo;enrichit de rubans en velours et soie, \u00e9voquant des atmosph\u00e8res Renaissance florentines avec une palette chaleureuse et raffin\u00e9e. Un coussin qui sublime les int\u00e9rieurs les plus exclusifs.   <\/p>\n<p>Enti\u00e8rement travaill\u00e9 \u00e0 la main et con\u00e7u sans fermeture \u00e9clair, sa structure \u00ab en enveloppe \u00bb garantit praticit\u00e9 et \u00e9l\u00e9gance.<\/p>\n<p>Le rembourrage Ikea offert, s\u00e9lectionn\u00e9 pour sa fiabilit\u00e9 et son confort, permet au coussin de rester moelleux et r\u00e9sistant dans le temps.<\/p>\n<p>Composition : 80 % polyester, 20 % viscose<br \/>\nD\u00e9corations : paillettes 100 % polyester, rubans en velours et soie<br \/>\nLavage : \u00e0 la main d\u00e9licat<\/p>\n<p>Cet article a \u00e9t\u00e9 con\u00e7u et produit \u00e0 100 % en Italie.<\/p>\n","protected":false},"excerpt":{"rendered":"<p>Con\u00e7u pour celles qui aiment les contrastes de mati\u00e8res, ce mod\u00e8le associe le cuir \u00e9cologique matelass\u00e9 marron au jacquard pr\u00e9cieux<\/p>\n","protected":false},"featured_media":270409,"comment_status":"closed","ping_status":"closed","template":"","meta":{"postBodyCss":"","postBodyMargin":[],"postBodyPadding":[],"postBodyBackground":{"backgroundType":"classic","gradient":""},"enableOnePageScrollInPage":false,"onePageScrollCss":"","onePageScrollSpeed":1000,"onePageScrollAnimation":"easeInOutQuad","onePageScrollShowDotNavigation":true,"onePageScrollNavigation":"scaleUp","onePageScrollNavigationPosition":"right","onePageScrollNavigationHorizontal":[],"onePageScrollNavigationVertical":[],"onePageScrollNavigationSpacing":[],"onePageScrollNavigationColor":"#00ff0d","onePageScrollNavigationColorHover":"#00ff0d","onePageScrollNavigationColorActive":"#00ff0d","onePageScrollNavigationIcon":[],"onePageScrollNavigationWidth":[],"onePageScrollNavigationWidthHover":[],"onePageScrollNavigationWidthActive":[],"onePageScrollNavigationHeight":[],"onePageScrollNavigationHeightHover":[],"onePageScrollNavigationHeightActive":[],"onePageScrollNavigationBorder":[],"onePageScrollNavigationBorderHover":[],"onePageScrollNavigationBorderActive":[],"onePageScrollNavigationBorderRadius":[],"onePageScrollNavigationBorderRadiusHover":[],"onePageScrollNavigationBorderRadiusActive":[],"onePageScrollNavigationTooltipTypography":[],"onePageScrollNavigationTooltipColor":"#ffffff","onePageScrollNavigationTooltipColorHover":"","onePageScrollNavigationTooltipBgColor":"#00ff0d","onePageScrollNavigationTooltipBgColorHover":"","onePageScrollNavigationTooltipPadding":[],"onePageScrollNavigationTooltipPaddingHover":[],"onePageScrollNavigationTooltipBorderRadius":[],"onePageScrollNavigationTooltipBorderRadiusHover":[],"pageSettingsCustomCss":""},"product_brand":[],"product_cat":[288,285],"product_tag":[],"class_list":{"0":"post-273875","1":"product","2":"type-product","3":"status-publish","4":"has-post-thumbnail","6":"product_cat-coussins","7":"product_cat-home-decor","9":"first","10":"instock","11":"sale","12":"taxable","13":"shipping-taxable","14":"purchasable","15":"product-type-simple"},"jetpack_sharing_enabled":true,"_links":{"self":[{"href":"https:\/\/www.savethequeen.it\/fr\/wp-json\/wp\/v2\/product\/273875","targetHints":{"allow":["GET"]}}],"collection":[{"href":"https:\/\/www.savethequeen.it\/fr\/wp-json\/wp\/v2\/product"}],"about":[{"href":"https:\/\/www.savethequeen.it\/fr\/wp-json\/wp\/v2\/types\/product"}],"replies":[{"embeddable":true,"href":"https:\/\/www.savethequeen.it\/fr\/wp-json\/wp\/v2\/comments?post=273875"}],"wp:featuredmedia":[{"embeddable":true,"href":"https:\/\/www.savethequeen.it\/fr\/wp-json\/wp\/v2\/media\/270409"}],"wp:attachment":[{"href":"https:\/\/www.savethequeen.it\/fr\/wp-json\/wp\/v2\/media?parent=273875"}],"wp:term":[{"taxonomy":"product_brand","embeddable":true,"href":"https:\/\/www.savethequeen.it\/fr\/wp-json\/wp\/v2\/product_brand?post=273875"},{"taxonomy":"product_cat","embeddable":true,"href":"https:\/\/www.savethequeen.it\/fr\/wp-json\/wp\/v2\/product_cat?post=273875"},{"taxonomy":"product_tag","embeddable":true,"href":"https:\/\/www.savethequeen.it\/fr\/wp-json\/wp\/v2\/product_tag?post=273875"}],"curies":[{"name":"wp","href":"https:\/\/api.w.org\/{rel}","templated":true}]}}