{"id":273871,"date":"2025-11-04T10:55:39","date_gmt":"2025-11-04T09:55:39","guid":{"rendered":"https:\/\/www.savethequeen.it\/stq\/index.php\/prodotto\/coussin-dechets-de-soie-noir-or-argent\/"},"modified":"2025-11-04T10:55:39","modified_gmt":"2025-11-04T09:55:39","slug":"coussin-dechets-de-soie-noir-or-argent","status":"publish","type":"product","link":"https:\/\/www.savethequeen.it\/fr\/prodotto\/coussin-dechets-de-soie-noir-or-argent\/","title":{"rendered":"Coussin D\u00e9chets de soie Noir-Or-Argent"},"content":{"rendered":"<p>Ce coussin compact et intense apporte \u00e0 vos espaces la sophistication du style florentin du XVIIe si\u00e8cle, revisit\u00e9 dans une perspective contemporaine. La base d\u2019un noir profond s\u2019enrichit de d\u00e9chets de soie \u00e9labor\u00e9s et de fils aux nuances or et argent, conf\u00e9rant \u00e0 l\u2019ensemble une lumi\u00e8re m\u00e9tallis\u00e9e qui caresse la surface. L\u2019effet textur\u00e9, tactile et \u00e9l\u00e9gant, provient d\u2019une fusion savante de fibres pr\u00e9cieuses et de broderies artisanales qui apportent mouvement et tridimensionnalit\u00e9. Les d\u00e9tails m\u00e9talliques et les franges lumineuses valorisent les contrastes chromatiques et rendent chaque pi\u00e8ce unique.   <\/p>\n<p>La praticit\u00e9 de la structure \u00ab enveloppe \u00bb, sans fermetures \u00e9clair et enti\u00e8rement travaill\u00e9e \u00e0 la main, est accompagn\u00e9e du rembourrage Ikea offert, s\u00e9lectionn\u00e9 pour sa fiabilit\u00e9 et son confort.<\/p>\n<p>Composition : 30 % soie, 30 % viscose, 20 % nylon, 20 % polyester<br \/>\nDimensions : 26&#215;30 cm<br \/>\nLavage : \u00e0 la main<\/p>\n<p>Cet article a \u00e9t\u00e9 con\u00e7u et produit \u00e0 100 % en Italie.<\/p>\n","protected":false},"excerpt":{"rendered":"<p>Ce coussin compact et intense apporte \u00e0 vos espaces la sophistication du style florentin du XVIIe si\u00e8cle, revisit\u00e9 dans une<\/p>\n","protected":false},"featured_media":270430,"comment_status":"closed","ping_status":"closed","template":"","meta":{"postBodyCss":"","postBodyMargin":[],"postBodyPadding":[],"postBodyBackground":{"backgroundType":"classic","gradient":""},"enableOnePageScrollInPage":false,"onePageScrollCss":"","onePageScrollSpeed":1000,"onePageScrollAnimation":"easeInOutQuad","onePageScrollShowDotNavigation":true,"onePageScrollNavigation":"scaleUp","onePageScrollNavigationPosition":"right","onePageScrollNavigationHorizontal":[],"onePageScrollNavigationVertical":[],"onePageScrollNavigationSpacing":[],"onePageScrollNavigationColor":"#00ff0d","onePageScrollNavigationColorHover":"#00ff0d","onePageScrollNavigationColorActive":"#00ff0d","onePageScrollNavigationIcon":[],"onePageScrollNavigationWidth":[],"onePageScrollNavigationWidthHover":[],"onePageScrollNavigationWidthActive":[],"onePageScrollNavigationHeight":[],"onePageScrollNavigationHeightHover":[],"onePageScrollNavigationHeightActive":[],"onePageScrollNavigationBorder":[],"onePageScrollNavigationBorderHover":[],"onePageScrollNavigationBorderActive":[],"onePageScrollNavigationBorderRadius":[],"onePageScrollNavigationBorderRadiusHover":[],"onePageScrollNavigationBorderRadiusActive":[],"onePageScrollNavigationTooltipTypography":[],"onePageScrollNavigationTooltipColor":"#ffffff","onePageScrollNavigationTooltipColorHover":"","onePageScrollNavigationTooltipBgColor":"#00ff0d","onePageScrollNavigationTooltipBgColorHover":"","onePageScrollNavigationTooltipPadding":[],"onePageScrollNavigationTooltipPaddingHover":[],"onePageScrollNavigationTooltipBorderRadius":[],"onePageScrollNavigationTooltipBorderRadiusHover":[],"pageSettingsCustomCss":""},"product_brand":[],"product_cat":[288,285],"product_tag":[],"class_list":{"0":"post-273871","1":"product","2":"type-product","3":"status-publish","4":"has-post-thumbnail","6":"product_cat-coussins","7":"product_cat-home-decor","9":"first","10":"instock","11":"sale","12":"taxable","13":"shipping-taxable","14":"purchasable","15":"product-type-simple"},"jetpack_sharing_enabled":true,"_links":{"self":[{"href":"https:\/\/www.savethequeen.it\/fr\/wp-json\/wp\/v2\/product\/273871","targetHints":{"allow":["GET"]}}],"collection":[{"href":"https:\/\/www.savethequeen.it\/fr\/wp-json\/wp\/v2\/product"}],"about":[{"href":"https:\/\/www.savethequeen.it\/fr\/wp-json\/wp\/v2\/types\/product"}],"replies":[{"embeddable":true,"href":"https:\/\/www.savethequeen.it\/fr\/wp-json\/wp\/v2\/comments?post=273871"}],"wp:featuredmedia":[{"embeddable":true,"href":"https:\/\/www.savethequeen.it\/fr\/wp-json\/wp\/v2\/media\/270430"}],"wp:attachment":[{"href":"https:\/\/www.savethequeen.it\/fr\/wp-json\/wp\/v2\/media?parent=273871"}],"wp:term":[{"taxonomy":"product_brand","embeddable":true,"href":"https:\/\/www.savethequeen.it\/fr\/wp-json\/wp\/v2\/product_brand?post=273871"},{"taxonomy":"product_cat","embeddable":true,"href":"https:\/\/www.savethequeen.it\/fr\/wp-json\/wp\/v2\/product_cat?post=273871"},{"taxonomy":"product_tag","embeddable":true,"href":"https:\/\/www.savethequeen.it\/fr\/wp-json\/wp\/v2\/product_tag?post=273871"}],"curies":[{"name":"wp","href":"https:\/\/api.w.org\/{rel}","templated":true}]}}