{"id":273843,"date":"2025-10-31T22:37:34","date_gmt":"2025-10-31T21:37:34","guid":{"rendered":"https:\/\/www.savethequeen.it\/stq\/index.php\/prodotto\/coussin-boucle-cuir-beige\/"},"modified":"2025-10-31T22:37:34","modified_gmt":"2025-10-31T21:37:34","slug":"coussin-boucle-cuir-beige","status":"publish","type":"product","link":"https:\/\/www.savethequeen.it\/fr\/prodotto\/coussin-boucle-cuir-beige\/","title":{"rendered":"Coussin Boucl\u00e9 Cuir Beige"},"content":{"rendered":"<p>Le cuir \u00e9cologique beige est le protagoniste incontest\u00e9 de ce coussin, compl\u00e9t\u00e9 par des broderies en laine boucl\u00e9 et de pr\u00e9cieuses applications en velours et soie avec des motifs floraux en relief. L&rsquo;esth\u00e9tique d&rsquo;inspiration Renaissance \u00e9voque les jardins florentins et transforme le coussin en un petit chef-d&rsquo;\u0153uvre artisanal, con\u00e7u pour celles qui aiment les ambiances sophistiqu\u00e9es et pleines de personnalit\u00e9. Des boutons en zamak compl\u00e8tent la d\u00e9coration, valorisant la qualit\u00e9 de fabrication.  <\/p>\n<p>Enti\u00e8rement travaill\u00e9 \u00e0 la main et con\u00e7u sans fermeture \u00e9clair, sa structure \u00ab en enveloppe \u00bb garantit praticit\u00e9 et \u00e9l\u00e9gance.<\/p>\n<p>Le rembourrage Ikea offert, s\u00e9lectionn\u00e9 pour sa fiabilit\u00e9 et son confort, permet au coussin de rester moelleux et r\u00e9sistant dans le temps.<\/p>\n<p>Composition : 80 % polyester, 20 % viscose<\/p>\n<p>Broderies et d\u00e9tails en laine, soie et velours<\/p>\n<p>Lavage : \u00e0 la main<br \/>\nCet article a \u00e9t\u00e9 con\u00e7u et produit \u00e0 100 % en Italie.<\/p>\n","protected":false},"excerpt":{"rendered":"<p>Le cuir \u00e9cologique beige est le protagoniste incontest\u00e9 de ce coussin, compl\u00e9t\u00e9 par des broderies en laine boucl\u00e9 et de<\/p>\n","protected":false},"featured_media":270418,"comment_status":"closed","ping_status":"closed","template":"","meta":{"postBodyCss":"","postBodyMargin":[],"postBodyPadding":[],"postBodyBackground":{"backgroundType":"classic","gradient":""},"enableOnePageScrollInPage":false,"onePageScrollCss":"","onePageScrollSpeed":1000,"onePageScrollAnimation":"easeInOutQuad","onePageScrollShowDotNavigation":true,"onePageScrollNavigation":"scaleUp","onePageScrollNavigationPosition":"right","onePageScrollNavigationHorizontal":[],"onePageScrollNavigationVertical":[],"onePageScrollNavigationSpacing":[],"onePageScrollNavigationColor":"#00ff0d","onePageScrollNavigationColorHover":"#00ff0d","onePageScrollNavigationColorActive":"#00ff0d","onePageScrollNavigationIcon":[],"onePageScrollNavigationWidth":[],"onePageScrollNavigationWidthHover":[],"onePageScrollNavigationWidthActive":[],"onePageScrollNavigationHeight":[],"onePageScrollNavigationHeightHover":[],"onePageScrollNavigationHeightActive":[],"onePageScrollNavigationBorder":[],"onePageScrollNavigationBorderHover":[],"onePageScrollNavigationBorderActive":[],"onePageScrollNavigationBorderRadius":[],"onePageScrollNavigationBorderRadiusHover":[],"onePageScrollNavigationBorderRadiusActive":[],"onePageScrollNavigationTooltipTypography":[],"onePageScrollNavigationTooltipColor":"#ffffff","onePageScrollNavigationTooltipColorHover":"","onePageScrollNavigationTooltipBgColor":"#00ff0d","onePageScrollNavigationTooltipBgColorHover":"","onePageScrollNavigationTooltipPadding":[],"onePageScrollNavigationTooltipPaddingHover":[],"onePageScrollNavigationTooltipBorderRadius":[],"onePageScrollNavigationTooltipBorderRadiusHover":[],"pageSettingsCustomCss":""},"product_brand":[],"product_cat":[288,285],"product_tag":[],"class_list":{"0":"post-273843","1":"product","2":"type-product","3":"status-publish","4":"has-post-thumbnail","6":"product_cat-coussins","7":"product_cat-home-decor","9":"first","10":"instock","11":"sale","12":"taxable","13":"shipping-taxable","14":"purchasable","15":"product-type-simple"},"jetpack_sharing_enabled":true,"_links":{"self":[{"href":"https:\/\/www.savethequeen.it\/fr\/wp-json\/wp\/v2\/product\/273843","targetHints":{"allow":["GET"]}}],"collection":[{"href":"https:\/\/www.savethequeen.it\/fr\/wp-json\/wp\/v2\/product"}],"about":[{"href":"https:\/\/www.savethequeen.it\/fr\/wp-json\/wp\/v2\/types\/product"}],"replies":[{"embeddable":true,"href":"https:\/\/www.savethequeen.it\/fr\/wp-json\/wp\/v2\/comments?post=273843"}],"wp:featuredmedia":[{"embeddable":true,"href":"https:\/\/www.savethequeen.it\/fr\/wp-json\/wp\/v2\/media\/270418"}],"wp:attachment":[{"href":"https:\/\/www.savethequeen.it\/fr\/wp-json\/wp\/v2\/media?parent=273843"}],"wp:term":[{"taxonomy":"product_brand","embeddable":true,"href":"https:\/\/www.savethequeen.it\/fr\/wp-json\/wp\/v2\/product_brand?post=273843"},{"taxonomy":"product_cat","embeddable":true,"href":"https:\/\/www.savethequeen.it\/fr\/wp-json\/wp\/v2\/product_cat?post=273843"},{"taxonomy":"product_tag","embeddable":true,"href":"https:\/\/www.savethequeen.it\/fr\/wp-json\/wp\/v2\/product_tag?post=273843"}],"curies":[{"name":"wp","href":"https:\/\/api.w.org\/{rel}","templated":true}]}}