{"id":273799,"date":"2025-11-04T10:50:36","date_gmt":"2025-11-04T09:50:36","guid":{"rendered":"https:\/\/www.savethequeen.it\/stq\/index.php\/prodotto\/coussin-dechets-de-soie-rouge-noir\/"},"modified":"2025-11-04T10:50:36","modified_gmt":"2025-11-04T09:50:36","slug":"coussin-dechets-de-soie-rouge-noir","status":"publish","type":"product","link":"https:\/\/www.savethequeen.it\/fr\/prodotto\/coussin-dechets-de-soie-rouge-noir\/","title":{"rendered":"Coussin D\u00e9chets de soie Rouge-Noir"},"content":{"rendered":"<p>Ce coussin, \u00e0 la forme compacte et \u00e0 l\u2019\u00e2me forte, est issu d\u2019un travail raffin\u00e9 dans le style florentin du XVIIe si\u00e8cle, enrichi de d\u00e9chets de soie et de pr\u00e9cieuses applications de couture, dans l\u2019association chromatique suggestive rouge et noir. L\u2019effet de mati\u00e8re, riche et dramatique, na\u00eet de la fusion entre fils pr\u00e9cieux et broderies artisanales, o\u00f9 la soie se m\u00eale \u00e0 la viscose pour offrir douceur, profondeur et une brillance sophistiqu\u00e9e. Le dialogue entre rouge vif et noir profond, sublim\u00e9 par des accents m\u00e9talliques et des d\u00e9tails en relief, donne \u00e0 la pi\u00e8ce mouvement et caract\u00e8re. <\/p>\n<p>Con\u00e7u pour ceux qui souhaitent d\u00e9corer avec personnalit\u00e9, \u00e9nergie cr\u00e9ative et style audacieux, ce coussin se distingue \u00e9galement par sa structure \u00ab enveloppe \u00bb sans fermetures \u00e9clair, enti\u00e8rement travaill\u00e9e \u00e0 la main. Le rembourrage Ikea, offert en cadeau, garantit fiabilit\u00e9 et confort dans le temps. <\/p>\n<p>Composition : 30 % soie, 30 % viscose, 20 % nylon, 20 % polyester<br \/>\nDimensions : 26&#215;30 cm<br \/>\nLavage : \u00e0 la main<\/p>\n<p>Cet article a \u00e9t\u00e9 con\u00e7u et produit \u00e0 100 % en Italie.<\/p>\n","protected":false},"excerpt":{"rendered":"<p>Ce coussin, \u00e0 la forme compacte et \u00e0 l\u2019\u00e2me forte, est issu d\u2019un travail raffin\u00e9 dans le style florentin du<\/p>\n","protected":false},"featured_media":270427,"comment_status":"closed","ping_status":"closed","template":"","meta":{"postBodyCss":"","postBodyMargin":[],"postBodyPadding":[],"postBodyBackground":{"backgroundType":"classic","gradient":""},"enableOnePageScrollInPage":false,"onePageScrollCss":"","onePageScrollSpeed":1000,"onePageScrollAnimation":"easeInOutQuad","onePageScrollShowDotNavigation":true,"onePageScrollNavigation":"scaleUp","onePageScrollNavigationPosition":"right","onePageScrollNavigationHorizontal":[],"onePageScrollNavigationVertical":[],"onePageScrollNavigationSpacing":[],"onePageScrollNavigationColor":"#00ff0d","onePageScrollNavigationColorHover":"#00ff0d","onePageScrollNavigationColorActive":"#00ff0d","onePageScrollNavigationIcon":[],"onePageScrollNavigationWidth":[],"onePageScrollNavigationWidthHover":[],"onePageScrollNavigationWidthActive":[],"onePageScrollNavigationHeight":[],"onePageScrollNavigationHeightHover":[],"onePageScrollNavigationHeightActive":[],"onePageScrollNavigationBorder":[],"onePageScrollNavigationBorderHover":[],"onePageScrollNavigationBorderActive":[],"onePageScrollNavigationBorderRadius":[],"onePageScrollNavigationBorderRadiusHover":[],"onePageScrollNavigationBorderRadiusActive":[],"onePageScrollNavigationTooltipTypography":[],"onePageScrollNavigationTooltipColor":"#ffffff","onePageScrollNavigationTooltipColorHover":"","onePageScrollNavigationTooltipBgColor":"#00ff0d","onePageScrollNavigationTooltipBgColorHover":"","onePageScrollNavigationTooltipPadding":[],"onePageScrollNavigationTooltipPaddingHover":[],"onePageScrollNavigationTooltipBorderRadius":[],"onePageScrollNavigationTooltipBorderRadiusHover":[],"pageSettingsCustomCss":""},"product_brand":[],"product_cat":[288,285],"product_tag":[],"class_list":{"0":"post-273799","1":"product","2":"type-product","3":"status-publish","4":"has-post-thumbnail","6":"product_cat-coussins","7":"product_cat-home-decor","9":"first","10":"instock","11":"sale","12":"taxable","13":"shipping-taxable","14":"purchasable","15":"product-type-simple"},"jetpack_sharing_enabled":true,"_links":{"self":[{"href":"https:\/\/www.savethequeen.it\/fr\/wp-json\/wp\/v2\/product\/273799","targetHints":{"allow":["GET"]}}],"collection":[{"href":"https:\/\/www.savethequeen.it\/fr\/wp-json\/wp\/v2\/product"}],"about":[{"href":"https:\/\/www.savethequeen.it\/fr\/wp-json\/wp\/v2\/types\/product"}],"replies":[{"embeddable":true,"href":"https:\/\/www.savethequeen.it\/fr\/wp-json\/wp\/v2\/comments?post=273799"}],"wp:featuredmedia":[{"embeddable":true,"href":"https:\/\/www.savethequeen.it\/fr\/wp-json\/wp\/v2\/media\/270427"}],"wp:attachment":[{"href":"https:\/\/www.savethequeen.it\/fr\/wp-json\/wp\/v2\/media?parent=273799"}],"wp:term":[{"taxonomy":"product_brand","embeddable":true,"href":"https:\/\/www.savethequeen.it\/fr\/wp-json\/wp\/v2\/product_brand?post=273799"},{"taxonomy":"product_cat","embeddable":true,"href":"https:\/\/www.savethequeen.it\/fr\/wp-json\/wp\/v2\/product_cat?post=273799"},{"taxonomy":"product_tag","embeddable":true,"href":"https:\/\/www.savethequeen.it\/fr\/wp-json\/wp\/v2\/product_tag?post=273799"}],"curies":[{"name":"wp","href":"https:\/\/api.w.org\/{rel}","templated":true}]}}