{"id":273545,"date":"2026-02-18T16:35:16","date_gmt":"2026-02-18T15:35:16","guid":{"rendered":"https:\/\/www.savethequeen.it\/stq\/index.php\/prodotto\/mini-jupe-avec-imprime-artistique\/"},"modified":"2026-02-18T16:35:16","modified_gmt":"2026-02-18T15:35:16","slug":"mini-jupe-avec-imprime-artistique","status":"publish","type":"product","link":"https:\/\/www.savethequeen.it\/fr\/prodotto\/mini-jupe-avec-imprime-artistique\/","title":{"rendered":"Mini-jupe avec imprim\u00e9 artistique"},"content":{"rendered":"<p>Mini-jupe au design asym\u00e9trique en tissu clair avec coutures contrast\u00e9es. Agr\u00e9ment\u00e9e d\u2019un imprim\u00e9 graphique artistique multicolore sur le devant, elle allie style contemporain et d\u00e9tails sartoriaux pour un look original et recherch\u00e9, parfait pour des tenues urbaines et cr\u00e9atives. <\/p>\n<p>Cet article a \u00e9t\u00e9 con\u00e7u et produit \u00e0 100 % en Italie.<\/p>\n","protected":false},"excerpt":{"rendered":"<p>Mini-jupe au design asym\u00e9trique en tissu clair avec coutures contrast\u00e9es. Agr\u00e9ment\u00e9e d\u2019un imprim\u00e9 graphique artistique multicolore sur le devant, elle<\/p>\n","protected":false},"featured_media":273546,"comment_status":"open","ping_status":"closed","template":"","meta":{"postBodyCss":"","postBodyMargin":[],"postBodyPadding":[],"postBodyBackground":{"backgroundType":"classic","gradient":""},"enableOnePageScrollInPage":false,"onePageScrollCss":"","onePageScrollSpeed":1000,"onePageScrollAnimation":"easeInOutQuad","onePageScrollShowDotNavigation":true,"onePageScrollNavigation":"scaleUp","onePageScrollNavigationPosition":"right","onePageScrollNavigationHorizontal":[],"onePageScrollNavigationVertical":[],"onePageScrollNavigationSpacing":[],"onePageScrollNavigationColor":"#00ff0d","onePageScrollNavigationColorHover":"#00ff0d","onePageScrollNavigationColorActive":"#00ff0d","onePageScrollNavigationIcon":[],"onePageScrollNavigationWidth":[],"onePageScrollNavigationWidthHover":[],"onePageScrollNavigationWidthActive":[],"onePageScrollNavigationHeight":[],"onePageScrollNavigationHeightHover":[],"onePageScrollNavigationHeightActive":[],"onePageScrollNavigationBorder":[],"onePageScrollNavigationBorderHover":[],"onePageScrollNavigationBorderActive":[],"onePageScrollNavigationBorderRadius":[],"onePageScrollNavigationBorderRadiusHover":[],"onePageScrollNavigationBorderRadiusActive":[],"onePageScrollNavigationTooltipTypography":[],"onePageScrollNavigationTooltipColor":"#ffffff","onePageScrollNavigationTooltipColorHover":"","onePageScrollNavigationTooltipBgColor":"#00ff0d","onePageScrollNavigationTooltipBgColorHover":"","onePageScrollNavigationTooltipPadding":[],"onePageScrollNavigationTooltipPaddingHover":[],"onePageScrollNavigationTooltipBorderRadius":[],"onePageScrollNavigationTooltipBorderRadiusHover":[],"pageSettingsCustomCss":""},"product_brand":[353],"product_cat":[246,295,229],"product_tag":[],"class_list":{"0":"post-273545","1":"product","2":"type-product","3":"status-publish","4":"has-post-thumbnail","6":"product_brand-ohdd","7":"product_cat-jupes","8":"product_cat-ohdd","9":"product_cat-vetements-pour-femmes","10":"pa_vestibilita-regular","12":"first","13":"instock","14":"sale","15":"taxable","16":"shipping-taxable","17":"purchasable","18":"product-type-variable"},"jetpack_sharing_enabled":true,"_links":{"self":[{"href":"https:\/\/www.savethequeen.it\/fr\/wp-json\/wp\/v2\/product\/273545","targetHints":{"allow":["GET"]}}],"collection":[{"href":"https:\/\/www.savethequeen.it\/fr\/wp-json\/wp\/v2\/product"}],"about":[{"href":"https:\/\/www.savethequeen.it\/fr\/wp-json\/wp\/v2\/types\/product"}],"replies":[{"embeddable":true,"href":"https:\/\/www.savethequeen.it\/fr\/wp-json\/wp\/v2\/comments?post=273545"}],"wp:featuredmedia":[{"embeddable":true,"href":"https:\/\/www.savethequeen.it\/fr\/wp-json\/wp\/v2\/media\/273546"}],"wp:attachment":[{"href":"https:\/\/www.savethequeen.it\/fr\/wp-json\/wp\/v2\/media?parent=273545"}],"wp:term":[{"taxonomy":"product_brand","embeddable":true,"href":"https:\/\/www.savethequeen.it\/fr\/wp-json\/wp\/v2\/product_brand?post=273545"},{"taxonomy":"product_cat","embeddable":true,"href":"https:\/\/www.savethequeen.it\/fr\/wp-json\/wp\/v2\/product_cat?post=273545"},{"taxonomy":"product_tag","embeddable":true,"href":"https:\/\/www.savethequeen.it\/fr\/wp-json\/wp\/v2\/product_tag?post=273545"}],"curies":[{"name":"wp","href":"https:\/\/api.w.org\/{rel}","templated":true}]}}