{"id":273372,"date":"2026-02-18T22:09:48","date_gmt":"2026-02-18T21:09:48","guid":{"rendered":"https:\/\/www.savethequeen.it\/stq\/index.php\/prodotto\/top-blanc-en-tissu-stretch-avec-imprime-2\/"},"modified":"2026-02-18T22:09:48","modified_gmt":"2026-02-18T21:09:48","slug":"top-blanc-en-tissu-stretch-avec-imprime-2","status":"publish","type":"product","link":"https:\/\/www.savethequeen.it\/fr\/prodotto\/top-blanc-en-tissu-stretch-avec-imprime-2\/","title":{"rendered":"Top blanc en tissu stretch avec imprim\u00e9"},"content":{"rendered":"<p>Top blanc en tissu stretch avec coutures apparentes et bretelles style d\u00e9bardeur, compl\u00e9t\u00e9 au dos par un doux tissu filet bleu. Le v\u00eatement s&rsquo;ouvre enti\u00e8rement sur le devant gr\u00e2ce \u00e0 des boutons-pression appliqu\u00e9s sur un ruban d\u00e9coratif, permettant de moduler l&rsquo;ampleur du d\u00e9collet\u00e9. Le design est sublim\u00e9 par des imprim\u00e9s multicolores exclusifs Ohdd.  <\/p>\n<p>Cet article a \u00e9t\u00e9 con\u00e7u et produit \u00e0 100 % en Italie.<\/p>\n","protected":false},"excerpt":{"rendered":"<p>Top blanc en tissu stretch avec coutures apparentes et bretelles style d\u00e9bardeur, compl\u00e9t\u00e9 au dos par un doux tissu filet<\/p>\n","protected":false},"featured_media":273375,"comment_status":"open","ping_status":"closed","template":"","meta":{"postBodyCss":"","postBodyMargin":[],"postBodyPadding":[],"postBodyBackground":{"backgroundType":"classic","gradient":""},"enableOnePageScrollInPage":false,"onePageScrollCss":"","onePageScrollSpeed":1000,"onePageScrollAnimation":"easeInOutQuad","onePageScrollShowDotNavigation":true,"onePageScrollNavigation":"scaleUp","onePageScrollNavigationPosition":"right","onePageScrollNavigationHorizontal":[],"onePageScrollNavigationVertical":[],"onePageScrollNavigationSpacing":[],"onePageScrollNavigationColor":"#00ff0d","onePageScrollNavigationColorHover":"#00ff0d","onePageScrollNavigationColorActive":"#00ff0d","onePageScrollNavigationIcon":[],"onePageScrollNavigationWidth":[],"onePageScrollNavigationWidthHover":[],"onePageScrollNavigationWidthActive":[],"onePageScrollNavigationHeight":[],"onePageScrollNavigationHeightHover":[],"onePageScrollNavigationHeightActive":[],"onePageScrollNavigationBorder":[],"onePageScrollNavigationBorderHover":[],"onePageScrollNavigationBorderActive":[],"onePageScrollNavigationBorderRadius":[],"onePageScrollNavigationBorderRadiusHover":[],"onePageScrollNavigationBorderRadiusActive":[],"onePageScrollNavigationTooltipTypography":[],"onePageScrollNavigationTooltipColor":"#ffffff","onePageScrollNavigationTooltipColorHover":"","onePageScrollNavigationTooltipBgColor":"#00ff0d","onePageScrollNavigationTooltipBgColorHover":"","onePageScrollNavigationTooltipPadding":[],"onePageScrollNavigationTooltipPaddingHover":[],"onePageScrollNavigationTooltipBorderRadius":[],"onePageScrollNavigationTooltipBorderRadiusHover":[],"pageSettingsCustomCss":""},"product_brand":[353],"product_cat":[256,295,229],"product_tag":[],"class_list":{"0":"post-273372","1":"product","2":"type-product","3":"status-publish","4":"has-post-thumbnail","6":"product_brand-ohdd","7":"product_cat-hauts-et-t-shirts","8":"product_cat-ohdd","9":"product_cat-vetements-pour-femmes","10":"pa_vestibilita-slim","12":"first","13":"instock","14":"sale","15":"taxable","16":"shipping-taxable","17":"purchasable","18":"product-type-variable"},"jetpack_sharing_enabled":true,"_links":{"self":[{"href":"https:\/\/www.savethequeen.it\/fr\/wp-json\/wp\/v2\/product\/273372","targetHints":{"allow":["GET"]}}],"collection":[{"href":"https:\/\/www.savethequeen.it\/fr\/wp-json\/wp\/v2\/product"}],"about":[{"href":"https:\/\/www.savethequeen.it\/fr\/wp-json\/wp\/v2\/types\/product"}],"replies":[{"embeddable":true,"href":"https:\/\/www.savethequeen.it\/fr\/wp-json\/wp\/v2\/comments?post=273372"}],"wp:featuredmedia":[{"embeddable":true,"href":"https:\/\/www.savethequeen.it\/fr\/wp-json\/wp\/v2\/media\/273375"}],"wp:attachment":[{"href":"https:\/\/www.savethequeen.it\/fr\/wp-json\/wp\/v2\/media?parent=273372"}],"wp:term":[{"taxonomy":"product_brand","embeddable":true,"href":"https:\/\/www.savethequeen.it\/fr\/wp-json\/wp\/v2\/product_brand?post=273372"},{"taxonomy":"product_cat","embeddable":true,"href":"https:\/\/www.savethequeen.it\/fr\/wp-json\/wp\/v2\/product_cat?post=273372"},{"taxonomy":"product_tag","embeddable":true,"href":"https:\/\/www.savethequeen.it\/fr\/wp-json\/wp\/v2\/product_tag?post=273372"}],"curies":[{"name":"wp","href":"https:\/\/api.w.org\/{rel}","templated":true}]}}