{"id":273259,"date":"2026-02-19T09:53:46","date_gmt":"2026-02-19T08:53:46","guid":{"rendered":"https:\/\/www.savethequeen.it\/stq\/index.php\/prodotto\/veste-blanche-sans-manches-avec-imprime\/"},"modified":"2026-02-19T09:53:46","modified_gmt":"2026-02-19T08:53:46","slug":"veste-blanche-sans-manches-avec-imprime","status":"publish","type":"product","link":"https:\/\/www.savethequeen.it\/fr\/prodotto\/veste-blanche-sans-manches-avec-imprime\/","title":{"rendered":"Veste blanche sans manches avec imprim\u00e9"},"content":{"rendered":"<p>Petite veste blanche sans manches en coton, construite avec des pans superpos\u00e9s et des coutures apparentes qui d\u00e9finissent une silhouette gracieuse. Pr\u00e9sente un d\u00e9collet\u00e9 am\u00e9ricain et un dos partiellement d\u00e9couvert. La fermeture frontale est assur\u00e9e par des boutons-pression appliqu\u00e9s sur des rubans color\u00e9s, qui remplissent une double fonction d\u00e9corative et fonctionnelle. Le v\u00eatement est embelli d&rsquo;imprim\u00e9s multicolores.   <\/p>\n<p>Cet article a \u00e9t\u00e9 con\u00e7u et produit \u00e0 100 % en Italie.<\/p>\n","protected":false},"excerpt":{"rendered":"<p>Petite veste blanche sans manches en coton, construite avec des pans superpos\u00e9s et des coutures apparentes qui d\u00e9finissent une silhouette<\/p>\n","protected":false},"featured_media":273260,"comment_status":"open","ping_status":"closed","template":"","meta":{"postBodyCss":"","postBodyMargin":[],"postBodyPadding":[],"postBodyBackground":{"backgroundType":"classic","gradient":""},"enableOnePageScrollInPage":false,"onePageScrollCss":"","onePageScrollSpeed":1000,"onePageScrollAnimation":"easeInOutQuad","onePageScrollShowDotNavigation":true,"onePageScrollNavigation":"scaleUp","onePageScrollNavigationPosition":"right","onePageScrollNavigationHorizontal":[],"onePageScrollNavigationVertical":[],"onePageScrollNavigationSpacing":[],"onePageScrollNavigationColor":"#00ff0d","onePageScrollNavigationColorHover":"#00ff0d","onePageScrollNavigationColorActive":"#00ff0d","onePageScrollNavigationIcon":[],"onePageScrollNavigationWidth":[],"onePageScrollNavigationWidthHover":[],"onePageScrollNavigationWidthActive":[],"onePageScrollNavigationHeight":[],"onePageScrollNavigationHeightHover":[],"onePageScrollNavigationHeightActive":[],"onePageScrollNavigationBorder":[],"onePageScrollNavigationBorderHover":[],"onePageScrollNavigationBorderActive":[],"onePageScrollNavigationBorderRadius":[],"onePageScrollNavigationBorderRadiusHover":[],"onePageScrollNavigationBorderRadiusActive":[],"onePageScrollNavigationTooltipTypography":[],"onePageScrollNavigationTooltipColor":"#ffffff","onePageScrollNavigationTooltipColorHover":"","onePageScrollNavigationTooltipBgColor":"#00ff0d","onePageScrollNavigationTooltipBgColorHover":"","onePageScrollNavigationTooltipPadding":[],"onePageScrollNavigationTooltipPaddingHover":[],"onePageScrollNavigationTooltipBorderRadius":[],"onePageScrollNavigationTooltipBorderRadiusHover":[],"pageSettingsCustomCss":""},"product_brand":[353],"product_cat":[295,237,229],"product_tag":[],"class_list":{"0":"post-273259","1":"product","2":"type-product","3":"status-publish","4":"has-post-thumbnail","6":"product_brand-ohdd","7":"product_cat-ohdd","8":"product_cat-vetements-dexterieur","9":"product_cat-vetements-pour-femmes","10":"pa_vestibilita-slim","12":"first","13":"instock","14":"sale","15":"taxable","16":"shipping-taxable","17":"purchasable","18":"product-type-variable"},"jetpack_sharing_enabled":true,"_links":{"self":[{"href":"https:\/\/www.savethequeen.it\/fr\/wp-json\/wp\/v2\/product\/273259","targetHints":{"allow":["GET"]}}],"collection":[{"href":"https:\/\/www.savethequeen.it\/fr\/wp-json\/wp\/v2\/product"}],"about":[{"href":"https:\/\/www.savethequeen.it\/fr\/wp-json\/wp\/v2\/types\/product"}],"replies":[{"embeddable":true,"href":"https:\/\/www.savethequeen.it\/fr\/wp-json\/wp\/v2\/comments?post=273259"}],"wp:featuredmedia":[{"embeddable":true,"href":"https:\/\/www.savethequeen.it\/fr\/wp-json\/wp\/v2\/media\/273260"}],"wp:attachment":[{"href":"https:\/\/www.savethequeen.it\/fr\/wp-json\/wp\/v2\/media?parent=273259"}],"wp:term":[{"taxonomy":"product_brand","embeddable":true,"href":"https:\/\/www.savethequeen.it\/fr\/wp-json\/wp\/v2\/product_brand?post=273259"},{"taxonomy":"product_cat","embeddable":true,"href":"https:\/\/www.savethequeen.it\/fr\/wp-json\/wp\/v2\/product_cat?post=273259"},{"taxonomy":"product_tag","embeddable":true,"href":"https:\/\/www.savethequeen.it\/fr\/wp-json\/wp\/v2\/product_tag?post=273259"}],"curies":[{"name":"wp","href":"https:\/\/api.w.org\/{rel}","templated":true}]}}