{"id":273217,"date":"2026-02-19T09:45:21","date_gmt":"2026-02-19T08:45:21","guid":{"rendered":"https:\/\/www.savethequeen.it\/stq\/index.php\/prodotto\/veste-en-coton-beige\/"},"modified":"2026-02-19T09:45:21","modified_gmt":"2026-02-19T08:45:21","slug":"veste-en-coton-beige","status":"publish","type":"product","link":"https:\/\/www.savethequeen.it\/fr\/prodotto\/veste-en-coton-beige\/","title":{"rendered":"Veste en coton beige"},"content":{"rendered":"<p>Veste \u00e0 manches amovibles r\u00e9alis\u00e9e en coton effet froiss\u00e9, compos\u00e9e de panneaux contrast\u00e9s dans les tons beige et blanc cass\u00e9, avec des coutures apparentes qui en d\u00e9finissent la structure. Fermeture sur le devant par de petits boutons-pression appliqu\u00e9s sur des rubans color\u00e9s, ces m\u00eames rubans permettant de d\u00e9tacher et d\u2019attacher les manches, \u00e9l\u00e9ments fonctionnels qui deviennent un d\u00e9tail d\u00e9coratif. Sur le dos, un panneau en tissu stretch devient la toile sur laquelle on retrouve l\u2019imprim\u00e9 multicolore exclusif Ohdd, appliqu\u00e9 directement sur le v\u00eatement, compl\u00e9tant le design par une touche distinctive.<\/p>\n<p>Cet article a \u00e9t\u00e9 con\u00e7u et produit \u00e0 100 % en Italie.<\/p>\n","protected":false},"excerpt":{"rendered":"<p>Veste \u00e0 manches amovibles r\u00e9alis\u00e9e en coton effet froiss\u00e9, compos\u00e9e de panneaux contrast\u00e9s dans les tons beige et blanc cass\u00e9,<\/p>\n","protected":false},"featured_media":277345,"comment_status":"open","ping_status":"closed","template":"","meta":{"postBodyCss":"","postBodyMargin":[],"postBodyPadding":[],"postBodyBackground":{"backgroundType":"classic","gradient":""},"enableOnePageScrollInPage":false,"onePageScrollCss":"","onePageScrollSpeed":1000,"onePageScrollAnimation":"easeInOutQuad","onePageScrollShowDotNavigation":true,"onePageScrollNavigation":"scaleUp","onePageScrollNavigationPosition":"right","onePageScrollNavigationHorizontal":[],"onePageScrollNavigationVertical":[],"onePageScrollNavigationSpacing":[],"onePageScrollNavigationColor":"#00ff0d","onePageScrollNavigationColorHover":"#00ff0d","onePageScrollNavigationColorActive":"#00ff0d","onePageScrollNavigationIcon":[],"onePageScrollNavigationWidth":[],"onePageScrollNavigationWidthHover":[],"onePageScrollNavigationWidthActive":[],"onePageScrollNavigationHeight":[],"onePageScrollNavigationHeightHover":[],"onePageScrollNavigationHeightActive":[],"onePageScrollNavigationBorder":[],"onePageScrollNavigationBorderHover":[],"onePageScrollNavigationBorderActive":[],"onePageScrollNavigationBorderRadius":[],"onePageScrollNavigationBorderRadiusHover":[],"onePageScrollNavigationBorderRadiusActive":[],"onePageScrollNavigationTooltipTypography":[],"onePageScrollNavigationTooltipColor":"#ffffff","onePageScrollNavigationTooltipColorHover":"","onePageScrollNavigationTooltipBgColor":"#00ff0d","onePageScrollNavigationTooltipBgColorHover":"","onePageScrollNavigationTooltipPadding":[],"onePageScrollNavigationTooltipPaddingHover":[],"onePageScrollNavigationTooltipBorderRadius":[],"onePageScrollNavigationTooltipBorderRadiusHover":[],"pageSettingsCustomCss":""},"product_brand":[353],"product_cat":[295,237,229],"product_tag":[],"class_list":{"0":"post-273217","1":"product","2":"type-product","3":"status-publish","4":"has-post-thumbnail","6":"product_brand-ohdd","7":"product_cat-ohdd","8":"product_cat-vetements-dexterieur","9":"product_cat-vetements-pour-femmes","10":"pa_vestibilita-regular","12":"first","13":"instock","14":"sale","15":"taxable","16":"shipping-taxable","17":"purchasable","18":"product-type-variable"},"jetpack_sharing_enabled":true,"_links":{"self":[{"href":"https:\/\/www.savethequeen.it\/fr\/wp-json\/wp\/v2\/product\/273217","targetHints":{"allow":["GET"]}}],"collection":[{"href":"https:\/\/www.savethequeen.it\/fr\/wp-json\/wp\/v2\/product"}],"about":[{"href":"https:\/\/www.savethequeen.it\/fr\/wp-json\/wp\/v2\/types\/product"}],"replies":[{"embeddable":true,"href":"https:\/\/www.savethequeen.it\/fr\/wp-json\/wp\/v2\/comments?post=273217"}],"wp:featuredmedia":[{"embeddable":true,"href":"https:\/\/www.savethequeen.it\/fr\/wp-json\/wp\/v2\/media\/277345"}],"wp:attachment":[{"href":"https:\/\/www.savethequeen.it\/fr\/wp-json\/wp\/v2\/media?parent=273217"}],"wp:term":[{"taxonomy":"product_brand","embeddable":true,"href":"https:\/\/www.savethequeen.it\/fr\/wp-json\/wp\/v2\/product_brand?post=273217"},{"taxonomy":"product_cat","embeddable":true,"href":"https:\/\/www.savethequeen.it\/fr\/wp-json\/wp\/v2\/product_cat?post=273217"},{"taxonomy":"product_tag","embeddable":true,"href":"https:\/\/www.savethequeen.it\/fr\/wp-json\/wp\/v2\/product_tag?post=273217"}],"curies":[{"name":"wp","href":"https:\/\/api.w.org\/{rel}","templated":true}]}}