{"id":272943,"date":"2026-02-19T10:54:41","date_gmt":"2026-02-19T09:54:41","guid":{"rendered":"https:\/\/www.savethequeen.it\/stq\/index.php\/prodotto\/pantalon-long-beige-en-coton-stretch\/"},"modified":"2026-02-19T10:54:41","modified_gmt":"2026-02-19T09:54:41","slug":"pantalon-long-beige-en-coton-stretch","status":"publish","type":"product","link":"https:\/\/www.savethequeen.it\/fr\/prodotto\/pantalon-long-beige-en-coton-stretch\/","title":{"rendered":"Pantalon long beige en coton stretch"},"content":{"rendered":"<p>Pantalon \u00e0 jambe large en coton stretch, con\u00e7u avec des empi\u00e8cements contrast\u00e9s dans les tons beige, orange et vert militaire, soulign\u00e9s par des coutures apparentes qui en d\u00e9finissent la structure. La fermeture sur le c\u00f4t\u00e9 droit est caract\u00e9ris\u00e9e par des boutons-pression appliqu\u00e9s sur un ruban orange, des \u00e9l\u00e9ments fonctionnels qui deviennent un d\u00e9tail d\u00e9coratif. Des applications d\u00e9coratives avec l\u2019imprim\u00e9 multicolore exclusif Ohdd compl\u00e8tent le design avec une touche distinctive.<\/p>\n<p>Cet article a \u00e9t\u00e9 con\u00e7u et produit \u00e0 100 % en Italie.<\/p>\n","protected":false},"excerpt":{"rendered":"<p>Pantalon \u00e0 jambe large en coton stretch, con\u00e7u avec des empi\u00e8cements contrast\u00e9s dans les tons beige, orange et vert militaire,<\/p>\n","protected":false},"featured_media":272944,"comment_status":"open","ping_status":"closed","template":"","meta":{"postBodyCss":"","postBodyMargin":[],"postBodyPadding":[],"postBodyBackground":{"backgroundType":"classic","gradient":""},"enableOnePageScrollInPage":false,"onePageScrollCss":"","onePageScrollSpeed":1000,"onePageScrollAnimation":"easeInOutQuad","onePageScrollShowDotNavigation":true,"onePageScrollNavigation":"scaleUp","onePageScrollNavigationPosition":"right","onePageScrollNavigationHorizontal":[],"onePageScrollNavigationVertical":[],"onePageScrollNavigationSpacing":[],"onePageScrollNavigationColor":"#00ff0d","onePageScrollNavigationColorHover":"#00ff0d","onePageScrollNavigationColorActive":"#00ff0d","onePageScrollNavigationIcon":[],"onePageScrollNavigationWidth":[],"onePageScrollNavigationWidthHover":[],"onePageScrollNavigationWidthActive":[],"onePageScrollNavigationHeight":[],"onePageScrollNavigationHeightHover":[],"onePageScrollNavigationHeightActive":[],"onePageScrollNavigationBorder":[],"onePageScrollNavigationBorderHover":[],"onePageScrollNavigationBorderActive":[],"onePageScrollNavigationBorderRadius":[],"onePageScrollNavigationBorderRadiusHover":[],"onePageScrollNavigationBorderRadiusActive":[],"onePageScrollNavigationTooltipTypography":[],"onePageScrollNavigationTooltipColor":"#ffffff","onePageScrollNavigationTooltipColorHover":"","onePageScrollNavigationTooltipBgColor":"#00ff0d","onePageScrollNavigationTooltipBgColorHover":"","onePageScrollNavigationTooltipPadding":[],"onePageScrollNavigationTooltipPaddingHover":[],"onePageScrollNavigationTooltipBorderRadius":[],"onePageScrollNavigationTooltipBorderRadiusHover":[],"pageSettingsCustomCss":""},"product_brand":[353],"product_cat":[247,295,229],"product_tag":[],"class_list":{"0":"post-272943","1":"product","2":"type-product","3":"status-publish","4":"has-post-thumbnail","6":"product_brand-ohdd","7":"product_cat-jeans-et-pantalons","8":"product_cat-ohdd","9":"product_cat-vetements-pour-femmes","10":"pa_vestibilita-regular","12":"first","13":"instock","14":"sale","15":"taxable","16":"shipping-taxable","17":"purchasable","18":"product-type-variable"},"jetpack_sharing_enabled":true,"_links":{"self":[{"href":"https:\/\/www.savethequeen.it\/fr\/wp-json\/wp\/v2\/product\/272943","targetHints":{"allow":["GET"]}}],"collection":[{"href":"https:\/\/www.savethequeen.it\/fr\/wp-json\/wp\/v2\/product"}],"about":[{"href":"https:\/\/www.savethequeen.it\/fr\/wp-json\/wp\/v2\/types\/product"}],"replies":[{"embeddable":true,"href":"https:\/\/www.savethequeen.it\/fr\/wp-json\/wp\/v2\/comments?post=272943"}],"wp:featuredmedia":[{"embeddable":true,"href":"https:\/\/www.savethequeen.it\/fr\/wp-json\/wp\/v2\/media\/272944"}],"wp:attachment":[{"href":"https:\/\/www.savethequeen.it\/fr\/wp-json\/wp\/v2\/media?parent=272943"}],"wp:term":[{"taxonomy":"product_brand","embeddable":true,"href":"https:\/\/www.savethequeen.it\/fr\/wp-json\/wp\/v2\/product_brand?post=272943"},{"taxonomy":"product_cat","embeddable":true,"href":"https:\/\/www.savethequeen.it\/fr\/wp-json\/wp\/v2\/product_cat?post=272943"},{"taxonomy":"product_tag","embeddable":true,"href":"https:\/\/www.savethequeen.it\/fr\/wp-json\/wp\/v2\/product_tag?post=272943"}],"curies":[{"name":"wp","href":"https:\/\/api.w.org\/{rel}","templated":true}]}}