{"id":272569,"date":"2026-02-21T21:59:41","date_gmt":"2026-02-21T20:59:41","guid":{"rendered":"https:\/\/www.savethequeen.it\/stq\/index.php\/prodotto\/pantalon-palazzo-en-denim-stretch-avec-ceinture-en-cuir\/"},"modified":"2026-03-24T15:23:10","modified_gmt":"2026-03-24T14:23:10","slug":"pantalon-palazzo-en-denim-stretch-avec-ceinture-en-cuir","status":"publish","type":"product","link":"https:\/\/www.savethequeen.it\/fr\/prodotto\/pantalon-palazzo-en-denim-stretch-avec-ceinture-en-cuir\/","title":{"rendered":"Pantalon palazzo en denim stretch avec ceinture en cuir"},"content":{"rendered":"<p>Pantalon palazzo en denim stretch d&rsquo;inspiration western, avec ceinture \u00e9lastiqu\u00e9e pour un ajustement confortable. Ourlet effiloch\u00e9 agr\u00e9ment\u00e9 d&rsquo;un volant, lui aussi effiloch\u00e9, pour un effet v\u00e9cu et audacieux.<\/p>\n<p>Fournie avec une ceinture en cuir v\u00e9ritable vieilli couleur daim, large et r\u00e9glable : une construction spectaculaire \u00e0 plaques carr\u00e9es superpos\u00e9es, avec d\u00e9tails rivet\u00e9s, bords ajour\u00e9s et clous ronds. Au centre de la plaque principale se distingue le cr\u00e2ne de taureau en m\u00e9tal bruni avec petit logo Save the Queen, d\u00e9tail iconique pour compl\u00e9ter des tenues audacieuses.<\/p>\n<p>&nbsp;<\/p>\n<p>Cet article a \u00e9t\u00e9 con\u00e7u et produit \u00e0 100 % en Italie.<\/p>\n","protected":false},"excerpt":{"rendered":"<p>Pantalon palazzo en denim stretch d&rsquo;inspiration western, avec ceinture \u00e9lastiqu\u00e9e pour un ajustement confortable. Ourlet effiloch\u00e9 agr\u00e9ment\u00e9 d&rsquo;un volant, lui<\/p>\n","protected":false},"featured_media":272551,"comment_status":"open","ping_status":"closed","template":"","meta":{"postBodyCss":"","postBodyMargin":[],"postBodyPadding":[],"postBodyBackground":{"backgroundType":"classic","gradient":""},"enableOnePageScrollInPage":false,"onePageScrollCss":"","onePageScrollSpeed":1000,"onePageScrollAnimation":"easeInOutQuad","onePageScrollShowDotNavigation":true,"onePageScrollNavigation":"scaleUp","onePageScrollNavigationPosition":"right","onePageScrollNavigationHorizontal":[],"onePageScrollNavigationVertical":[],"onePageScrollNavigationSpacing":[],"onePageScrollNavigationColor":"#00ff0d","onePageScrollNavigationColorHover":"#00ff0d","onePageScrollNavigationColorActive":"#00ff0d","onePageScrollNavigationIcon":[],"onePageScrollNavigationWidth":[],"onePageScrollNavigationWidthHover":[],"onePageScrollNavigationWidthActive":[],"onePageScrollNavigationHeight":[],"onePageScrollNavigationHeightHover":[],"onePageScrollNavigationHeightActive":[],"onePageScrollNavigationBorder":[],"onePageScrollNavigationBorderHover":[],"onePageScrollNavigationBorderActive":[],"onePageScrollNavigationBorderRadius":[],"onePageScrollNavigationBorderRadiusHover":[],"onePageScrollNavigationBorderRadiusActive":[],"onePageScrollNavigationTooltipTypography":[],"onePageScrollNavigationTooltipColor":"#ffffff","onePageScrollNavigationTooltipColorHover":"","onePageScrollNavigationTooltipBgColor":"#00ff0d","onePageScrollNavigationTooltipBgColorHover":"","onePageScrollNavigationTooltipPadding":[],"onePageScrollNavigationTooltipPaddingHover":[],"onePageScrollNavigationTooltipBorderRadius":[],"onePageScrollNavigationTooltipBorderRadiusHover":[],"pageSettingsCustomCss":""},"product_brand":[355],"product_cat":[247,298,229],"product_tag":[],"class_list":{"0":"post-272569","1":"product","2":"type-product","3":"status-publish","4":"has-post-thumbnail","6":"product_brand-save-the-queen","7":"product_cat-jeans-et-pantalons","8":"product_cat-stq","9":"product_cat-vetements-pour-femmes","10":"pa_vestibilita-regular","12":"first","13":"instock","14":"sale","15":"taxable","16":"shipping-taxable","17":"purchasable","18":"product-type-variable"},"jetpack_sharing_enabled":true,"_links":{"self":[{"href":"https:\/\/www.savethequeen.it\/fr\/wp-json\/wp\/v2\/product\/272569","targetHints":{"allow":["GET"]}}],"collection":[{"href":"https:\/\/www.savethequeen.it\/fr\/wp-json\/wp\/v2\/product"}],"about":[{"href":"https:\/\/www.savethequeen.it\/fr\/wp-json\/wp\/v2\/types\/product"}],"replies":[{"embeddable":true,"href":"https:\/\/www.savethequeen.it\/fr\/wp-json\/wp\/v2\/comments?post=272569"}],"wp:featuredmedia":[{"embeddable":true,"href":"https:\/\/www.savethequeen.it\/fr\/wp-json\/wp\/v2\/media\/272551"}],"wp:attachment":[{"href":"https:\/\/www.savethequeen.it\/fr\/wp-json\/wp\/v2\/media?parent=272569"}],"wp:term":[{"taxonomy":"product_brand","embeddable":true,"href":"https:\/\/www.savethequeen.it\/fr\/wp-json\/wp\/v2\/product_brand?post=272569"},{"taxonomy":"product_cat","embeddable":true,"href":"https:\/\/www.savethequeen.it\/fr\/wp-json\/wp\/v2\/product_cat?post=272569"},{"taxonomy":"product_tag","embeddable":true,"href":"https:\/\/www.savethequeen.it\/fr\/wp-json\/wp\/v2\/product_tag?post=272569"}],"curies":[{"name":"wp","href":"https:\/\/api.w.org\/{rel}","templated":true}]}}