{"id":272453,"date":"2026-03-01T16:42:16","date_gmt":"2026-03-01T15:42:16","guid":{"rendered":"https:\/\/www.savethequeen.it\/stq\/index.php\/prodotto\/sac-a-main-en-pur-coton-avec-imprimes-et-applications\/"},"modified":"2026-03-01T16:42:16","modified_gmt":"2026-03-01T15:42:16","slug":"sac-a-main-en-pur-coton-avec-imprimes-et-applications","status":"publish","type":"product","link":"https:\/\/www.savethequeen.it\/fr\/prodotto\/sac-a-main-en-pur-coton-avec-imprimes-et-applications\/","title":{"rendered":"Sac \u00e0 main en pur coton avec imprim\u00e9s et applications"},"content":{"rendered":"<p>Sac \u00e0 main en pur coton blanc \u00e0 base rectangulaire, compl\u00e9t\u00e9 par des anses en cuir v\u00e9ritable imprim\u00e9. Le mod\u00e8le se distingue par des applications en tissu jacquard \u00ab salies \u00bb ton sur ton, de fausses fermetures \u00e9clair logotyp\u00e9es et un m\u00e9lange de broderies et d\u2019inserts en cuir surpiqu\u00e9s, mis en valeur par des coutures apparentes orange. Doubl\u00e9 et bord\u00e9 de coton orange, il comprend une petite poche int\u00e9rieure et se ferme par un fermoir logotyp\u00e9 en m\u00e9tal bruni, mont\u00e9 sur une bande de cuir finie par un ruban gros-grain.<\/p>\n<p>Dimensions : 10 x 35 x 20 cm &#8211; anse : 18 cm<\/p>\n<p>Composition : 90 % coton \u2013 10 % cuir<\/p>\n<p>Cet article a \u00e9t\u00e9 con\u00e7u et produit \u00e0 100 % en Italie.<\/p>\n","protected":false},"excerpt":{"rendered":"<p>Sac \u00e0 main en pur coton blanc \u00e0 base rectangulaire, compl\u00e9t\u00e9 par des anses en cuir v\u00e9ritable imprim\u00e9. Le mod\u00e8le<\/p>\n","protected":false},"featured_media":271247,"comment_status":"open","ping_status":"closed","template":"","meta":{"postBodyCss":"","postBodyMargin":[],"postBodyPadding":[],"postBodyBackground":{"backgroundType":"classic","gradient":""},"enableOnePageScrollInPage":false,"onePageScrollCss":"","onePageScrollSpeed":1000,"onePageScrollAnimation":"easeInOutQuad","onePageScrollShowDotNavigation":true,"onePageScrollNavigation":"scaleUp","onePageScrollNavigationPosition":"right","onePageScrollNavigationHorizontal":[],"onePageScrollNavigationVertical":[],"onePageScrollNavigationSpacing":[],"onePageScrollNavigationColor":"#00ff0d","onePageScrollNavigationColorHover":"#00ff0d","onePageScrollNavigationColorActive":"#00ff0d","onePageScrollNavigationIcon":[],"onePageScrollNavigationWidth":[],"onePageScrollNavigationWidthHover":[],"onePageScrollNavigationWidthActive":[],"onePageScrollNavigationHeight":[],"onePageScrollNavigationHeightHover":[],"onePageScrollNavigationHeightActive":[],"onePageScrollNavigationBorder":[],"onePageScrollNavigationBorderHover":[],"onePageScrollNavigationBorderActive":[],"onePageScrollNavigationBorderRadius":[],"onePageScrollNavigationBorderRadiusHover":[],"onePageScrollNavigationBorderRadiusActive":[],"onePageScrollNavigationTooltipTypography":[],"onePageScrollNavigationTooltipColor":"#ffffff","onePageScrollNavigationTooltipColorHover":"","onePageScrollNavigationTooltipBgColor":"#00ff0d","onePageScrollNavigationTooltipBgColorHover":"","onePageScrollNavigationTooltipPadding":[],"onePageScrollNavigationTooltipPaddingHover":[],"onePageScrollNavigationTooltipBorderRadius":[],"onePageScrollNavigationTooltipBorderRadiusHover":[],"pageSettingsCustomCss":""},"product_brand":[86],"product_cat":[262,295,265],"product_tag":[],"class_list":{"0":"post-272453","1":"product","2":"type-product","3":"status-publish","4":"has-post-thumbnail","6":"product_brand-ohdd","7":"product_cat-accessoires-2","8":"product_cat-ohdd","9":"product_cat-sacs","11":"first","12":"instock","13":"sale","14":"taxable","15":"shipping-taxable","16":"purchasable","17":"product-type-simple"},"jetpack_sharing_enabled":true,"_links":{"self":[{"href":"https:\/\/www.savethequeen.it\/fr\/wp-json\/wp\/v2\/product\/272453","targetHints":{"allow":["GET"]}}],"collection":[{"href":"https:\/\/www.savethequeen.it\/fr\/wp-json\/wp\/v2\/product"}],"about":[{"href":"https:\/\/www.savethequeen.it\/fr\/wp-json\/wp\/v2\/types\/product"}],"replies":[{"embeddable":true,"href":"https:\/\/www.savethequeen.it\/fr\/wp-json\/wp\/v2\/comments?post=272453"}],"wp:featuredmedia":[{"embeddable":true,"href":"https:\/\/www.savethequeen.it\/fr\/wp-json\/wp\/v2\/media\/271247"}],"wp:attachment":[{"href":"https:\/\/www.savethequeen.it\/fr\/wp-json\/wp\/v2\/media?parent=272453"}],"wp:term":[{"taxonomy":"product_brand","embeddable":true,"href":"https:\/\/www.savethequeen.it\/fr\/wp-json\/wp\/v2\/product_brand?post=272453"},{"taxonomy":"product_cat","embeddable":true,"href":"https:\/\/www.savethequeen.it\/fr\/wp-json\/wp\/v2\/product_cat?post=272453"},{"taxonomy":"product_tag","embeddable":true,"href":"https:\/\/www.savethequeen.it\/fr\/wp-json\/wp\/v2\/product_tag?post=272453"}],"curies":[{"name":"wp","href":"https:\/\/api.w.org\/{rel}","templated":true}]}}