{"id":272443,"date":"2026-03-01T16:46:22","date_gmt":"2026-03-01T15:46:22","guid":{"rendered":"https:\/\/www.savethequeen.it\/stq\/index.php\/prodotto\/sac-a-main-bleu-en-coton-avec-appliques-et-imprime\/"},"modified":"2026-03-01T16:46:22","modified_gmt":"2026-03-01T15:46:22","slug":"sac-a-main-bleu-en-coton-avec-appliques-et-imprime","status":"publish","type":"product","link":"https:\/\/www.savethequeen.it\/fr\/prodotto\/sac-a-main-bleu-en-coton-avec-appliques-et-imprime\/","title":{"rendered":"Sac \u00e0 main bleu en coton avec appliqu\u00e9s et imprim\u00e9"},"content":{"rendered":"<p>Sac \u00e0 main en pur coton effet denim \u00e0 base rectangulaire, enrichi d\u2019appliqu\u00e9s en cuir rouge avec coutures apparentes et d\u2019un imprim\u00e9 exclusif Ohdd. L\u2019avant pr\u00e9sente une poche ext\u00e9rieure avec zip logot\u00e9, tandis que l\u2019int\u00e9rieur est doubl\u00e9 dans le m\u00eame tissu et dot\u00e9 d\u2019une poche. Le sac se ferme sur le devant par une petite fermeture \u00e9clair appliqu\u00e9e sur une bande de tissu, et est compl\u00e9t\u00e9 par des anses en cuir rouge.<\/p>\n<p>Dimensions : 23 x 23 x 11 cm &#8211; anses : 16 cm<\/p>\n<p>Composition : 90 % coton \u2013 10 % cuir<\/p>\n<p>Cet article a \u00e9t\u00e9 con\u00e7u et produit \u00e0 100 % en Italie.<\/p>\n","protected":false},"excerpt":{"rendered":"<p>Sac \u00e0 main en pur coton effet denim \u00e0 base rectangulaire, enrichi d\u2019appliqu\u00e9s en cuir rouge avec coutures apparentes et<\/p>\n","protected":false},"featured_media":271251,"comment_status":"open","ping_status":"closed","template":"","meta":{"postBodyCss":"","postBodyMargin":[],"postBodyPadding":[],"postBodyBackground":{"backgroundType":"classic","gradient":""},"enableOnePageScrollInPage":false,"onePageScrollCss":"","onePageScrollSpeed":1000,"onePageScrollAnimation":"easeInOutQuad","onePageScrollShowDotNavigation":true,"onePageScrollNavigation":"scaleUp","onePageScrollNavigationPosition":"right","onePageScrollNavigationHorizontal":[],"onePageScrollNavigationVertical":[],"onePageScrollNavigationSpacing":[],"onePageScrollNavigationColor":"#00ff0d","onePageScrollNavigationColorHover":"#00ff0d","onePageScrollNavigationColorActive":"#00ff0d","onePageScrollNavigationIcon":[],"onePageScrollNavigationWidth":[],"onePageScrollNavigationWidthHover":[],"onePageScrollNavigationWidthActive":[],"onePageScrollNavigationHeight":[],"onePageScrollNavigationHeightHover":[],"onePageScrollNavigationHeightActive":[],"onePageScrollNavigationBorder":[],"onePageScrollNavigationBorderHover":[],"onePageScrollNavigationBorderActive":[],"onePageScrollNavigationBorderRadius":[],"onePageScrollNavigationBorderRadiusHover":[],"onePageScrollNavigationBorderRadiusActive":[],"onePageScrollNavigationTooltipTypography":[],"onePageScrollNavigationTooltipColor":"#ffffff","onePageScrollNavigationTooltipColorHover":"","onePageScrollNavigationTooltipBgColor":"#00ff0d","onePageScrollNavigationTooltipBgColorHover":"","onePageScrollNavigationTooltipPadding":[],"onePageScrollNavigationTooltipPaddingHover":[],"onePageScrollNavigationTooltipBorderRadius":[],"onePageScrollNavigationTooltipBorderRadiusHover":[],"pageSettingsCustomCss":""},"product_brand":[353],"product_cat":[262,295,265],"product_tag":[],"class_list":{"0":"post-272443","1":"product","2":"type-product","3":"status-publish","4":"has-post-thumbnail","6":"product_brand-ohdd","7":"product_cat-accessoires-2","8":"product_cat-ohdd","9":"product_cat-sacs","11":"first","12":"instock","13":"sale","14":"taxable","15":"shipping-taxable","16":"purchasable","17":"product-type-simple"},"jetpack_sharing_enabled":true,"_links":{"self":[{"href":"https:\/\/www.savethequeen.it\/fr\/wp-json\/wp\/v2\/product\/272443","targetHints":{"allow":["GET"]}}],"collection":[{"href":"https:\/\/www.savethequeen.it\/fr\/wp-json\/wp\/v2\/product"}],"about":[{"href":"https:\/\/www.savethequeen.it\/fr\/wp-json\/wp\/v2\/types\/product"}],"replies":[{"embeddable":true,"href":"https:\/\/www.savethequeen.it\/fr\/wp-json\/wp\/v2\/comments?post=272443"}],"wp:featuredmedia":[{"embeddable":true,"href":"https:\/\/www.savethequeen.it\/fr\/wp-json\/wp\/v2\/media\/271251"}],"wp:attachment":[{"href":"https:\/\/www.savethequeen.it\/fr\/wp-json\/wp\/v2\/media?parent=272443"}],"wp:term":[{"taxonomy":"product_brand","embeddable":true,"href":"https:\/\/www.savethequeen.it\/fr\/wp-json\/wp\/v2\/product_brand?post=272443"},{"taxonomy":"product_cat","embeddable":true,"href":"https:\/\/www.savethequeen.it\/fr\/wp-json\/wp\/v2\/product_cat?post=272443"},{"taxonomy":"product_tag","embeddable":true,"href":"https:\/\/www.savethequeen.it\/fr\/wp-json\/wp\/v2\/product_tag?post=272443"}],"curies":[{"name":"wp","href":"https:\/\/api.w.org\/{rel}","templated":true}]}}