{"id":272441,"date":"2026-03-01T18:01:10","date_gmt":"2026-03-01T17:01:10","guid":{"rendered":"https:\/\/www.savethequeen.it\/stq\/index.php\/prodotto\/sac-a-epaule-multicolore-en-coton-avec-applications\/"},"modified":"2026-03-01T18:01:10","modified_gmt":"2026-03-01T17:01:10","slug":"sac-a-epaule-multicolore-en-coton-avec-applications","status":"publish","type":"product","link":"https:\/\/www.savethequeen.it\/fr\/prodotto\/sac-a-epaule-multicolore-en-coton-avec-applications\/","title":{"rendered":"Sac \u00e0 \u00e9paule multicolore en coton avec applications"},"content":{"rendered":"<p>Sac \u00e0 \u00e9paule en coton avec base rectangulaire en cuir v\u00e9ritable vert vieilli, agr\u00e9ment\u00e9 sur le devant d\u2019applications de rubans \u00e0 rayures multicolores avec coutures apparentes et logo Ohdd. La partie arri\u00e8re est r\u00e9alis\u00e9e en coton bleu ciel. Fermeture par zip. La poign\u00e9e est form\u00e9e d\u2019une bande multicolore \u00e9lastiqu\u00e9e.<\/p>\n<p>&nbsp;<\/p>\n<p>Dimensions : 30 x 30 x 10 cm &#8211; poign\u00e9e : 30 cm<\/p>\n<p>&nbsp;<\/p>\n<p>Cet article a \u00e9t\u00e9 con\u00e7u et produit \u00e0 100 % en Italie.<\/p>\n","protected":false},"excerpt":{"rendered":"<p>Sac \u00e0 \u00e9paule en coton avec base rectangulaire en cuir v\u00e9ritable vert vieilli, agr\u00e9ment\u00e9 sur le devant d\u2019applications de rubans<\/p>\n","protected":false},"featured_media":271259,"comment_status":"open","ping_status":"closed","template":"","meta":{"postBodyCss":"","postBodyMargin":[],"postBodyPadding":[],"postBodyBackground":{"backgroundType":"classic","gradient":""},"enableOnePageScrollInPage":false,"onePageScrollCss":"","onePageScrollSpeed":1000,"onePageScrollAnimation":"easeInOutQuad","onePageScrollShowDotNavigation":true,"onePageScrollNavigation":"scaleUp","onePageScrollNavigationPosition":"right","onePageScrollNavigationHorizontal":[],"onePageScrollNavigationVertical":[],"onePageScrollNavigationSpacing":[],"onePageScrollNavigationColor":"#00ff0d","onePageScrollNavigationColorHover":"#00ff0d","onePageScrollNavigationColorActive":"#00ff0d","onePageScrollNavigationIcon":[],"onePageScrollNavigationWidth":[],"onePageScrollNavigationWidthHover":[],"onePageScrollNavigationWidthActive":[],"onePageScrollNavigationHeight":[],"onePageScrollNavigationHeightHover":[],"onePageScrollNavigationHeightActive":[],"onePageScrollNavigationBorder":[],"onePageScrollNavigationBorderHover":[],"onePageScrollNavigationBorderActive":[],"onePageScrollNavigationBorderRadius":[],"onePageScrollNavigationBorderRadiusHover":[],"onePageScrollNavigationBorderRadiusActive":[],"onePageScrollNavigationTooltipTypography":[],"onePageScrollNavigationTooltipColor":"#ffffff","onePageScrollNavigationTooltipColorHover":"","onePageScrollNavigationTooltipBgColor":"#00ff0d","onePageScrollNavigationTooltipBgColorHover":"","onePageScrollNavigationTooltipPadding":[],"onePageScrollNavigationTooltipPaddingHover":[],"onePageScrollNavigationTooltipBorderRadius":[],"onePageScrollNavigationTooltipBorderRadiusHover":[],"pageSettingsCustomCss":""},"product_brand":[],"product_cat":[262,295,265],"product_tag":[],"class_list":{"0":"post-272441","1":"product","2":"type-product","3":"status-publish","4":"has-post-thumbnail","6":"product_cat-accessoires-2","7":"product_cat-ohdd","8":"product_cat-sacs","10":"first","11":"instock","12":"sale","13":"taxable","14":"shipping-taxable","15":"purchasable","16":"product-type-simple"},"jetpack_sharing_enabled":true,"_links":{"self":[{"href":"https:\/\/www.savethequeen.it\/fr\/wp-json\/wp\/v2\/product\/272441","targetHints":{"allow":["GET"]}}],"collection":[{"href":"https:\/\/www.savethequeen.it\/fr\/wp-json\/wp\/v2\/product"}],"about":[{"href":"https:\/\/www.savethequeen.it\/fr\/wp-json\/wp\/v2\/types\/product"}],"replies":[{"embeddable":true,"href":"https:\/\/www.savethequeen.it\/fr\/wp-json\/wp\/v2\/comments?post=272441"}],"wp:featuredmedia":[{"embeddable":true,"href":"https:\/\/www.savethequeen.it\/fr\/wp-json\/wp\/v2\/media\/271259"}],"wp:attachment":[{"href":"https:\/\/www.savethequeen.it\/fr\/wp-json\/wp\/v2\/media?parent=272441"}],"wp:term":[{"taxonomy":"product_brand","embeddable":true,"href":"https:\/\/www.savethequeen.it\/fr\/wp-json\/wp\/v2\/product_brand?post=272441"},{"taxonomy":"product_cat","embeddable":true,"href":"https:\/\/www.savethequeen.it\/fr\/wp-json\/wp\/v2\/product_cat?post=272441"},{"taxonomy":"product_tag","embeddable":true,"href":"https:\/\/www.savethequeen.it\/fr\/wp-json\/wp\/v2\/product_tag?post=272441"}],"curies":[{"name":"wp","href":"https:\/\/api.w.org\/{rel}","templated":true}]}}