{"id":272367,"date":"2026-03-01T18:35:18","date_gmt":"2026-03-01T17:35:18","guid":{"rendered":"https:\/\/www.savethequeen.it\/stq\/index.php\/prodotto\/sac-a-main-bleu-denim-en-coton-avec-anses-anneaux-en-cuir-veritable\/"},"modified":"2026-03-01T18:35:18","modified_gmt":"2026-03-01T17:35:18","slug":"sac-a-main-bleu-denim-en-coton-avec-anses-anneaux-en-cuir-veritable","status":"publish","type":"product","link":"https:\/\/www.savethequeen.it\/fr\/prodotto\/sac-a-main-bleu-denim-en-coton-avec-anses-anneaux-en-cuir-veritable\/","title":{"rendered":"Sac \u00e0 main bleu denim en coton avec anses anneaux en cuir v\u00e9ritable"},"content":{"rendered":"<p>Sac \u00e0 main en coton bleu effet denim, dot\u00e9 d\u2019anses anneaux en cuir v\u00e9ritable jaune p\u00e2le, rehauss\u00e9es de surpiq\u00fbres contrast\u00e9es rouges et bleues. L\u2019int\u00e9rieur est doubl\u00e9 en coton vert. La pi\u00e8ce est compl\u00e9t\u00e9e par un imprim\u00e9 exclusif Ohdd sur les deux faces et, sur un c\u00f4t\u00e9, par des applications en cuir de la m\u00eame couleur que les anses et en turquoise, surpiqu\u00e9es de coutures bleues, pour un d\u00e9tail textur\u00e9 et distinctif.<\/p>\n<p>Dimensions :<br \/>\nDiam\u00e8tre ext\u00e9rieur des anses : 21 cm<br \/>\nHauteur totale : 60 cm<br \/>\nLargeur : 30 cm<br \/>\nProfondeur \u00e0 la base : 10 cm<\/p>\n<p>&nbsp;<\/p>\n<p>Cet article a \u00e9t\u00e9 con\u00e7u et produit \u00e0 100 % en Italie.<\/p>\n","protected":false},"excerpt":{"rendered":"<p>Sac \u00e0 main en coton bleu effet denim, dot\u00e9 d\u2019anses anneaux en cuir v\u00e9ritable jaune p\u00e2le, rehauss\u00e9es de surpiq\u00fbres contrast\u00e9es<\/p>\n","protected":false},"featured_media":277282,"comment_status":"open","ping_status":"closed","template":"","meta":{"postBodyCss":"","postBodyMargin":[],"postBodyPadding":[],"postBodyBackground":{"backgroundType":"classic","gradient":""},"enableOnePageScrollInPage":false,"onePageScrollCss":"","onePageScrollSpeed":1000,"onePageScrollAnimation":"easeInOutQuad","onePageScrollShowDotNavigation":true,"onePageScrollNavigation":"scaleUp","onePageScrollNavigationPosition":"right","onePageScrollNavigationHorizontal":[],"onePageScrollNavigationVertical":[],"onePageScrollNavigationSpacing":[],"onePageScrollNavigationColor":"#00ff0d","onePageScrollNavigationColorHover":"#00ff0d","onePageScrollNavigationColorActive":"#00ff0d","onePageScrollNavigationIcon":[],"onePageScrollNavigationWidth":[],"onePageScrollNavigationWidthHover":[],"onePageScrollNavigationWidthActive":[],"onePageScrollNavigationHeight":[],"onePageScrollNavigationHeightHover":[],"onePageScrollNavigationHeightActive":[],"onePageScrollNavigationBorder":[],"onePageScrollNavigationBorderHover":[],"onePageScrollNavigationBorderActive":[],"onePageScrollNavigationBorderRadius":[],"onePageScrollNavigationBorderRadiusHover":[],"onePageScrollNavigationBorderRadiusActive":[],"onePageScrollNavigationTooltipTypography":[],"onePageScrollNavigationTooltipColor":"#ffffff","onePageScrollNavigationTooltipColorHover":"","onePageScrollNavigationTooltipBgColor":"#00ff0d","onePageScrollNavigationTooltipBgColorHover":"","onePageScrollNavigationTooltipPadding":[],"onePageScrollNavigationTooltipPaddingHover":[],"onePageScrollNavigationTooltipBorderRadius":[],"onePageScrollNavigationTooltipBorderRadiusHover":[],"pageSettingsCustomCss":""},"product_brand":[353],"product_cat":[262,295,265],"product_tag":[],"class_list":{"0":"post-272367","1":"product","2":"type-product","3":"status-publish","4":"has-post-thumbnail","6":"product_brand-ohdd","7":"product_cat-accessoires-2","8":"product_cat-ohdd","9":"product_cat-sacs","11":"first","12":"instock","13":"sale","14":"taxable","15":"shipping-taxable","16":"purchasable","17":"product-type-simple"},"jetpack_sharing_enabled":true,"_links":{"self":[{"href":"https:\/\/www.savethequeen.it\/fr\/wp-json\/wp\/v2\/product\/272367","targetHints":{"allow":["GET"]}}],"collection":[{"href":"https:\/\/www.savethequeen.it\/fr\/wp-json\/wp\/v2\/product"}],"about":[{"href":"https:\/\/www.savethequeen.it\/fr\/wp-json\/wp\/v2\/types\/product"}],"replies":[{"embeddable":true,"href":"https:\/\/www.savethequeen.it\/fr\/wp-json\/wp\/v2\/comments?post=272367"}],"wp:featuredmedia":[{"embeddable":true,"href":"https:\/\/www.savethequeen.it\/fr\/wp-json\/wp\/v2\/media\/277282"}],"wp:attachment":[{"href":"https:\/\/www.savethequeen.it\/fr\/wp-json\/wp\/v2\/media?parent=272367"}],"wp:term":[{"taxonomy":"product_brand","embeddable":true,"href":"https:\/\/www.savethequeen.it\/fr\/wp-json\/wp\/v2\/product_brand?post=272367"},{"taxonomy":"product_cat","embeddable":true,"href":"https:\/\/www.savethequeen.it\/fr\/wp-json\/wp\/v2\/product_cat?post=272367"},{"taxonomy":"product_tag","embeddable":true,"href":"https:\/\/www.savethequeen.it\/fr\/wp-json\/wp\/v2\/product_tag?post=272367"}],"curies":[{"name":"wp","href":"https:\/\/api.w.org\/{rel}","templated":true}]}}