{"id":272320,"date":"2026-03-01T21:48:26","date_gmt":"2026-03-01T20:48:26","guid":{"rendered":"https:\/\/www.savethequeen.it\/stq\/index.php\/prodotto\/ceinture-en-cuir-veritable-avec-boutons-emailles-et-maxi-boucle-siglee\/"},"modified":"2026-03-01T21:48:26","modified_gmt":"2026-03-01T20:48:26","slug":"ceinture-en-cuir-veritable-avec-boutons-emailles-et-maxi-boucle-siglee","status":"publish","type":"product","link":"https:\/\/www.savethequeen.it\/fr\/prodotto\/ceinture-en-cuir-veritable-avec-boutons-emailles-et-maxi-boucle-siglee\/","title":{"rendered":"Ceinture en cuir v\u00e9ritable avec boutons \u00e9maill\u00e9s et maxi boucle sigl\u00e9e"},"content":{"rendered":"<p>Ceinture en cuir v\u00e9ritable marron avec finition effet vieilli, rehauss\u00e9e de surpiq\u00fbres ton sur ton qui en d\u00e9finissent le profil.<br \/>\nLe design est enrichi de 25 boutons en m\u00e9tal zamak \u00e9maill\u00e9s dans diff\u00e9rentes tonalit\u00e9s, fix\u00e9s avec des rubans de cuir qui rappellent l&rsquo;effet \u00ab cousu \u00bb artisanal.<br \/>\nMaxi boucle en m\u00e9tal avec finition effet griff\u00e9 et logo, pour une touche audacieuse et contemporaine.<\/p>\n<p>Cet article a \u00e9t\u00e9 con\u00e7u et produit \u00e0 100 % en Italie.<\/p>\n","protected":false},"excerpt":{"rendered":"<p>Ceinture en cuir v\u00e9ritable marron avec finition effet vieilli, rehauss\u00e9e de surpiq\u00fbres ton sur ton qui en d\u00e9finissent le profil.<\/p>\n","protected":false},"featured_media":272311,"comment_status":"open","ping_status":"closed","template":"","meta":{"postBodyCss":"","postBodyMargin":[],"postBodyPadding":[],"postBodyBackground":{"backgroundType":"classic","gradient":""},"enableOnePageScrollInPage":false,"onePageScrollCss":"","onePageScrollSpeed":1000,"onePageScrollAnimation":"easeInOutQuad","onePageScrollShowDotNavigation":true,"onePageScrollNavigation":"scaleUp","onePageScrollNavigationPosition":"right","onePageScrollNavigationHorizontal":[],"onePageScrollNavigationVertical":[],"onePageScrollNavigationSpacing":[],"onePageScrollNavigationColor":"#00ff0d","onePageScrollNavigationColorHover":"#00ff0d","onePageScrollNavigationColorActive":"#00ff0d","onePageScrollNavigationIcon":[],"onePageScrollNavigationWidth":[],"onePageScrollNavigationWidthHover":[],"onePageScrollNavigationWidthActive":[],"onePageScrollNavigationHeight":[],"onePageScrollNavigationHeightHover":[],"onePageScrollNavigationHeightActive":[],"onePageScrollNavigationBorder":[],"onePageScrollNavigationBorderHover":[],"onePageScrollNavigationBorderActive":[],"onePageScrollNavigationBorderRadius":[],"onePageScrollNavigationBorderRadiusHover":[],"onePageScrollNavigationBorderRadiusActive":[],"onePageScrollNavigationTooltipTypography":[],"onePageScrollNavigationTooltipColor":"#ffffff","onePageScrollNavigationTooltipColorHover":"","onePageScrollNavigationTooltipBgColor":"#00ff0d","onePageScrollNavigationTooltipBgColorHover":"","onePageScrollNavigationTooltipPadding":[],"onePageScrollNavigationTooltipPaddingHover":[],"onePageScrollNavigationTooltipBorderRadius":[],"onePageScrollNavigationTooltipBorderRadiusHover":[],"pageSettingsCustomCss":""},"product_brand":[355],"product_cat":[262,273,298],"product_tag":[],"class_list":{"0":"post-272320","1":"product","2":"type-product","3":"status-publish","4":"has-post-thumbnail","6":"product_brand-save-the-queen","7":"product_cat-accessoires-2","8":"product_cat-ceintures","9":"product_cat-stq","10":"pa_vestibilita-regular","12":"first","13":"instock","14":"sale","15":"taxable","16":"shipping-taxable","17":"purchasable","18":"product-type-variable"},"jetpack_sharing_enabled":true,"_links":{"self":[{"href":"https:\/\/www.savethequeen.it\/fr\/wp-json\/wp\/v2\/product\/272320","targetHints":{"allow":["GET"]}}],"collection":[{"href":"https:\/\/www.savethequeen.it\/fr\/wp-json\/wp\/v2\/product"}],"about":[{"href":"https:\/\/www.savethequeen.it\/fr\/wp-json\/wp\/v2\/types\/product"}],"replies":[{"embeddable":true,"href":"https:\/\/www.savethequeen.it\/fr\/wp-json\/wp\/v2\/comments?post=272320"}],"wp:featuredmedia":[{"embeddable":true,"href":"https:\/\/www.savethequeen.it\/fr\/wp-json\/wp\/v2\/media\/272311"}],"wp:attachment":[{"href":"https:\/\/www.savethequeen.it\/fr\/wp-json\/wp\/v2\/media?parent=272320"}],"wp:term":[{"taxonomy":"product_brand","embeddable":true,"href":"https:\/\/www.savethequeen.it\/fr\/wp-json\/wp\/v2\/product_brand?post=272320"},{"taxonomy":"product_cat","embeddable":true,"href":"https:\/\/www.savethequeen.it\/fr\/wp-json\/wp\/v2\/product_cat?post=272320"},{"taxonomy":"product_tag","embeddable":true,"href":"https:\/\/www.savethequeen.it\/fr\/wp-json\/wp\/v2\/product_tag?post=272320"}],"curies":[{"name":"wp","href":"https:\/\/api.w.org\/{rel}","templated":true}]}}