{"id":272284,"date":"2026-03-01T21:58:31","date_gmt":"2026-03-01T20:58:31","guid":{"rendered":"https:\/\/www.savethequeen.it\/stq\/index.php\/prodotto\/mini-sac-en-cuir-suede-veritable-avec-ceinture-et-bandouliere\/"},"modified":"2026-03-01T21:58:31","modified_gmt":"2026-03-01T20:58:31","slug":"mini-sac-en-cuir-suede-veritable-avec-ceinture-et-bandouliere","status":"publish","type":"product","link":"https:\/\/www.savethequeen.it\/fr\/prodotto\/mini-sac-en-cuir-suede-veritable-avec-ceinture-et-bandouliere\/","title":{"rendered":"Mini sac en cuir su\u00e9d\u00e9 v\u00e9ritable avec ceinture et bandouli\u00e8re"},"content":{"rendered":"<p>Petit sac en cuir su\u00e9d\u00e9 v\u00e9ritable couleur tabac avec franges, rehauss\u00e9 de surpiq\u00fbres rouges, vertes et beiges qui en dessinent le profil. Des plumes multicolores et une application en m\u00e9tal \u00e9maill\u00e9 repr\u00e9sentant le visage d&rsquo;un chef indien accentuent son caract\u00e8re western.<br \/>\nIl peut \u00eatre port\u00e9 comme sac \u00e0 main, gr\u00e2ce \u00e0 la bandouli\u00e8re fixable sur les c\u00f4t\u00e9s avec deux mousquetons en m\u00e9tal bruni, ou comme banane en passant la ceinture dans la passant pr\u00e9vu au dos. La bandouli\u00e8re et la ceinture sont r\u00e9alis\u00e9es dans le m\u00eame su\u00e8de que le sac. La ceinture reprend les surpiq\u00fbres du sac et est enrichie de petits clous m\u00e9talliques \u00e9maill\u00e9s de diff\u00e9rentes couleurs. La boucle est en m\u00e9tal avec finition effet griff\u00e9 et logo grav\u00e9, pour une touche audacieuse et raffin\u00e9e.<\/p>\n<p>&nbsp;<\/p>\n<p>Cet article a \u00e9t\u00e9 con\u00e7u et produit \u00e0 100 % en Italie.<\/p>\n","protected":false},"excerpt":{"rendered":"<p>Petit sac en cuir su\u00e9d\u00e9 v\u00e9ritable couleur tabac avec franges, rehauss\u00e9 de surpiq\u00fbres rouges, vertes et beiges qui en dessinent<\/p>\n","protected":false},"featured_media":272277,"comment_status":"open","ping_status":"closed","template":"","meta":{"postBodyCss":"","postBodyMargin":[],"postBodyPadding":[],"postBodyBackground":{"backgroundType":"classic","gradient":""},"enableOnePageScrollInPage":false,"onePageScrollCss":"","onePageScrollSpeed":1000,"onePageScrollAnimation":"easeInOutQuad","onePageScrollShowDotNavigation":true,"onePageScrollNavigation":"scaleUp","onePageScrollNavigationPosition":"right","onePageScrollNavigationHorizontal":[],"onePageScrollNavigationVertical":[],"onePageScrollNavigationSpacing":[],"onePageScrollNavigationColor":"#00ff0d","onePageScrollNavigationColorHover":"#00ff0d","onePageScrollNavigationColorActive":"#00ff0d","onePageScrollNavigationIcon":[],"onePageScrollNavigationWidth":[],"onePageScrollNavigationWidthHover":[],"onePageScrollNavigationWidthActive":[],"onePageScrollNavigationHeight":[],"onePageScrollNavigationHeightHover":[],"onePageScrollNavigationHeightActive":[],"onePageScrollNavigationBorder":[],"onePageScrollNavigationBorderHover":[],"onePageScrollNavigationBorderActive":[],"onePageScrollNavigationBorderRadius":[],"onePageScrollNavigationBorderRadiusHover":[],"onePageScrollNavigationBorderRadiusActive":[],"onePageScrollNavigationTooltipTypography":[],"onePageScrollNavigationTooltipColor":"#ffffff","onePageScrollNavigationTooltipColorHover":"","onePageScrollNavigationTooltipBgColor":"#00ff0d","onePageScrollNavigationTooltipBgColorHover":"","onePageScrollNavigationTooltipPadding":[],"onePageScrollNavigationTooltipPaddingHover":[],"onePageScrollNavigationTooltipBorderRadius":[],"onePageScrollNavigationTooltipBorderRadiusHover":[],"pageSettingsCustomCss":""},"product_brand":[355],"product_cat":[262,273,265,298],"product_tag":[],"class_list":{"0":"post-272284","1":"product","2":"type-product","3":"status-publish","4":"has-post-thumbnail","6":"product_brand-save-the-queen","7":"product_cat-accessoires-2","8":"product_cat-ceintures","9":"product_cat-sacs","10":"product_cat-stq","11":"pa_vestibilita-regular","13":"first","14":"instock","15":"sale","16":"taxable","17":"shipping-taxable","18":"purchasable","19":"product-type-variable"},"jetpack_sharing_enabled":true,"_links":{"self":[{"href":"https:\/\/www.savethequeen.it\/fr\/wp-json\/wp\/v2\/product\/272284","targetHints":{"allow":["GET"]}}],"collection":[{"href":"https:\/\/www.savethequeen.it\/fr\/wp-json\/wp\/v2\/product"}],"about":[{"href":"https:\/\/www.savethequeen.it\/fr\/wp-json\/wp\/v2\/types\/product"}],"replies":[{"embeddable":true,"href":"https:\/\/www.savethequeen.it\/fr\/wp-json\/wp\/v2\/comments?post=272284"}],"wp:featuredmedia":[{"embeddable":true,"href":"https:\/\/www.savethequeen.it\/fr\/wp-json\/wp\/v2\/media\/272277"}],"wp:attachment":[{"href":"https:\/\/www.savethequeen.it\/fr\/wp-json\/wp\/v2\/media?parent=272284"}],"wp:term":[{"taxonomy":"product_brand","embeddable":true,"href":"https:\/\/www.savethequeen.it\/fr\/wp-json\/wp\/v2\/product_brand?post=272284"},{"taxonomy":"product_cat","embeddable":true,"href":"https:\/\/www.savethequeen.it\/fr\/wp-json\/wp\/v2\/product_cat?post=272284"},{"taxonomy":"product_tag","embeddable":true,"href":"https:\/\/www.savethequeen.it\/fr\/wp-json\/wp\/v2\/product_tag?post=272284"}],"curies":[{"name":"wp","href":"https:\/\/api.w.org\/{rel}","templated":true}]}}