{"id":272169,"date":"2026-03-01T22:34:52","date_gmt":"2026-03-01T21:34:52","guid":{"rendered":"https:\/\/www.savethequeen.it\/stq\/index.php\/prodotto\/foulard-en-crepon-de-soie-avec-ourlet-roulotte-et-imprime\/"},"modified":"2026-03-01T22:34:52","modified_gmt":"2026-03-01T21:34:52","slug":"foulard-en-crepon-de-soie-avec-ourlet-roulotte-et-imprime","status":"publish","type":"product","link":"https:\/\/www.savethequeen.it\/fr\/prodotto\/foulard-en-crepon-de-soie-avec-ourlet-roulotte-et-imprime\/","title":{"rendered":"Foulard en cr\u00e9pon de soie avec ourlet roulott\u00e9 et imprim\u00e9"},"content":{"rendered":"<p>Foulard en pr\u00e9cieux cr\u00e9pon de soie dans les tons turquoise, fini avec un ourlet roulott\u00e9 \u00e0 la main et agr\u00e9ment\u00e9 d\u2019un imprim\u00e9 exclusif Save the Queen dans les tons ros\u00e9s.<\/p>\n<p>Dimensions : 90 x 90 cm<\/p>\n<p>Cet article a \u00e9t\u00e9 con\u00e7u et fabriqu\u00e9 \u00e0 100 % en Italie.<\/p>\n","protected":false},"excerpt":{"rendered":"<p>Foulard en pr\u00e9cieux cr\u00e9pon de soie dans les tons turquoise, fini avec un ourlet roulott\u00e9 \u00e0 la main et agr\u00e9ment\u00e9<\/p>\n","protected":false},"featured_media":272163,"comment_status":"open","ping_status":"closed","template":"","meta":{"postBodyCss":"","postBodyMargin":[],"postBodyPadding":[],"postBodyBackground":{"backgroundType":"classic","gradient":""},"enableOnePageScrollInPage":false,"onePageScrollCss":"","onePageScrollSpeed":1000,"onePageScrollAnimation":"easeInOutQuad","onePageScrollShowDotNavigation":true,"onePageScrollNavigation":"scaleUp","onePageScrollNavigationPosition":"right","onePageScrollNavigationHorizontal":[],"onePageScrollNavigationVertical":[],"onePageScrollNavigationSpacing":[],"onePageScrollNavigationColor":"#00ff0d","onePageScrollNavigationColorHover":"#00ff0d","onePageScrollNavigationColorActive":"#00ff0d","onePageScrollNavigationIcon":[],"onePageScrollNavigationWidth":[],"onePageScrollNavigationWidthHover":[],"onePageScrollNavigationWidthActive":[],"onePageScrollNavigationHeight":[],"onePageScrollNavigationHeightHover":[],"onePageScrollNavigationHeightActive":[],"onePageScrollNavigationBorder":[],"onePageScrollNavigationBorderHover":[],"onePageScrollNavigationBorderActive":[],"onePageScrollNavigationBorderRadius":[],"onePageScrollNavigationBorderRadiusHover":[],"onePageScrollNavigationBorderRadiusActive":[],"onePageScrollNavigationTooltipTypography":[],"onePageScrollNavigationTooltipColor":"#ffffff","onePageScrollNavigationTooltipColorHover":"","onePageScrollNavigationTooltipBgColor":"#00ff0d","onePageScrollNavigationTooltipBgColorHover":"","onePageScrollNavigationTooltipPadding":[],"onePageScrollNavigationTooltipPaddingHover":[],"onePageScrollNavigationTooltipBorderRadius":[],"onePageScrollNavigationTooltipBorderRadiusHover":[],"pageSettingsCustomCss":""},"product_brand":[355],"product_cat":[262,279,298],"product_tag":[],"class_list":{"0":"post-272169","1":"product","2":"type-product","3":"status-publish","4":"has-post-thumbnail","6":"product_brand-save-the-queen","7":"product_cat-accessoires-2","8":"product_cat-foulard","9":"product_cat-stq","11":"first","12":"instock","13":"sale","14":"taxable","15":"shipping-taxable","16":"purchasable","17":"product-type-simple"},"jetpack_sharing_enabled":true,"_links":{"self":[{"href":"https:\/\/www.savethequeen.it\/fr\/wp-json\/wp\/v2\/product\/272169","targetHints":{"allow":["GET"]}}],"collection":[{"href":"https:\/\/www.savethequeen.it\/fr\/wp-json\/wp\/v2\/product"}],"about":[{"href":"https:\/\/www.savethequeen.it\/fr\/wp-json\/wp\/v2\/types\/product"}],"replies":[{"embeddable":true,"href":"https:\/\/www.savethequeen.it\/fr\/wp-json\/wp\/v2\/comments?post=272169"}],"wp:featuredmedia":[{"embeddable":true,"href":"https:\/\/www.savethequeen.it\/fr\/wp-json\/wp\/v2\/media\/272163"}],"wp:attachment":[{"href":"https:\/\/www.savethequeen.it\/fr\/wp-json\/wp\/v2\/media?parent=272169"}],"wp:term":[{"taxonomy":"product_brand","embeddable":true,"href":"https:\/\/www.savethequeen.it\/fr\/wp-json\/wp\/v2\/product_brand?post=272169"},{"taxonomy":"product_cat","embeddable":true,"href":"https:\/\/www.savethequeen.it\/fr\/wp-json\/wp\/v2\/product_cat?post=272169"},{"taxonomy":"product_tag","embeddable":true,"href":"https:\/\/www.savethequeen.it\/fr\/wp-json\/wp\/v2\/product_tag?post=272169"}],"curies":[{"name":"wp","href":"https:\/\/api.w.org\/{rel}","templated":true}]}}