{"id":272025,"date":"2026-03-03T18:44:58","date_gmt":"2026-03-03T17:44:58","guid":{"rendered":"https:\/\/www.savethequeen.it\/stq\/index.php\/prodotto\/collier-moyen-avec-pendentifs-en-pvc-imprimes-sur-le-theme-des-fruits\/"},"modified":"2026-03-03T18:44:58","modified_gmt":"2026-03-03T17:44:58","slug":"collier-moyen-avec-pendentifs-en-pvc-imprimes-sur-le-theme-des-fruits","status":"publish","type":"product","link":"https:\/\/www.savethequeen.it\/fr\/prodotto\/collier-moyen-avec-pendentifs-en-pvc-imprimes-sur-le-theme-des-fruits\/","title":{"rendered":"Collier moyen avec pendentifs en PVC imprim\u00e9s sur le th\u00e8me des fruits"},"content":{"rendered":"<p>Collier au design l\u00e9ger et ludique, r\u00e9alis\u00e9 en PVC et caract\u00e9ris\u00e9 par des logos et breloques imprim\u00e9s sur le th\u00e8me des fruits dans les tons violets. Un accessoire statement con\u00e7u pour apporter de la couleur au look et compl\u00e9ter des tenues estivales ou des ensembles de mani\u00e8re ironique et pop.<\/p>\n<p>&nbsp;<\/p>\n<p>Cet article a \u00e9t\u00e9 con\u00e7u et produit \u00e0 100 % en Italie<\/p>\n","protected":false},"excerpt":{"rendered":"<p>Collier au design l\u00e9ger et ludique, r\u00e9alis\u00e9 en PVC et caract\u00e9ris\u00e9 par des logos et breloques imprim\u00e9s sur le th\u00e8me<\/p>\n","protected":false},"featured_media":272024,"comment_status":"open","ping_status":"closed","template":"","meta":{"postBodyCss":"","postBodyMargin":[],"postBodyPadding":[],"postBodyBackground":{"backgroundType":"classic","gradient":""},"enableOnePageScrollInPage":false,"onePageScrollCss":"","onePageScrollSpeed":1000,"onePageScrollAnimation":"easeInOutQuad","onePageScrollShowDotNavigation":true,"onePageScrollNavigation":"scaleUp","onePageScrollNavigationPosition":"right","onePageScrollNavigationHorizontal":[],"onePageScrollNavigationVertical":[],"onePageScrollNavigationSpacing":[],"onePageScrollNavigationColor":"#00ff0d","onePageScrollNavigationColorHover":"#00ff0d","onePageScrollNavigationColorActive":"#00ff0d","onePageScrollNavigationIcon":[],"onePageScrollNavigationWidth":[],"onePageScrollNavigationWidthHover":[],"onePageScrollNavigationWidthActive":[],"onePageScrollNavigationHeight":[],"onePageScrollNavigationHeightHover":[],"onePageScrollNavigationHeightActive":[],"onePageScrollNavigationBorder":[],"onePageScrollNavigationBorderHover":[],"onePageScrollNavigationBorderActive":[],"onePageScrollNavigationBorderRadius":[],"onePageScrollNavigationBorderRadiusHover":[],"onePageScrollNavigationBorderRadiusActive":[],"onePageScrollNavigationTooltipTypography":[],"onePageScrollNavigationTooltipColor":"#ffffff","onePageScrollNavigationTooltipColorHover":"","onePageScrollNavigationTooltipBgColor":"#00ff0d","onePageScrollNavigationTooltipBgColorHover":"","onePageScrollNavigationTooltipPadding":[],"onePageScrollNavigationTooltipPaddingHover":[],"onePageScrollNavigationTooltipBorderRadius":[],"onePageScrollNavigationTooltipBorderRadiusHover":[],"pageSettingsCustomCss":""},"product_brand":[358],"product_cat":[262,276,298,301],"product_tag":[],"class_list":{"0":"post-272025","1":"product","2":"type-product","3":"status-publish","4":"has-post-thumbnail","6":"product_brand-sun","7":"product_cat-accessoires-2","8":"product_cat-colliers","9":"product_cat-stq","10":"product_cat-sun","12":"first","13":"instock","14":"sale","15":"taxable","16":"shipping-taxable","17":"purchasable","18":"product-type-simple"},"jetpack_sharing_enabled":true,"_links":{"self":[{"href":"https:\/\/www.savethequeen.it\/fr\/wp-json\/wp\/v2\/product\/272025","targetHints":{"allow":["GET"]}}],"collection":[{"href":"https:\/\/www.savethequeen.it\/fr\/wp-json\/wp\/v2\/product"}],"about":[{"href":"https:\/\/www.savethequeen.it\/fr\/wp-json\/wp\/v2\/types\/product"}],"replies":[{"embeddable":true,"href":"https:\/\/www.savethequeen.it\/fr\/wp-json\/wp\/v2\/comments?post=272025"}],"wp:featuredmedia":[{"embeddable":true,"href":"https:\/\/www.savethequeen.it\/fr\/wp-json\/wp\/v2\/media\/272024"}],"wp:attachment":[{"href":"https:\/\/www.savethequeen.it\/fr\/wp-json\/wp\/v2\/media?parent=272025"}],"wp:term":[{"taxonomy":"product_brand","embeddable":true,"href":"https:\/\/www.savethequeen.it\/fr\/wp-json\/wp\/v2\/product_brand?post=272025"},{"taxonomy":"product_cat","embeddable":true,"href":"https:\/\/www.savethequeen.it\/fr\/wp-json\/wp\/v2\/product_cat?post=272025"},{"taxonomy":"product_tag","embeddable":true,"href":"https:\/\/www.savethequeen.it\/fr\/wp-json\/wp\/v2\/product_tag?post=272025"}],"curies":[{"name":"wp","href":"https:\/\/api.w.org\/{rel}","templated":true}]}}